{"id":5468,"date":"2019-10-10T18:05:00","date_gmt":"2019-10-10T18:05:00","guid":{"rendered":"http:\/\/fineshelf.com\/?page_id=5468"},"modified":"2022-04-15T21:57:04","modified_gmt":"2022-04-15T21:57:04","slug":"barn","status":"publish","type":"page","link":"https:\/\/fineshelf.com\/sv\/presenter\/barn\/","title":{"rendered":"Presenter till Barn"},"content":{"rendered":"\n<p>Att ge en present till ett barn \u00e4r bland den b\u00e4sta k\u00e4nslan som finns. Det kan dock vara sv\u00e5rt att veta vilken typ av present som passar vilken \u00e5lder. Vi har d\u00e4rf\u00f6r delat upp denna artikel med barnpresenter till underkategorier baserat p\u00e5 \u00e5lder. <\/p>\n\n\n\n<div style=\"background-color:#f2f2f2;color:#32373c\" class=\"wp-block-genesis-blocks-gb-profile-box square gb-has-avatar gb-font-size-18 gb-block-profile gb-profile-columns\"><div class=\"gb-profile-column gb-profile-avatar-wrap\"><div class=\"gb-profile-image-wrap\"><figure class=\"gb-profile-image-square\"><img loading=\"lazy\" decoding=\"async\" width=\"800\" height=\"800\" class=\"gb-profile-avatar wp-image-5501\" src=\"http:\/\/fineshelf.com\/wp-content\/uploads\/2019\/12\/2-Lexington-Nallebjo\u0308rn-i-pyjamas-1.jpg\" alt=\"Present fr\u00e5n 2 \u00e5r: Gosig Nallebj\u00f6rn i Pyjamas fr\u00e5n Lexington\" srcset=\"https:\/\/fineshelf.com\/wp-content\/uploads\/2019\/12\/2-Lexington-Nallebjo\u0308rn-i-pyjamas-1.jpg 800w, https:\/\/fineshelf.com\/wp-content\/uploads\/2019\/12\/2-Lexington-Nallebjo\u0308rn-i-pyjamas-1-300x300.jpg 300w, https:\/\/fineshelf.com\/wp-content\/uploads\/2019\/12\/2-Lexington-Nallebjo\u0308rn-i-pyjamas-1-150x150.jpg 150w, https:\/\/fineshelf.com\/wp-content\/uploads\/2019\/12\/2-Lexington-Nallebjo\u0308rn-i-pyjamas-1-768x768.jpg 768w, https:\/\/fineshelf.com\/wp-content\/uploads\/2019\/12\/2-Lexington-Nallebjo\u0308rn-i-pyjamas-1-600x600.jpg 600w\" sizes=\"auto, (max-width: 800px) 100vw, 800px\" \/><\/figure><\/div><\/div><div class=\"gb-profile-column gb-profile-content-wrap\"><h2 class=\"gb-profile-name\" style=\"color:#32373c\"><a href=\"\/sv\/presenter\/barn\/till-2-aring\/\">Presenter till 2-\u00e5ring<\/a><\/h2><p class=\"gb-profile-title\" style=\"color:#32373c\"><\/p><div class=\"gb-profile-text\"><p>H\u00e4r finner du alla barnpresenter sorterade efter \u00e5lder: 2 \u00e5r<\/p><\/div><ul class=\"gb-social-links\"><\/ul><\/div><\/div>\n\n\n\n<div style=\"background-color:#f2f2f2;color:#32373c\" class=\"wp-block-genesis-blocks-gb-profile-box square gb-has-avatar gb-font-size-18 gb-block-profile gb-profile-columns\"><div class=\"gb-profile-column gb-profile-avatar-wrap\"><div class=\"gb-profile-image-wrap\"><figure class=\"gb-profile-image-square\"><img loading=\"lazy\" decoding=\"async\" width=\"1000\" height=\"1000\" class=\"gb-profile-avatar wp-image-5532\" src=\"http:\/\/fineshelf.com\/wp-content\/uploads\/2019\/12\/5-Teddykompaniet-Lammgunga-Gra\u030a.jpg\" alt=\"Present till 3-\u00e5ring: Teddykompaniet Lammgunga\" srcset=\"https:\/\/fineshelf.com\/wp-content\/uploads\/2019\/12\/5-Teddykompaniet-Lammgunga-Gra\u030a.jpg 1000w, https:\/\/fineshelf.com\/wp-content\/uploads\/2019\/12\/5-Teddykompaniet-Lammgunga-Gra\u030a-300x300.jpg 300w, https:\/\/fineshelf.com\/wp-content\/uploads\/2019\/12\/5-Teddykompaniet-Lammgunga-Gra\u030a-150x150.jpg 150w, https:\/\/fineshelf.com\/wp-content\/uploads\/2019\/12\/5-Teddykompaniet-Lammgunga-Gra\u030a-768x768.jpg 768w, https:\/\/fineshelf.com\/wp-content\/uploads\/2019\/12\/5-Teddykompaniet-Lammgunga-Gra\u030a-600x600.jpg 600w\" sizes=\"auto, (max-width: 1000px) 100vw, 1000px\" \/><\/figure><\/div><\/div><div class=\"gb-profile-column gb-profile-content-wrap\"><h2 class=\"gb-profile-name\" style=\"color:#32373c\"><a href=\"\/sv\/presenter\/barn\/till-3-aring\/\">Presenter till 3-\u00e5ring<\/a><\/h2><p class=\"gb-profile-title\" style=\"color:#32373c\"><\/p><div class=\"gb-profile-text\"><p>H\u00e4r finner du alla barnpresenter sorterade efter \u00e5lder: 3 \u00e5r<\/p><\/div><ul class=\"gb-social-links\"><\/ul><\/div><\/div>\n\n\n\n<div style=\"background-color:#f2f2f2;color:#32373c\" class=\"wp-block-genesis-blocks-gb-profile-box square gb-has-avatar gb-font-size-18 gb-block-profile gb-profile-columns\"><div class=\"gb-profile-column gb-profile-avatar-wrap\"><div class=\"gb-profile-image-wrap\"><figure class=\"gb-profile-image-square\"><img loading=\"lazy\" decoding=\"async\" width=\"1000\" height=\"1000\" class=\"gb-profile-avatar wp-image-5559\" src=\"http:\/\/fineshelf.com\/wp-content\/uploads\/2019\/12\/6-Kids-Concept-Ko\u0308k-NaturVit-bakgrund-2.jpg\" alt=\"Present till 5-\u00e5ring: K\u00f6k till barn\" srcset=\"https:\/\/fineshelf.com\/wp-content\/uploads\/2019\/12\/6-Kids-Concept-Ko\u0308k-NaturVit-bakgrund-2.jpg 1000w, https:\/\/fineshelf.com\/wp-content\/uploads\/2019\/12\/6-Kids-Concept-Ko\u0308k-NaturVit-bakgrund-2-300x300.jpg 300w, https:\/\/fineshelf.com\/wp-content\/uploads\/2019\/12\/6-Kids-Concept-Ko\u0308k-NaturVit-bakgrund-2-150x150.jpg 150w, https:\/\/fineshelf.com\/wp-content\/uploads\/2019\/12\/6-Kids-Concept-Ko\u0308k-NaturVit-bakgrund-2-768x768.jpg 768w, https:\/\/fineshelf.com\/wp-content\/uploads\/2019\/12\/6-Kids-Concept-Ko\u0308k-NaturVit-bakgrund-2-600x600.jpg 600w\" sizes=\"auto, (max-width: 1000px) 100vw, 1000px\" \/><\/figure><\/div><\/div><div class=\"gb-profile-column gb-profile-content-wrap\"><h2 class=\"gb-profile-name\" style=\"color:#32373c\"><a href=\"\/sv\/presenter\/barn\/till-5-aring\/\">Presenter till 5-\u00e5ring<\/a><\/h2><p class=\"gb-profile-title\" style=\"color:#32373c\"><\/p><div class=\"gb-profile-text\"><p>H\u00e4r finner du alla barnpresenter sorterade efter \u00e5lder: 5 \u00e5r<\/p><\/div><ul class=\"gb-social-links\"><\/ul><\/div><\/div>\n\n\n\n<div style=\"background-color:#f2f2f2;color:#32373c\" class=\"wp-block-genesis-blocks-gb-profile-box square gb-has-avatar gb-font-size-18 gb-block-profile gb-profile-columns\"><div class=\"gb-profile-column gb-profile-avatar-wrap\"><div class=\"gb-profile-image-wrap\"><figure class=\"gb-profile-image-square\"><img loading=\"lazy\" decoding=\"async\" width=\"1000\" height=\"1000\" class=\"gb-profile-avatar wp-image-5571\" src=\"http:\/\/fineshelf.com\/wp-content\/uploads\/2019\/12\/1-Kids-Concept-Tipita\u0308lt-Gra\u030a-transparent.jpg\" alt=\"Presenttips till 6-\u00e5ring: Tipit\u00e4lt\" srcset=\"https:\/\/fineshelf.com\/wp-content\/uploads\/2019\/12\/1-Kids-Concept-Tipita\u0308lt-Gra\u030a-transparent.jpg 1000w, https:\/\/fineshelf.com\/wp-content\/uploads\/2019\/12\/1-Kids-Concept-Tipita\u0308lt-Gra\u030a-transparent-300x300.jpg 300w, https:\/\/fineshelf.com\/wp-content\/uploads\/2019\/12\/1-Kids-Concept-Tipita\u0308lt-Gra\u030a-transparent-150x150.jpg 150w, https:\/\/fineshelf.com\/wp-content\/uploads\/2019\/12\/1-Kids-Concept-Tipita\u0308lt-Gra\u030a-transparent-768x768.jpg 768w, https:\/\/fineshelf.com\/wp-content\/uploads\/2019\/12\/1-Kids-Concept-Tipita\u0308lt-Gra\u030a-transparent-600x600.jpg 600w\" sizes=\"auto, (max-width: 1000px) 100vw, 1000px\" \/><\/figure><\/div><\/div><div class=\"gb-profile-column gb-profile-content-wrap\"><h2 class=\"gb-profile-name\" style=\"color:#32373c\"><a href=\"\/sv\/presenter\/barn\/till-6-aring\/\">Presenter till 6-\u00e5ring<\/a><\/h2><p class=\"gb-profile-title\" style=\"color:#32373c\"><\/p><div class=\"gb-profile-text\"><p>H\u00e4r finner du alla barnpresenter sorterade efter \u00e5lder: 6 \u00e5r<\/p><\/div><ul class=\"gb-social-links\"><\/ul><\/div><\/div>\n\n\n\n<div style=\"background-color:#f2f2f2;color:#32373c\" class=\"wp-block-genesis-blocks-gb-profile-box square gb-has-avatar gb-font-size-18 gb-block-profile gb-profile-columns\"><div class=\"gb-profile-column gb-profile-avatar-wrap\"><div class=\"gb-profile-image-wrap\"><figure class=\"gb-profile-image-square\"><img loading=\"lazy\" decoding=\"async\" width=\"962\" height=\"962\" class=\"gb-profile-avatar wp-image-5606\" src=\"http:\/\/fineshelf.com\/wp-content\/uploads\/2019\/12\/3-Stiga-Player60-set-Ma\u030al-boll-och-klubba.jpg\" alt=\"Presenttips barn 8 \u00e5r: Bandyset med m\u00e5l, klubba och boll\" srcset=\"https:\/\/fineshelf.com\/wp-content\/uploads\/2019\/12\/3-Stiga-Player60-set-Ma\u030al-boll-och-klubba.jpg 962w, https:\/\/fineshelf.com\/wp-content\/uploads\/2019\/12\/3-Stiga-Player60-set-Ma\u030al-boll-och-klubba-300x300.jpg 300w, https:\/\/fineshelf.com\/wp-content\/uploads\/2019\/12\/3-Stiga-Player60-set-Ma\u030al-boll-och-klubba-150x150.jpg 150w, https:\/\/fineshelf.com\/wp-content\/uploads\/2019\/12\/3-Stiga-Player60-set-Ma\u030al-boll-och-klubba-768x768.jpg 768w, https:\/\/fineshelf.com\/wp-content\/uploads\/2019\/12\/3-Stiga-Player60-set-Ma\u030al-boll-och-klubba-600x600.jpg 600w\" sizes=\"auto, (max-width: 962px) 100vw, 962px\" \/><\/figure><\/div><\/div><div class=\"gb-profile-column gb-profile-content-wrap\"><h2 class=\"gb-profile-name\" style=\"color:#32373c\"><a href=\"\/sv\/presenter\/barn\/till-8-aring\/\">Presenter till 8-\u00e5ring<\/a><\/h2><p class=\"gb-profile-title\" style=\"color:#32373c\"><\/p><div class=\"gb-profile-text\"><p>H\u00e4r finner du alla barnpresenter sorterade efter \u00e5lder: 8 \u00e5r<\/p><\/div><ul class=\"gb-social-links\"><\/ul><\/div><\/div>\n","protected":false},"excerpt":{"rendered":"<p>Att ge en present till ett barn \u00e4r bland den b\u00e4sta k\u00e4nslan som finns. Det kan dock vara sv\u00e5rt att veta vilken typ av present som passar vilken \u00e5lder. Vi har d\u00e4rf\u00f6r delat upp denna artikel med barnpresenter till underkategorier baserat p\u00e5 \u00e5lder.<\/p>\n","protected":false},"author":1,"featured_media":5473,"parent":2195,"menu_order":0,"comment_status":"closed","ping_status":"closed","template":"","meta":{"_genesis_hide_title":false,"_genesis_hide_breadcrumbs":false,"_genesis_hide_singular_image":false,"_genesis_hide_footer_widgets":false,"_genesis_custom_body_class":"","_genesis_custom_post_class":"","_genesis_layout":"","footnotes":""},"class_list":{"0":"post-5468","1":"page","2":"type-page","3":"status-publish","4":"has-post-thumbnail","6":"entry"},"yoast_head":"<!-- This site is optimized with the Yoast SEO plugin v27.5 - https:\/\/yoast.com\/product\/yoast-seo-wordpress\/ -->\n<title>S\u00f6ta barnpresenter till pojke och flicka 2025 - Fineshelf<\/title>\n<meta name=\"description\" content=\"S\u00f6ker du en present till ett barn? Vi har presenter till alla \u00e5ldrar fr\u00e5n 1 till 8 \u00e5r. V\u00e4lj enkelt din barnpresent!\" \/>\n<meta name=\"robots\" content=\"index, follow, max-snippet:-1, max-image-preview:large, max-video-preview:-1\" \/>\n<link rel=\"canonical\" href=\"https:\/\/fineshelf.com\/sv\/presenter\/barn\/\" \/>\n<meta property=\"og:locale\" content=\"sv_SE\" \/>\n<meta property=\"og:type\" content=\"article\" \/>\n<meta property=\"og:title\" content=\"S\u00f6ta barnpresenter till pojke och flicka 2025 - Fineshelf\" \/>\n<meta property=\"og:description\" content=\"S\u00f6ker du en present till ett barn? Vi har presenter till alla \u00e5ldrar fr\u00e5n 1 till 8 \u00e5r. V\u00e4lj enkelt din barnpresent!\" \/>\n<meta property=\"og:url\" content=\"https:\/\/fineshelf.com\/sv\/presenter\/barn\/\" \/>\n<meta property=\"og:site_name\" content=\"Fineshelf.com\" \/>\n<meta property=\"article:modified_time\" content=\"2022-04-15T21:57:04+00:00\" \/>\n<meta property=\"og:image\" content=\"https:\/\/i0.wp.com\/fineshelf.com\/wp-content\/uploads\/2019\/12\/barnpresenter.jpg?fit=1500%2C1001&ssl=1\" \/>\n\t<meta property=\"og:image:width\" content=\"1500\" \/>\n\t<meta property=\"og:image:height\" content=\"1001\" \/>\n\t<meta property=\"og:image:type\" content=\"image\/jpeg\" \/>\n<meta name=\"twitter:card\" content=\"summary_large_image\" \/>\n<meta name=\"twitter:label1\" content=\"Ber\u00e4knad l\u00e4stid\" \/>\n\t<meta name=\"twitter:data1\" content=\"1 minut\" \/>\n<script type=\"application\/ld+json\" class=\"yoast-schema-graph\">{\"@context\":\"https:\\\/\\\/schema.org\",\"@graph\":[{\"@type\":\"WebPage\",\"@id\":\"https:\\\/\\\/fineshelf.com\\\/sv\\\/presenter\\\/barn\\\/\",\"url\":\"https:\\\/\\\/fineshelf.com\\\/sv\\\/presenter\\\/barn\\\/\",\"name\":\"S\u00f6ta barnpresenter till pojke och flicka 2025 - Fineshelf\",\"isPartOf\":{\"@id\":\"https:\\\/\\\/fineshelf.com\\\/sv\\\/#website\"},\"primaryImageOfPage\":{\"@id\":\"https:\\\/\\\/fineshelf.com\\\/sv\\\/presenter\\\/barn\\\/#primaryimage\"},\"image\":{\"@id\":\"https:\\\/\\\/fineshelf.com\\\/sv\\\/presenter\\\/barn\\\/#primaryimage\"},\"thumbnailUrl\":\"https:\\\/\\\/fineshelf.com\\\/wp-content\\\/uploads\\\/2019\\\/12\\\/barnpresenter.jpg\",\"datePublished\":\"2019-10-10T18:05:00+00:00\",\"dateModified\":\"2022-04-15T21:57:04+00:00\",\"description\":\"S\u00f6ker du en present till ett barn? Vi har presenter till alla \u00e5ldrar fr\u00e5n 1 till 8 \u00e5r. V\u00e4lj enkelt din barnpresent!\",\"breadcrumb\":{\"@id\":\"https:\\\/\\\/fineshelf.com\\\/sv\\\/presenter\\\/barn\\\/#breadcrumb\"},\"inLanguage\":\"sv-SE\",\"potentialAction\":[{\"@type\":\"ReadAction\",\"target\":[\"https:\\\/\\\/fineshelf.com\\\/sv\\\/presenter\\\/barn\\\/\"]}]},{\"@type\":\"ImageObject\",\"inLanguage\":\"sv-SE\",\"@id\":\"https:\\\/\\\/fineshelf.com\\\/sv\\\/presenter\\\/barn\\\/#primaryimage\",\"url\":\"https:\\\/\\\/fineshelf.com\\\/wp-content\\\/uploads\\\/2019\\\/12\\\/barnpresenter.jpg\",\"contentUrl\":\"https:\\\/\\\/fineshelf.com\\\/wp-content\\\/uploads\\\/2019\\\/12\\\/barnpresenter.jpg\",\"width\":1500,\"height\":1001,\"caption\":\"Presenter till barn featured bruna paket\"},{\"@type\":\"BreadcrumbList\",\"@id\":\"https:\\\/\\\/fineshelf.com\\\/sv\\\/presenter\\\/barn\\\/#breadcrumb\",\"itemListElement\":[{\"@type\":\"ListItem\",\"position\":1,\"name\":\"Home\",\"item\":\"https:\\\/\\\/fineshelf.com\\\/sv\\\/\"},{\"@type\":\"ListItem\",\"position\":2,\"name\":\"Skicka presenter\",\"item\":\"https:\\\/\\\/fineshelf.com\\\/sv\\\/presenter\\\/\"},{\"@type\":\"ListItem\",\"position\":3,\"name\":\"Presenter till Barn\"}]},{\"@type\":\"WebSite\",\"@id\":\"https:\\\/\\\/fineshelf.com\\\/sv\\\/#website\",\"url\":\"https:\\\/\\\/fineshelf.com\\\/sv\\\/\",\"name\":\"Fineshelf.com\",\"description\":\"FS\",\"publisher\":{\"@id\":\"https:\\\/\\\/fineshelf.com\\\/sv\\\/#organization\"},\"potentialAction\":[{\"@type\":\"SearchAction\",\"target\":{\"@type\":\"EntryPoint\",\"urlTemplate\":\"https:\\\/\\\/fineshelf.com\\\/sv\\\/?s={search_term_string}\"},\"query-input\":{\"@type\":\"PropertyValueSpecification\",\"valueRequired\":true,\"valueName\":\"search_term_string\"}}],\"inLanguage\":\"sv-SE\"},{\"@type\":\"Organization\",\"@id\":\"https:\\\/\\\/fineshelf.com\\\/sv\\\/#organization\",\"name\":\"Fineshelf AB\",\"url\":\"https:\\\/\\\/fineshelf.com\\\/sv\\\/\",\"logo\":{\"@type\":\"ImageObject\",\"inLanguage\":\"sv-SE\",\"@id\":\"https:\\\/\\\/fineshelf.com\\\/sv\\\/#\\\/schema\\\/logo\\\/image\\\/\",\"url\":\"https:\\\/\\\/i0.wp.com\\\/fineshelf.com\\\/wp-content\\\/uploads\\\/2022\\\/06\\\/fineshelf-logo-black-background-simple.png?fit=500%2C128&ssl=1\",\"contentUrl\":\"https:\\\/\\\/i0.wp.com\\\/fineshelf.com\\\/wp-content\\\/uploads\\\/2022\\\/06\\\/fineshelf-logo-black-background-simple.png?fit=500%2C128&ssl=1\",\"width\":500,\"height\":128,\"caption\":\"Fineshelf AB\"},\"image\":{\"@id\":\"https:\\\/\\\/fineshelf.com\\\/sv\\\/#\\\/schema\\\/logo\\\/image\\\/\"}}]}<\/script>\n<!-- \/ Yoast SEO plugin. -->","yoast_head_json":{"title":"S\u00f6ta barnpresenter till pojke och flicka 2025 - Fineshelf","description":"S\u00f6ker du en present till ett barn? Vi har presenter till alla \u00e5ldrar fr\u00e5n 1 till 8 \u00e5r. V\u00e4lj enkelt din barnpresent!","robots":{"index":"index","follow":"follow","max-snippet":"max-snippet:-1","max-image-preview":"max-image-preview:large","max-video-preview":"max-video-preview:-1"},"canonical":"https:\/\/fineshelf.com\/sv\/presenter\/barn\/","og_locale":"sv_SE","og_type":"article","og_title":"S\u00f6ta barnpresenter till pojke och flicka 2025 - Fineshelf","og_description":"S\u00f6ker du en present till ett barn? Vi har presenter till alla \u00e5ldrar fr\u00e5n 1 till 8 \u00e5r. V\u00e4lj enkelt din barnpresent!","og_url":"https:\/\/fineshelf.com\/sv\/presenter\/barn\/","og_site_name":"Fineshelf.com","article_modified_time":"2022-04-15T21:57:04+00:00","og_image":[{"width":1500,"height":1001,"url":"https:\/\/i0.wp.com\/fineshelf.com\/wp-content\/uploads\/2019\/12\/barnpresenter.jpg?fit=1500%2C1001&ssl=1","type":"image\/jpeg"}],"twitter_card":"summary_large_image","twitter_misc":{"Ber\u00e4knad l\u00e4stid":"1 minut"},"schema":{"@context":"https:\/\/schema.org","@graph":[{"@type":"WebPage","@id":"https:\/\/fineshelf.com\/sv\/presenter\/barn\/","url":"https:\/\/fineshelf.com\/sv\/presenter\/barn\/","name":"S\u00f6ta barnpresenter till pojke och flicka 2025 - Fineshelf","isPartOf":{"@id":"https:\/\/fineshelf.com\/sv\/#website"},"primaryImageOfPage":{"@id":"https:\/\/fineshelf.com\/sv\/presenter\/barn\/#primaryimage"},"image":{"@id":"https:\/\/fineshelf.com\/sv\/presenter\/barn\/#primaryimage"},"thumbnailUrl":"https:\/\/fineshelf.com\/wp-content\/uploads\/2019\/12\/barnpresenter.jpg","datePublished":"2019-10-10T18:05:00+00:00","dateModified":"2022-04-15T21:57:04+00:00","description":"S\u00f6ker du en present till ett barn? Vi har presenter till alla \u00e5ldrar fr\u00e5n 1 till 8 \u00e5r. V\u00e4lj enkelt din barnpresent!","breadcrumb":{"@id":"https:\/\/fineshelf.com\/sv\/presenter\/barn\/#breadcrumb"},"inLanguage":"sv-SE","potentialAction":[{"@type":"ReadAction","target":["https:\/\/fineshelf.com\/sv\/presenter\/barn\/"]}]},{"@type":"ImageObject","inLanguage":"sv-SE","@id":"https:\/\/fineshelf.com\/sv\/presenter\/barn\/#primaryimage","url":"https:\/\/fineshelf.com\/wp-content\/uploads\/2019\/12\/barnpresenter.jpg","contentUrl":"https:\/\/fineshelf.com\/wp-content\/uploads\/2019\/12\/barnpresenter.jpg","width":1500,"height":1001,"caption":"Presenter till barn featured bruna paket"},{"@type":"BreadcrumbList","@id":"https:\/\/fineshelf.com\/sv\/presenter\/barn\/#breadcrumb","itemListElement":[{"@type":"ListItem","position":1,"name":"Home","item":"https:\/\/fineshelf.com\/sv\/"},{"@type":"ListItem","position":2,"name":"Skicka presenter","item":"https:\/\/fineshelf.com\/sv\/presenter\/"},{"@type":"ListItem","position":3,"name":"Presenter till Barn"}]},{"@type":"WebSite","@id":"https:\/\/fineshelf.com\/sv\/#website","url":"https:\/\/fineshelf.com\/sv\/","name":"Fineshelf.com","description":"FS","publisher":{"@id":"https:\/\/fineshelf.com\/sv\/#organization"},"potentialAction":[{"@type":"SearchAction","target":{"@type":"EntryPoint","urlTemplate":"https:\/\/fineshelf.com\/sv\/?s={search_term_string}"},"query-input":{"@type":"PropertyValueSpecification","valueRequired":true,"valueName":"search_term_string"}}],"inLanguage":"sv-SE"},{"@type":"Organization","@id":"https:\/\/fineshelf.com\/sv\/#organization","name":"Fineshelf AB","url":"https:\/\/fineshelf.com\/sv\/","logo":{"@type":"ImageObject","inLanguage":"sv-SE","@id":"https:\/\/fineshelf.com\/sv\/#\/schema\/logo\/image\/","url":"https:\/\/i0.wp.com\/fineshelf.com\/wp-content\/uploads\/2022\/06\/fineshelf-logo-black-background-simple.png?fit=500%2C128&ssl=1","contentUrl":"https:\/\/i0.wp.com\/fineshelf.com\/wp-content\/uploads\/2022\/06\/fineshelf-logo-black-background-simple.png?fit=500%2C128&ssl=1","width":500,"height":128,"caption":"Fineshelf AB"},"image":{"@id":"https:\/\/fineshelf.com\/sv\/#\/schema\/logo\/image\/"}}]}},"featured_image_src":"https:\/\/fineshelf.com\/wp-content\/uploads\/2019\/12\/barnpresenter.jpg","featured_image_src_square":"https:\/\/fineshelf.com\/wp-content\/uploads\/2019\/12\/barnpresenter.jpg","_links":{"self":[{"href":"https:\/\/fineshelf.com\/sv\/wp-json\/wp\/v2\/pages\/5468","targetHints":{"allow":["GET"]}}],"collection":[{"href":"https:\/\/fineshelf.com\/sv\/wp-json\/wp\/v2\/pages"}],"about":[{"href":"https:\/\/fineshelf.com\/sv\/wp-json\/wp\/v2\/types\/page"}],"author":[{"embeddable":true,"href":"https:\/\/fineshelf.com\/sv\/wp-json\/wp\/v2\/users\/1"}],"replies":[{"embeddable":true,"href":"https:\/\/fineshelf.com\/sv\/wp-json\/wp\/v2\/comments?post=5468"}],"version-history":[{"count":4,"href":"https:\/\/fineshelf.com\/sv\/wp-json\/wp\/v2\/pages\/5468\/revisions"}],"predecessor-version":[{"id":14478,"href":"https:\/\/fineshelf.com\/sv\/wp-json\/wp\/v2\/pages\/5468\/revisions\/14478"}],"up":[{"embeddable":true,"href":"https:\/\/fineshelf.com\/sv\/wp-json\/wp\/v2\/pages\/2195"}],"wp:featuredmedia":[{"embeddable":true,"href":"https:\/\/fineshelf.com\/sv\/wp-json\/wp\/v2\/media\/5473"}],"wp:attachment":[{"href":"https:\/\/fineshelf.com\/sv\/wp-json\/wp\/v2\/media?parent=5468"}],"curies":[{"name":"wp","href":"https:\/\/api.w.org\/{rel}","templated":true}]}}