{"id":5376,"date":"2019-12-04T05:01:58","date_gmt":"2019-12-04T05:01:58","guid":{"rendered":"http:\/\/fineshelf.com\/?page_id=5376"},"modified":"2022-04-15T21:57:22","modified_gmt":"2022-04-15T21:57:22","slug":"bror","status":"publish","type":"page","link":"https:\/\/fineshelf.com\/sv\/presenter\/bror\/","title":{"rendered":"Presenter till bror"},"content":{"rendered":"\n<p>Hej systrar och br\u00f6drar! Vi f\u00f6rst\u00e5r att din bror skall firas och att du \u00e4r i farten att finna en <a href=\"https:\/\/fineshelf.com\/sv\/presenter\/honom\/\">present till honom<\/a>.  P\u00e5 denna sida har vi st\u00e4llt samman ett urval av exklusiva presenter  till bror. <\/p>\n\n\n\n<figure class=\"wp-block-image size-large\"><img loading=\"lazy\" decoding=\"async\" width=\"1024\" height=\"512\" src=\"http:\/\/fineshelf.com\/wp-content\/uploads\/2019\/12\/kollage-presenttips-bror-1024x512.jpg\" alt=\"Kollage med v\u00e5ra tre presenttips till bror\" class=\"wp-image-5386\" srcset=\"https:\/\/fineshelf.com\/wp-content\/uploads\/2019\/12\/kollage-presenttips-bror-1024x512.jpg 1024w, https:\/\/fineshelf.com\/wp-content\/uploads\/2019\/12\/kollage-presenttips-bror-300x150.jpg 300w, https:\/\/fineshelf.com\/wp-content\/uploads\/2019\/12\/kollage-presenttips-bror-768x384.jpg 768w, https:\/\/fineshelf.com\/wp-content\/uploads\/2019\/12\/kollage-presenttips-bror-800x400.jpg 800w, https:\/\/fineshelf.com\/wp-content\/uploads\/2019\/12\/kollage-presenttips-bror.jpg 1500w\" sizes=\"auto, (max-width: 1024px) 100vw, 1024px\" \/><figcaption>Tre av v\u00e5ra utvalda presenter till bror som presenteras i denna artikel<\/figcaption><\/figure>\n\n\n\n<p>Har du surfat runt tidigare och bes\u00f6kt andra shoppar kommer  du ganska snart m\u00e4rka att v\u00e5ra presenter \u00e4r aningen finare och d\u00e4rav av  med en aningen dyrare prislapp \u00e4n det vanliga krims-kramset. Vi tycker  detta \u00e4r helt OK. Dels f\u00f6r att presenterna vi s\u00e4ljer \u00e4r lite mer  annorlunda och i vissa fall helt unika men ocks\u00e5 f\u00f6r att det var v\u00e5r  avsikt. V\u00e5rt koncept \u00e4r att erbjuda presenter det \u00e4r sv\u00e5rt att pricka  fel med. <\/p>\n\n\n\n<p><\/p>\n\n\n\n<div class=\"wp-block-genesis-blocks-gb-columns gb-layout-service-3 gb-layout-columns-2 gb-2-col-equal gb-columns-center alignwide\" style=\"padding-right:5%;padding-left:5%\"><div class=\"gb-layout-column-wrap gb-block-layout-column-gap-5 gb-is-responsive-column\" style=\"max-width:1200px\">\n<div class=\"wp-block-genesis-blocks-gb-column gb-block-layout-column\"><div class=\"gb-block-layout-column-inner\">\n<figure class=\"wp-block-image size-large\"><a href=\"https:\/\/fineshelf.com\/sv\/merchant\/eton-handmade-silk-cotton-striped-tie-blue\/\"><img loading=\"lazy\" decoding=\"async\" width=\"739\" height=\"739\" src=\"http:\/\/fineshelf.com\/wp-content\/uploads\/2019\/12\/1.-Eton-Handmade-SilkCotton-Striped-Tie-Blue-front.jpg\" alt=\"Presenttips till bror: Eton slips\" class=\"wp-image-5379\" srcset=\"https:\/\/fineshelf.com\/wp-content\/uploads\/2019\/12\/1.-Eton-Handmade-SilkCotton-Striped-Tie-Blue-front.jpg 739w, https:\/\/fineshelf.com\/wp-content\/uploads\/2019\/12\/1.-Eton-Handmade-SilkCotton-Striped-Tie-Blue-front-300x300.jpg 300w, https:\/\/fineshelf.com\/wp-content\/uploads\/2019\/12\/1.-Eton-Handmade-SilkCotton-Striped-Tie-Blue-front-150x150.jpg 150w, https:\/\/fineshelf.com\/wp-content\/uploads\/2019\/12\/1.-Eton-Handmade-SilkCotton-Striped-Tie-Blue-front-600x600.jpg 600w\" sizes=\"auto, (max-width: 739px) 100vw, 739px\" \/><\/a><\/figure>\n<\/div><\/div>\n\n\n\n<div class=\"wp-block-genesis-blocks-gb-column gb-block-layout-column gb-is-vertically-aligned-center\"><div class=\"gb-block-layout-column-inner\">\n<h2 class=\"wp-block-heading\">Eton Handmade Silk\/Cotton Striped Tie Blue<\/h2>\n\n\n\n<p>En present till bror som har (eller borde ha) stil. Handgjord slips tillverkad i Italien fr\u00e5n Eton. Tillverkad i en sidenblanding med l\u00e4tt textur. <\/p>\n\n\n\n<div class=\"wp-block-genesis-blocks-gb-button gb-block-button\">\ufeff&nbsp;<a href=\"https:\/\/fineshelf.com\/sv\/merchant\/eton-handmade-silk-cotton-striped-tie-blue\/\" class=\"gb-button gb-button-shape-rounded gb-button-size-medium\" style=\"color:#ffffff;background-color:#3373dc\">G\u00e5 till presenten<\/a><\/div>\n\n\n\n<p><\/p>\n<\/div><\/div>\n<\/div><\/div>\n\n\n\n<div class=\"wp-block-genesis-blocks-gb-columns gb-layout-service-3 gb-layout-columns-2 gb-2-col-equal gb-columns-center alignwide\" style=\"padding-right:5%;padding-left:5%\"><div class=\"gb-layout-column-wrap gb-block-layout-column-gap-5 gb-is-responsive-column\" style=\"max-width:1200px\">\n<div class=\"wp-block-genesis-blocks-gb-column gb-block-layout-column\"><div class=\"gb-block-layout-column-inner\">\n<figure class=\"wp-block-image size-large\"><a href=\"https:\/\/fineshelf.com\/sv\/merchant\/ray-ban-rb3136-caravan-sunglasses\/\"><img loading=\"lazy\" decoding=\"async\" width=\"680\" height=\"680\" src=\"http:\/\/fineshelf.com\/wp-content\/uploads\/2019\/12\/2.-Ray-Ban-RB3136-Caravan-Sunglasses-AristaCrystal-Green.jpg\" alt=\"Presenttips till bror: Rayban Caravan solglas\u00f6gon\" class=\"wp-image-5381\" srcset=\"https:\/\/fineshelf.com\/wp-content\/uploads\/2019\/12\/2.-Ray-Ban-RB3136-Caravan-Sunglasses-AristaCrystal-Green.jpg 680w, https:\/\/fineshelf.com\/wp-content\/uploads\/2019\/12\/2.-Ray-Ban-RB3136-Caravan-Sunglasses-AristaCrystal-Green-300x300.jpg 300w, https:\/\/fineshelf.com\/wp-content\/uploads\/2019\/12\/2.-Ray-Ban-RB3136-Caravan-Sunglasses-AristaCrystal-Green-150x150.jpg 150w, https:\/\/fineshelf.com\/wp-content\/uploads\/2019\/12\/2.-Ray-Ban-RB3136-Caravan-Sunglasses-AristaCrystal-Green-600x600.jpg 600w\" sizes=\"auto, (max-width: 680px) 100vw, 680px\" \/><\/a><\/figure>\n<\/div><\/div>\n\n\n\n<div class=\"wp-block-genesis-blocks-gb-column gb-block-layout-column gb-is-vertically-aligned-center\"><div class=\"gb-block-layout-column-inner\">\n<h2 class=\"wp-block-heading\">Ray-Ban RB3136 Caravan Sunglasses<\/h2>\n\n\n\n<p>\u00c4nnu ett presenttips i stilens tecken, men lite mer casual. Solglas\u00f6gon fr\u00e5n ikoniska Ray-Ban fr\u00e5n serien Caravan. Glaset \u00e4r gr\u00f6ntonat och har 100% UV-skydd. Levereras tillsammans med Ray-Ban\u2019s l\u00e4derfodral samt putstrasa. <\/p>\n\n\n\n<div class=\"wp-block-genesis-blocks-gb-button gb-block-button\">\ufeff&nbsp;<a href=\"https:\/\/fineshelf.com\/sv\/merchant\/ray-ban-rb3136-caravan-sunglasses\/\" class=\"gb-button gb-button-shape-rounded gb-button-size-medium\" style=\"color:#ffffff;background-color:#3373dc\">G\u00e5 till presenten<\/a><\/div>\n\n\n\n<p><\/p>\n<\/div><\/div>\n<\/div><\/div>\n\n\n\n<div class=\"wp-block-genesis-blocks-gb-columns gb-layout-service-3 gb-layout-columns-2 gb-2-col-equal gb-columns-center alignwide\" style=\"padding-right:5%;padding-left:5%\"><div class=\"gb-layout-column-wrap gb-block-layout-column-gap-5 gb-is-responsive-column\" style=\"max-width:1200px\">\n<div class=\"wp-block-genesis-blocks-gb-column gb-block-layout-column\"><div class=\"gb-block-layout-column-inner\">\n<figure class=\"wp-block-image size-large\"><a href=\"https:\/\/fineshelf.com\/sv\/merchant\/mr-bear-family-straight-razor\/\"><img loading=\"lazy\" decoding=\"async\" width=\"750\" height=\"750\" src=\"http:\/\/fineshelf.com\/wp-content\/uploads\/2019\/12\/3.-Mr-Bear-Family-Straight-Razor-bakgrund.jpg\" alt=\"Presenttips till bror: Mr bear Straight Razer\" class=\"wp-image-5383\" srcset=\"https:\/\/fineshelf.com\/wp-content\/uploads\/2019\/12\/3.-Mr-Bear-Family-Straight-Razor-bakgrund.jpg 750w, https:\/\/fineshelf.com\/wp-content\/uploads\/2019\/12\/3.-Mr-Bear-Family-Straight-Razor-bakgrund-300x300.jpg 300w, https:\/\/fineshelf.com\/wp-content\/uploads\/2019\/12\/3.-Mr-Bear-Family-Straight-Razor-bakgrund-150x150.jpg 150w, https:\/\/fineshelf.com\/wp-content\/uploads\/2019\/12\/3.-Mr-Bear-Family-Straight-Razor-bakgrund-600x600.jpg 600w\" sizes=\"auto, (max-width: 750px) 100vw, 750px\" \/><\/a><\/figure>\n<\/div><\/div>\n\n\n\n<div class=\"wp-block-genesis-blocks-gb-column gb-block-layout-column gb-is-vertically-aligned-center\"><div class=\"gb-block-layout-column-inner\">\n<h2 class=\"wp-block-heading\">Mr Bear Family Straight Razor<\/h2>\n\n\n\n<p>Presenttips till bror som har sk\u00e4gg. Rakkniv fr\u00e5n Mr Bear Family av h\u00f6gsta kvalitet tillverkad i Frankrike. Bladet \u00e4r tillverkad i kolst\u00e5l C135 med en gravyr ilagd med guld. Handtaget av olivtr\u00e4d, en kniv tillverkad f\u00f6r att h\u00e5lla i en evighet.<\/p>\n\n\n\n<div class=\"wp-block-genesis-blocks-gb-button gb-block-button\">\ufeff&nbsp;<a href=\"https:\/\/fineshelf.com\/sv\/merchant\/mr-bear-family-straight-razor\/\" class=\"gb-button gb-button-shape-rounded gb-button-size-medium\" style=\"color:#ffffff;background-color:#3373dc\">G\u00e5 till presenten<\/a><\/div>\n\n\n\n<p><\/p>\n<\/div><\/div>\n<\/div><\/div>\n\n\n\n<p>Presenttipsen du finner ovan har blivit utvalda till denna  kategori baserat p\u00e5 v\u00e5ra kunders ber\u00e4ttelser, marknadsunders\u00f6kningar  samt data vi samlas p\u00e5 oss under \u00e5ren som aktiva i present industrin.  Fineshelf-teamet hoppas verkligen att du eller ni (ifall ni \u00e4r syskon  som g\u00e5r ihop) hittar n\u00e5got ni tror er bror hade gillat. Skulle du ha  n\u00e5gra rekommendationer p\u00e5 vilka andra sp\u00e4nnande presenter vi hade kunnat  inkludera, eller har allm\u00e4n feedback p\u00e5 hur vi hade kunnat bli en  b\u00e4ttre presentakt\u00f6r, v\u00e4nligen kontakta oss!<\/p>\n","protected":false},"excerpt":{"rendered":"<p>Hej systrar och br\u00f6drar! Vi f\u00f6rst\u00e5r att din bror skall firas och att du \u00e4r i farten att finna en present till honom. P\u00e5 denna sida har vi st\u00e4llt samman ett urval av exklusiva presenter till bror. Har du surfat runt tidigare och bes\u00f6kt andra shoppar kommer du ganska snart m\u00e4rka att v\u00e5ra presenter \u00e4r [&hellip;]<\/p>\n","protected":false},"author":1,"featured_media":5386,"parent":2195,"menu_order":0,"comment_status":"closed","ping_status":"closed","template":"","meta":{"_genesis_hide_title":false,"_genesis_hide_breadcrumbs":false,"_genesis_hide_singular_image":false,"_genesis_hide_footer_widgets":false,"_genesis_custom_body_class":"","_genesis_custom_post_class":"","_genesis_layout":"","footnotes":""},"class_list":{"0":"post-5376","1":"page","2":"type-page","3":"status-publish","4":"has-post-thumbnail","6":"entry"},"yoast_head":"<!-- This site is optimized with the Yoast SEO plugin v27.5 - https:\/\/yoast.com\/product\/yoast-seo-wordpress\/ -->\n<title>V\u00e5ra favorittips p\u00e5 presenter till bror - Fineshelf.com<\/title>\n<meta name=\"description\" content=\"Hitta den perfekta presenten till bror \u2713 Guide fr\u00e5n 2025 \u2713 Handplockade presenttips \u2713 Vi hj\u00e4lper dig hitta r\u00e4tt present snabbt, enkelt och bekv\u00e4mt \u2713\" \/>\n<meta name=\"robots\" content=\"index, follow, max-snippet:-1, max-image-preview:large, max-video-preview:-1\" \/>\n<link rel=\"canonical\" href=\"https:\/\/fineshelf.com\/sv\/presenter\/bror\/\" \/>\n<meta property=\"og:locale\" content=\"sv_SE\" \/>\n<meta property=\"og:type\" content=\"article\" \/>\n<meta property=\"og:title\" content=\"V\u00e5ra favorittips p\u00e5 presenter till bror - Fineshelf.com\" \/>\n<meta property=\"og:description\" content=\"Hitta den perfekta presenten till bror \u2713 Guide fr\u00e5n 2025 \u2713 Handplockade presenttips \u2713 Vi hj\u00e4lper dig hitta r\u00e4tt present snabbt, enkelt och bekv\u00e4mt \u2713\" \/>\n<meta property=\"og:url\" content=\"https:\/\/fineshelf.com\/sv\/presenter\/bror\/\" \/>\n<meta property=\"og:site_name\" content=\"Fineshelf.com\" \/>\n<meta property=\"article:modified_time\" content=\"2022-04-15T21:57:22+00:00\" \/>\n<meta property=\"og:image\" content=\"https:\/\/i0.wp.com\/fineshelf.com\/wp-content\/uploads\/2019\/12\/kollage-presenttips-bror.jpg?fit=1500%2C750&ssl=1\" \/>\n\t<meta property=\"og:image:width\" content=\"1500\" \/>\n\t<meta property=\"og:image:height\" content=\"750\" \/>\n\t<meta property=\"og:image:type\" content=\"image\/jpeg\" \/>\n<meta name=\"twitter:card\" content=\"summary_large_image\" \/>\n<meta name=\"twitter:label1\" content=\"Ber\u00e4knad l\u00e4stid\" \/>\n\t<meta name=\"twitter:data1\" content=\"2 minuter\" \/>\n<script type=\"application\/ld+json\" class=\"yoast-schema-graph\">{\"@context\":\"https:\\\/\\\/schema.org\",\"@graph\":[{\"@type\":\"WebPage\",\"@id\":\"https:\\\/\\\/fineshelf.com\\\/sv\\\/presenter\\\/bror\\\/\",\"url\":\"https:\\\/\\\/fineshelf.com\\\/sv\\\/presenter\\\/bror\\\/\",\"name\":\"V\u00e5ra favorittips p\u00e5 presenter till bror - Fineshelf.com\",\"isPartOf\":{\"@id\":\"https:\\\/\\\/fineshelf.com\\\/sv\\\/#website\"},\"primaryImageOfPage\":{\"@id\":\"https:\\\/\\\/fineshelf.com\\\/sv\\\/presenter\\\/bror\\\/#primaryimage\"},\"image\":{\"@id\":\"https:\\\/\\\/fineshelf.com\\\/sv\\\/presenter\\\/bror\\\/#primaryimage\"},\"thumbnailUrl\":\"https:\\\/\\\/fineshelf.com\\\/wp-content\\\/uploads\\\/2019\\\/12\\\/kollage-presenttips-bror.jpg\",\"datePublished\":\"2019-12-04T05:01:58+00:00\",\"dateModified\":\"2022-04-15T21:57:22+00:00\",\"description\":\"Hitta den perfekta presenten till bror \u2713 Guide fr\u00e5n 2025 \u2713 Handplockade presenttips \u2713 Vi hj\u00e4lper dig hitta r\u00e4tt present snabbt, enkelt och bekv\u00e4mt \u2713\",\"breadcrumb\":{\"@id\":\"https:\\\/\\\/fineshelf.com\\\/sv\\\/presenter\\\/bror\\\/#breadcrumb\"},\"inLanguage\":\"sv-SE\",\"potentialAction\":[{\"@type\":\"ReadAction\",\"target\":[\"https:\\\/\\\/fineshelf.com\\\/sv\\\/presenter\\\/bror\\\/\"]}]},{\"@type\":\"ImageObject\",\"inLanguage\":\"sv-SE\",\"@id\":\"https:\\\/\\\/fineshelf.com\\\/sv\\\/presenter\\\/bror\\\/#primaryimage\",\"url\":\"https:\\\/\\\/fineshelf.com\\\/wp-content\\\/uploads\\\/2019\\\/12\\\/kollage-presenttips-bror.jpg\",\"contentUrl\":\"https:\\\/\\\/fineshelf.com\\\/wp-content\\\/uploads\\\/2019\\\/12\\\/kollage-presenttips-bror.jpg\",\"width\":1500,\"height\":750,\"caption\":\"Kollage med v\u00e5ra tre presenttips till bror\"},{\"@type\":\"BreadcrumbList\",\"@id\":\"https:\\\/\\\/fineshelf.com\\\/sv\\\/presenter\\\/bror\\\/#breadcrumb\",\"itemListElement\":[{\"@type\":\"ListItem\",\"position\":1,\"name\":\"Home\",\"item\":\"https:\\\/\\\/fineshelf.com\\\/sv\\\/\"},{\"@type\":\"ListItem\",\"position\":2,\"name\":\"Skicka presenter\",\"item\":\"https:\\\/\\\/fineshelf.com\\\/sv\\\/presenter\\\/\"},{\"@type\":\"ListItem\",\"position\":3,\"name\":\"Presenter till bror\"}]},{\"@type\":\"WebSite\",\"@id\":\"https:\\\/\\\/fineshelf.com\\\/sv\\\/#website\",\"url\":\"https:\\\/\\\/fineshelf.com\\\/sv\\\/\",\"name\":\"Fineshelf.com\",\"description\":\"FS\",\"publisher\":{\"@id\":\"https:\\\/\\\/fineshelf.com\\\/sv\\\/#organization\"},\"potentialAction\":[{\"@type\":\"SearchAction\",\"target\":{\"@type\":\"EntryPoint\",\"urlTemplate\":\"https:\\\/\\\/fineshelf.com\\\/sv\\\/?s={search_term_string}\"},\"query-input\":{\"@type\":\"PropertyValueSpecification\",\"valueRequired\":true,\"valueName\":\"search_term_string\"}}],\"inLanguage\":\"sv-SE\"},{\"@type\":\"Organization\",\"@id\":\"https:\\\/\\\/fineshelf.com\\\/sv\\\/#organization\",\"name\":\"Fineshelf AB\",\"url\":\"https:\\\/\\\/fineshelf.com\\\/sv\\\/\",\"logo\":{\"@type\":\"ImageObject\",\"inLanguage\":\"sv-SE\",\"@id\":\"https:\\\/\\\/fineshelf.com\\\/sv\\\/#\\\/schema\\\/logo\\\/image\\\/\",\"url\":\"https:\\\/\\\/i0.wp.com\\\/fineshelf.com\\\/wp-content\\\/uploads\\\/2022\\\/06\\\/fineshelf-logo-black-background-simple.png?fit=500%2C128&ssl=1\",\"contentUrl\":\"https:\\\/\\\/i0.wp.com\\\/fineshelf.com\\\/wp-content\\\/uploads\\\/2022\\\/06\\\/fineshelf-logo-black-background-simple.png?fit=500%2C128&ssl=1\",\"width\":500,\"height\":128,\"caption\":\"Fineshelf AB\"},\"image\":{\"@id\":\"https:\\\/\\\/fineshelf.com\\\/sv\\\/#\\\/schema\\\/logo\\\/image\\\/\"}}]}<\/script>\n<!-- \/ Yoast SEO plugin. -->","yoast_head_json":{"title":"V\u00e5ra favorittips p\u00e5 presenter till bror - Fineshelf.com","description":"Hitta den perfekta presenten till bror \u2713 Guide fr\u00e5n 2025 \u2713 Handplockade presenttips \u2713 Vi hj\u00e4lper dig hitta r\u00e4tt present snabbt, enkelt och bekv\u00e4mt \u2713","robots":{"index":"index","follow":"follow","max-snippet":"max-snippet:-1","max-image-preview":"max-image-preview:large","max-video-preview":"max-video-preview:-1"},"canonical":"https:\/\/fineshelf.com\/sv\/presenter\/bror\/","og_locale":"sv_SE","og_type":"article","og_title":"V\u00e5ra favorittips p\u00e5 presenter till bror - Fineshelf.com","og_description":"Hitta den perfekta presenten till bror \u2713 Guide fr\u00e5n 2025 \u2713 Handplockade presenttips \u2713 Vi hj\u00e4lper dig hitta r\u00e4tt present snabbt, enkelt och bekv\u00e4mt \u2713","og_url":"https:\/\/fineshelf.com\/sv\/presenter\/bror\/","og_site_name":"Fineshelf.com","article_modified_time":"2022-04-15T21:57:22+00:00","og_image":[{"width":1500,"height":750,"url":"https:\/\/i0.wp.com\/fineshelf.com\/wp-content\/uploads\/2019\/12\/kollage-presenttips-bror.jpg?fit=1500%2C750&ssl=1","type":"image\/jpeg"}],"twitter_card":"summary_large_image","twitter_misc":{"Ber\u00e4knad l\u00e4stid":"2 minuter"},"schema":{"@context":"https:\/\/schema.org","@graph":[{"@type":"WebPage","@id":"https:\/\/fineshelf.com\/sv\/presenter\/bror\/","url":"https:\/\/fineshelf.com\/sv\/presenter\/bror\/","name":"V\u00e5ra favorittips p\u00e5 presenter till bror - Fineshelf.com","isPartOf":{"@id":"https:\/\/fineshelf.com\/sv\/#website"},"primaryImageOfPage":{"@id":"https:\/\/fineshelf.com\/sv\/presenter\/bror\/#primaryimage"},"image":{"@id":"https:\/\/fineshelf.com\/sv\/presenter\/bror\/#primaryimage"},"thumbnailUrl":"https:\/\/fineshelf.com\/wp-content\/uploads\/2019\/12\/kollage-presenttips-bror.jpg","datePublished":"2019-12-04T05:01:58+00:00","dateModified":"2022-04-15T21:57:22+00:00","description":"Hitta den perfekta presenten till bror \u2713 Guide fr\u00e5n 2025 \u2713 Handplockade presenttips \u2713 Vi hj\u00e4lper dig hitta r\u00e4tt present snabbt, enkelt och bekv\u00e4mt \u2713","breadcrumb":{"@id":"https:\/\/fineshelf.com\/sv\/presenter\/bror\/#breadcrumb"},"inLanguage":"sv-SE","potentialAction":[{"@type":"ReadAction","target":["https:\/\/fineshelf.com\/sv\/presenter\/bror\/"]}]},{"@type":"ImageObject","inLanguage":"sv-SE","@id":"https:\/\/fineshelf.com\/sv\/presenter\/bror\/#primaryimage","url":"https:\/\/fineshelf.com\/wp-content\/uploads\/2019\/12\/kollage-presenttips-bror.jpg","contentUrl":"https:\/\/fineshelf.com\/wp-content\/uploads\/2019\/12\/kollage-presenttips-bror.jpg","width":1500,"height":750,"caption":"Kollage med v\u00e5ra tre presenttips till bror"},{"@type":"BreadcrumbList","@id":"https:\/\/fineshelf.com\/sv\/presenter\/bror\/#breadcrumb","itemListElement":[{"@type":"ListItem","position":1,"name":"Home","item":"https:\/\/fineshelf.com\/sv\/"},{"@type":"ListItem","position":2,"name":"Skicka presenter","item":"https:\/\/fineshelf.com\/sv\/presenter\/"},{"@type":"ListItem","position":3,"name":"Presenter till bror"}]},{"@type":"WebSite","@id":"https:\/\/fineshelf.com\/sv\/#website","url":"https:\/\/fineshelf.com\/sv\/","name":"Fineshelf.com","description":"FS","publisher":{"@id":"https:\/\/fineshelf.com\/sv\/#organization"},"potentialAction":[{"@type":"SearchAction","target":{"@type":"EntryPoint","urlTemplate":"https:\/\/fineshelf.com\/sv\/?s={search_term_string}"},"query-input":{"@type":"PropertyValueSpecification","valueRequired":true,"valueName":"search_term_string"}}],"inLanguage":"sv-SE"},{"@type":"Organization","@id":"https:\/\/fineshelf.com\/sv\/#organization","name":"Fineshelf AB","url":"https:\/\/fineshelf.com\/sv\/","logo":{"@type":"ImageObject","inLanguage":"sv-SE","@id":"https:\/\/fineshelf.com\/sv\/#\/schema\/logo\/image\/","url":"https:\/\/i0.wp.com\/fineshelf.com\/wp-content\/uploads\/2022\/06\/fineshelf-logo-black-background-simple.png?fit=500%2C128&ssl=1","contentUrl":"https:\/\/i0.wp.com\/fineshelf.com\/wp-content\/uploads\/2022\/06\/fineshelf-logo-black-background-simple.png?fit=500%2C128&ssl=1","width":500,"height":128,"caption":"Fineshelf AB"},"image":{"@id":"https:\/\/fineshelf.com\/sv\/#\/schema\/logo\/image\/"}}]}},"featured_image_src":"https:\/\/fineshelf.com\/wp-content\/uploads\/2019\/12\/kollage-presenttips-bror.jpg","featured_image_src_square":"https:\/\/fineshelf.com\/wp-content\/uploads\/2019\/12\/kollage-presenttips-bror.jpg","_links":{"self":[{"href":"https:\/\/fineshelf.com\/sv\/wp-json\/wp\/v2\/pages\/5376","targetHints":{"allow":["GET"]}}],"collection":[{"href":"https:\/\/fineshelf.com\/sv\/wp-json\/wp\/v2\/pages"}],"about":[{"href":"https:\/\/fineshelf.com\/sv\/wp-json\/wp\/v2\/types\/page"}],"author":[{"embeddable":true,"href":"https:\/\/fineshelf.com\/sv\/wp-json\/wp\/v2\/users\/1"}],"replies":[{"embeddable":true,"href":"https:\/\/fineshelf.com\/sv\/wp-json\/wp\/v2\/comments?post=5376"}],"version-history":[{"count":5,"href":"https:\/\/fineshelf.com\/sv\/wp-json\/wp\/v2\/pages\/5376\/revisions"}],"predecessor-version":[{"id":14575,"href":"https:\/\/fineshelf.com\/sv\/wp-json\/wp\/v2\/pages\/5376\/revisions\/14575"}],"up":[{"embeddable":true,"href":"https:\/\/fineshelf.com\/sv\/wp-json\/wp\/v2\/pages\/2195"}],"wp:featuredmedia":[{"embeddable":true,"href":"https:\/\/fineshelf.com\/sv\/wp-json\/wp\/v2\/media\/5386"}],"wp:attachment":[{"href":"https:\/\/fineshelf.com\/sv\/wp-json\/wp\/v2\/media?parent=5376"}],"curies":[{"name":"wp","href":"https:\/\/api.w.org\/{rel}","templated":true}]}}