{"id":5210,"date":"2019-12-02T16:32:21","date_gmt":"2019-12-02T16:32:21","guid":{"rendered":"http:\/\/fineshelf.com\/?page_id=5210"},"modified":"2025-10-21T15:09:14","modified_gmt":"2025-10-21T15:09:14","slug":"65-ars-presenter","status":"publish","type":"page","link":"https:\/\/fineshelf.com\/sv\/presenter\/65-ars-presenter\/","title":{"rendered":"65-\u00e5rs Jubileum: Presenter Som Firar Livets Erfarenheter"},"content":{"rendered":"\n<p class=\"has-large-font-size\">\u00c4r det n\u00e5gon i din n\u00e4rhet som ska fylla den magiska \u00e5ldern 65 \u2013 h\u00e4rligt, d\u00e5 har du hittat r\u00e4tt. Vi har samlat ett par tips som vi anser fungerar utm\u00e4rkt som 65 \u00e5rs presenter. <\/p>\n\n\n\n<figure class=\"wp-block-image size-large\"><img loading=\"lazy\" decoding=\"async\" width=\"1024\" height=\"512\" src=\"http:\/\/fineshelf.com\/wp-content\/uploads\/2019\/12\/65-ars-presenter-kollage-min-1024x512.jpg\" alt=\"65 \u00e5rs present kollage med tre exempel p\u00e5 fina presenter enligt fineshelf\" class=\"wp-image-5245\" srcset=\"https:\/\/fineshelf.com\/wp-content\/uploads\/2019\/12\/65-ars-presenter-kollage-min-1024x512.jpg 1024w, https:\/\/fineshelf.com\/wp-content\/uploads\/2019\/12\/65-ars-presenter-kollage-min-300x150.jpg 300w, https:\/\/fineshelf.com\/wp-content\/uploads\/2019\/12\/65-ars-presenter-kollage-min-768x384.jpg 768w, https:\/\/fineshelf.com\/wp-content\/uploads\/2019\/12\/65-ars-presenter-kollage-min-800x400.jpg 800w, https:\/\/fineshelf.com\/wp-content\/uploads\/2019\/12\/65-ars-presenter-kollage-min.jpg 1500w\" sizes=\"auto, (max-width: 1024px) 100vw, 1024px\" \/><figcaption class=\"wp-element-caption\">Tre presenttips till n\u00e5gon som fyller 65 \u00e5r: Bordslampa fr\u00e5n Speak up, Ljusstake &amp; fat fr\u00e5n Fritz Hansen samt Ansiktstv\u00e4tt med F\u00e4nk\u00e5l<\/figcaption><\/figure>\n\n\n\n<h2 class=\"wp-block-heading\">Eleganta presenter med l\u00e5ngtidsv\u00e4rde.<\/h2>\n\n\n\n<p>N\u00e4r det kommer till 65 \u00e5rs mottagaren anser vi att man ska satsa p\u00e5 en present som ger l\u00e5ngtidsv\u00e4rde. En elegant klocka, ett lyxigt whiskyset eller ett vackert smycke \u00e4r presenter som har ett l\u00e5ngtidsv\u00e4rde. De kommer f\u00f6rgylla mottagarens liv och p\u00e5minna hen om dig varje g\u00e5ng presenten anv\u00e4nds.<\/p>\n\n\n\n<div style=\"color:#ddd\" class=\"wp-block-genesis-blocks-gb-spacer gb-block-spacer gb-divider-solid gb-spacer-divider gb-divider-size-1\"><hr style=\"height:30px\"\/><\/div>\n\n\n\n<div class=\"wp-block-genesis-blocks-gb-columns gb-layout-service-3 gb-layout-columns-2 gb-2-col-equal gb-columns-center alignwide\" style=\"padding-right:5%;padding-left:5%\"><div class=\"gb-layout-column-wrap gb-block-layout-column-gap-5 gb-is-responsive-column\" style=\"max-width:1200px\">\n<div class=\"wp-block-genesis-blocks-gb-column gb-block-layout-column\"><div class=\"gb-block-layout-column-inner\">\n<figure class=\"wp-block-image size-large\"><a href=\"https:\/\/track.adtraction.com\/t\/t?a=1105652948&amp;as=1321692543&amp;t=2&amp;tk=1&amp;url=https:\/\/www.designtorget.se\/emergency-sewing-kit\" class=\"external\" rel=\"nofollow\"><img loading=\"lazy\" decoding=\"async\" width=\"1024\" height=\"1024\" src=\"http:\/\/fineshelf.com\/wp-content\/uploads\/2019\/12\/1-Emergency-Sewing-Kit-framifra\u030an-vit-bakgrund-1024x1024.jpg\" alt=\"65 \u00e5rs present: sykitt\" class=\"wp-image-5248\" srcset=\"https:\/\/fineshelf.com\/wp-content\/uploads\/2019\/12\/1-Emergency-Sewing-Kit-framifra\u030an-vit-bakgrund-1024x1024.jpg 1024w, https:\/\/fineshelf.com\/wp-content\/uploads\/2019\/12\/1-Emergency-Sewing-Kit-framifra\u030an-vit-bakgrund-300x300.jpg 300w, https:\/\/fineshelf.com\/wp-content\/uploads\/2019\/12\/1-Emergency-Sewing-Kit-framifra\u030an-vit-bakgrund-150x150.jpg 150w, https:\/\/fineshelf.com\/wp-content\/uploads\/2019\/12\/1-Emergency-Sewing-Kit-framifra\u030an-vit-bakgrund-768x768.jpg 768w, https:\/\/fineshelf.com\/wp-content\/uploads\/2019\/12\/1-Emergency-Sewing-Kit-framifra\u030an-vit-bakgrund-1536x1536.jpg 1536w, https:\/\/fineshelf.com\/wp-content\/uploads\/2019\/12\/1-Emergency-Sewing-Kit-framifra\u030an-vit-bakgrund-600x600.jpg 600w, https:\/\/fineshelf.com\/wp-content\/uploads\/2019\/12\/1-Emergency-Sewing-Kit-framifra\u030an-vit-bakgrund.jpg 1700w\" sizes=\"auto, (max-width: 1024px) 100vw, 1024px\" \/><\/a><\/figure>\n<\/div><\/div>\n\n\n\n<div class=\"wp-block-genesis-blocks-gb-column gb-block-layout-column gb-is-vertically-aligned-center\"><div class=\"gb-block-layout-column-inner\">\n<h2 class=\"wp-block-heading\">Emergency Sewing Kit<\/h2>\n\n\n\n<p>Sykit i pl\u00e5task i retrostil. Kittet inneh\u00e5ller allt f\u00f6r l\u00e4ttare lagningar och syjobb. Passar som present till 65-\u00e5ring till den som gillar att sy, s\u00e5 lite av en niche presenttips. <\/p>\n\n\n\n<p><\/p>\n<\/div><\/div>\n<\/div><\/div>\n\n\n\n<div class=\"wp-block-genesis-blocks-gb-columns gb-layout-service-3 gb-layout-columns-2 gb-2-col-equal gb-columns-center alignwide\" style=\"padding-right:5%;padding-left:5%\"><div class=\"gb-layout-column-wrap gb-block-layout-column-gap-5 gb-is-responsive-column\" style=\"max-width:1200px\">\n<div class=\"wp-block-genesis-blocks-gb-column gb-block-layout-column\"><div class=\"gb-block-layout-column-inner\">\n<figure class=\"wp-block-image size-large\"><a href=\"https:\/\/track.adtraction.com\/t\/t?a=1105652948&amp;as=1321692543&amp;t=2&amp;tk=1&amp;url=https:\/\/www.designtorget.se\/ansiktstvatt-fankal-200-ml\" class=\"external\" rel=\"nofollow\"><img loading=\"lazy\" decoding=\"async\" width=\"591\" height=\"591\" src=\"http:\/\/fineshelf.com\/wp-content\/uploads\/2019\/12\/2-Ansiktstva\u0308tt-fa\u0308nka\u030al-200-ml.jpg\" alt=\"65 \u00e5rs present: Ansiktstv\u00e4tt 'f\u00e4nk\u00e5l'\" class=\"wp-image-5250\" srcset=\"https:\/\/fineshelf.com\/wp-content\/uploads\/2019\/12\/2-Ansiktstva\u0308tt-fa\u0308nka\u030al-200-ml.jpg 591w, https:\/\/fineshelf.com\/wp-content\/uploads\/2019\/12\/2-Ansiktstva\u0308tt-fa\u0308nka\u030al-200-ml-300x300.jpg 300w, https:\/\/fineshelf.com\/wp-content\/uploads\/2019\/12\/2-Ansiktstva\u0308tt-fa\u0308nka\u030al-200-ml-150x150.jpg 150w\" sizes=\"auto, (max-width: 591px) 100vw, 591px\" \/><\/a><\/figure>\n<\/div><\/div>\n\n\n\n<div class=\"wp-block-genesis-blocks-gb-column gb-block-layout-column gb-is-vertically-aligned-center\"><div class=\"gb-block-layout-column-inner\">\n<h2 class=\"wp-block-heading\">Ansiktstv\u00e4tt f\u00e4nk\u00e5l 200 ml<\/h2>\n\n\n\n<p>H\u00e4r ett presenttips som desto fler 65-\u00e5ringar kan t\u00e4nkas uppskatta. N\u00e4mligen en skonsam ansiktstv\u00e4tt fr\u00e5n Lilla Bruket gjord p\u00e5 naturliga r\u00e5varor. Ansiktstv\u00e4tten \u00e4r baserad p\u00e5 kokos och socker och inneh\u00e5ller f\u00e4nk\u00e5lsfr\u00f6olja, gurk- och algextrakt samt svartpepparolja. <\/p>\n\n\n\n<p><\/p>\n<\/div><\/div>\n<\/div><\/div>\n\n\n\n<div class=\"wp-block-genesis-blocks-gb-columns gb-layout-service-3 gb-layout-columns-2 gb-2-col-equal gb-columns-center alignwide\" style=\"padding-right:5%;padding-left:5%\"><div class=\"gb-layout-column-wrap gb-block-layout-column-gap-5 gb-is-responsive-column\" style=\"max-width:1200px\">\n<div class=\"wp-block-genesis-blocks-gb-column gb-block-layout-column\"><div class=\"gb-block-layout-column-inner\">\n<figure class=\"wp-block-image size-large\"><a href=\"https:\/\/fineshelf.com\/sv\/merchant\/karolina-palmer-konst-den-har-kvallen-finns-ju-bara-nu\/\"><img loading=\"lazy\" decoding=\"async\" width=\"500\" height=\"500\" src=\"http:\/\/fineshelf.com\/wp-content\/uploads\/2019\/12\/14-Karolina-Palme\u0301r-Konst-Den-ha\u0308r-kva\u0308llen-finns-ju-bara-nu-background-2.jpg\" alt=\"65 \u00e5rs present: Den h\u00e4r kv\u00e4llen finns ju bara nu, konst av Karolina Palmer\" class=\"wp-image-5252\" srcset=\"https:\/\/fineshelf.com\/wp-content\/uploads\/2019\/12\/14-Karolina-Palme\u0301r-Konst-Den-ha\u0308r-kva\u0308llen-finns-ju-bara-nu-background-2.jpg 500w, https:\/\/fineshelf.com\/wp-content\/uploads\/2019\/12\/14-Karolina-Palme\u0301r-Konst-Den-ha\u0308r-kva\u0308llen-finns-ju-bara-nu-background-2-300x300.jpg 300w, https:\/\/fineshelf.com\/wp-content\/uploads\/2019\/12\/14-Karolina-Palme\u0301r-Konst-Den-ha\u0308r-kva\u0308llen-finns-ju-bara-nu-background-2-150x150.jpg 150w\" sizes=\"auto, (max-width: 500px) 100vw, 500px\" \/><\/a><\/figure>\n<\/div><\/div>\n\n\n\n<div class=\"wp-block-genesis-blocks-gb-column gb-block-layout-column gb-is-vertically-aligned-center\"><div class=\"gb-block-layout-column-inner\">\n<h2 class=\"wp-block-heading\">Karolina Palm\u00e9r Konst \u2013 Den h\u00e4r kv\u00e4llen finns ju bara nu<\/h2>\n\n\n\n<p>Till den konstintresserade (eller nyinflyttade) v\u00e4nnen eller familjemedlemmen som fyller 65 \u00e5r. Ett Konstverk av Karolina Palm\u00e9r i storleken 60\u00d760 cm. Tillverkad p\u00e5 Canson Aquarelle Rag (310g pappar). Finns i 100 numrerade exemplar och alla kommer naturligtvis signerade. <\/p>\n\n\n\n<p><\/p>\n<\/div><\/div>\n<\/div><\/div>\n\n\n\n<div class=\"wp-block-genesis-blocks-gb-columns gb-layout-service-3 gb-layout-columns-2 gb-2-col-equal gb-columns-center alignwide\" style=\"padding-right:5%;padding-left:5%\"><div class=\"gb-layout-column-wrap gb-block-layout-column-gap-5 gb-is-responsive-column\" style=\"max-width:1200px\">\n<div class=\"wp-block-genesis-blocks-gb-column gb-block-layout-column\"><div class=\"gb-block-layout-column-inner\">\n<figure class=\"wp-block-image size-large\"><a href=\"https:\/\/fineshelf.com\/sv\/merchant\/speak-up-dome-bordslampa\/\"><img loading=\"lazy\" decoding=\"async\" width=\"1021\" height=\"1021\" src=\"http:\/\/fineshelf.com\/wp-content\/uploads\/2019\/12\/17-Speak-up-dome-transparent-medium-bordslampa-fo\u0308nster.jpg\" alt=\"65 \u00e5rs present: bordslampa Speak up\" class=\"wp-image-5254\" srcset=\"https:\/\/fineshelf.com\/wp-content\/uploads\/2019\/12\/17-Speak-up-dome-transparent-medium-bordslampa-fo\u0308nster.jpg 1021w, https:\/\/fineshelf.com\/wp-content\/uploads\/2019\/12\/17-Speak-up-dome-transparent-medium-bordslampa-fo\u0308nster-300x300.jpg 300w, https:\/\/fineshelf.com\/wp-content\/uploads\/2019\/12\/17-Speak-up-dome-transparent-medium-bordslampa-fo\u0308nster-150x150.jpg 150w, https:\/\/fineshelf.com\/wp-content\/uploads\/2019\/12\/17-Speak-up-dome-transparent-medium-bordslampa-fo\u0308nster-768x768.jpg 768w, https:\/\/fineshelf.com\/wp-content\/uploads\/2019\/12\/17-Speak-up-dome-transparent-medium-bordslampa-fo\u0308nster-600x600.jpg 600w\" sizes=\"auto, (max-width: 1021px) 100vw, 1021px\" \/><\/a><\/figure>\n<\/div><\/div>\n\n\n\n<div class=\"wp-block-genesis-blocks-gb-column gb-block-layout-column gb-is-vertically-aligned-center\"><div class=\"gb-block-layout-column-inner\">\n<h2 class=\"wp-block-heading\">Speak up dome bordslampa<\/h2>\n\n\n\n<p>Till 65-\u00e5rigen som uppskattar h\u00e4ftig design. Bordslampa i trendig design fr\u00e5n Ebb&amp;Flow. Den munnbl\u00e5sta glaskupslampan \u00e4r en perfekt inredningsdetalj i alla hem. <\/p>\n\n\n\n<p><\/p>\n<\/div><\/div>\n<\/div><\/div>\n\n\n\n<div class=\"wp-block-genesis-blocks-gb-columns gb-layout-service-3 gb-layout-columns-2 gb-2-col-equal gb-columns-center alignwide\" style=\"padding-right:5%;padding-left:5%\"><div class=\"gb-layout-column-wrap gb-block-layout-column-gap-5 gb-is-responsive-column\" style=\"max-width:1200px\">\n<div class=\"wp-block-genesis-blocks-gb-column gb-block-layout-column\"><div class=\"gb-block-layout-column-inner\">\n<figure class=\"wp-block-image size-large\"><a href=\"https:\/\/fineshelf.com\/sv\/merchant\/fritz-hansen-earthenware-light-tray\/\"><img loading=\"lazy\" decoding=\"async\" width=\"747\" height=\"747\" src=\"http:\/\/fineshelf.com\/wp-content\/uploads\/2019\/12\/19-Fritz-Hansen-Earthenware-Light-Tray-bakgrund.jpg\" alt=\"65 \u00e5rs present: fat och ljusstake i ett\" class=\"wp-image-5256\" srcset=\"https:\/\/fineshelf.com\/wp-content\/uploads\/2019\/12\/19-Fritz-Hansen-Earthenware-Light-Tray-bakgrund.jpg 747w, https:\/\/fineshelf.com\/wp-content\/uploads\/2019\/12\/19-Fritz-Hansen-Earthenware-Light-Tray-bakgrund-300x300.jpg 300w, https:\/\/fineshelf.com\/wp-content\/uploads\/2019\/12\/19-Fritz-Hansen-Earthenware-Light-Tray-bakgrund-150x150.jpg 150w, https:\/\/fineshelf.com\/wp-content\/uploads\/2019\/12\/19-Fritz-Hansen-Earthenware-Light-Tray-bakgrund-600x600.jpg 600w\" sizes=\"auto, (max-width: 747px) 100vw, 747px\" \/><\/a><\/figure>\n<\/div><\/div>\n\n\n\n<div class=\"wp-block-genesis-blocks-gb-column gb-block-layout-column gb-is-vertically-aligned-center\"><div class=\"gb-block-layout-column-inner\">\n<h2 class=\"wp-block-heading\">Fritz Hansen \u2013 Earthenware Light Tray<\/h2>\n\n\n\n<p>Vacker multisk\u00e5l fr\u00e5n Fritz Hansen, som designats av Cecilie Manz. Sk\u00e5len \u00e4r tillverkad av japanskt lergods med en ljus glasing glasyr och i mitten sitter en ljusstake av m\u00e4ssing. En vacker present till man liksom kvinna som fyller 65 \u00e5r. <\/p>\n\n\n\n<p><\/p>\n<\/div><\/div>\n<\/div><\/div>\n","protected":false},"excerpt":{"rendered":"<p>\u00c4r det n\u00e5gon i din n\u00e4rhet som ska fylla den magiska \u00e5ldern 65 \u2013 h\u00e4rligt, d\u00e5 har du hittat r\u00e4tt. Vi har samlat ett par tips som vi anser fungerar utm\u00e4rkt som 65 \u00e5rs presenter. Eleganta presenter med l\u00e5ngtidsv\u00e4rde. N\u00e4r det kommer till 65 \u00e5rs mottagaren anser vi att man ska satsa p\u00e5 en present [&hellip;]<\/p>\n","protected":false},"author":1,"featured_media":0,"parent":2195,"menu_order":0,"comment_status":"closed","ping_status":"closed","template":"","meta":{"_genesis_hide_title":false,"_genesis_hide_breadcrumbs":false,"_genesis_hide_singular_image":false,"_genesis_hide_footer_widgets":false,"_genesis_custom_body_class":"","_genesis_custom_post_class":"","_genesis_layout":"","footnotes":""},"class_list":{"0":"post-5210","1":"page","2":"type-page","3":"status-publish","5":"entry","6":"has-post-thumbnail"},"yoast_head":"<!-- This site is optimized with the Yoast SEO plugin v26.3 - https:\/\/yoast.com\/wordpress\/plugins\/seo\/ -->\n<title>Omt\u00e4nksamma 65 \u00e5rs present av h\u00f6g kvalitet - Fineshelf.com<\/title>\n<meta name=\"description\" content=\"Hitta den perfekta 65 \u00e5rs presenten snabbt, enkelt och bekv\u00e4mt \u2713 V\u00e5r guide fr\u00e5n 2025 med utvalda produkter \u2713 Handplockade presenttips \u2713\" \/>\n<meta name=\"robots\" content=\"index, follow, max-snippet:-1, max-image-preview:large, max-video-preview:-1\" \/>\n<link rel=\"canonical\" href=\"https:\/\/fineshelf.com\/sv\/presenter\/65-ars-presenter\/\" \/>\n<meta property=\"og:locale\" content=\"sv_SE\" \/>\n<meta property=\"og:type\" content=\"article\" \/>\n<meta property=\"og:title\" content=\"Omt\u00e4nksamma 65 \u00e5rs present av h\u00f6g kvalitet - Fineshelf.com\" \/>\n<meta property=\"og:description\" content=\"Hitta den perfekta 65 \u00e5rs presenten snabbt, enkelt och bekv\u00e4mt \u2713 V\u00e5r guide fr\u00e5n 2025 med utvalda produkter \u2713 Handplockade presenttips \u2713\" \/>\n<meta property=\"og:url\" content=\"https:\/\/fineshelf.com\/sv\/presenter\/65-ars-presenter\/\" \/>\n<meta property=\"og:site_name\" content=\"Fineshelf.com\" \/>\n<meta property=\"article:modified_time\" content=\"2025-10-21T15:09:14+00:00\" \/>\n<meta property=\"og:image\" content=\"http:\/\/fineshelf.com\/wp-content\/uploads\/2019\/12\/65-ars-presenter-kollage-min-1024x512.jpg\" \/>\n<meta name=\"twitter:card\" content=\"summary_large_image\" \/>\n<meta name=\"twitter:label1\" content=\"Ber\u00e4knad l\u00e4stid\" \/>\n\t<meta name=\"twitter:data1\" content=\"3 minuter\" \/>\n<script type=\"application\/ld+json\" class=\"yoast-schema-graph\">{\"@context\":\"https:\/\/schema.org\",\"@graph\":[{\"@type\":\"WebPage\",\"@id\":\"https:\/\/fineshelf.com\/sv\/presenter\/65-ars-presenter\/\",\"url\":\"https:\/\/fineshelf.com\/sv\/presenter\/65-ars-presenter\/\",\"name\":\"Omt\u00e4nksamma 65 \u00e5rs present av h\u00f6g kvalitet - Fineshelf.com\",\"isPartOf\":{\"@id\":\"https:\/\/fineshelf.com\/sv\/#website\"},\"primaryImageOfPage\":{\"@id\":\"https:\/\/fineshelf.com\/sv\/presenter\/65-ars-presenter\/#primaryimage\"},\"image\":{\"@id\":\"https:\/\/fineshelf.com\/sv\/presenter\/65-ars-presenter\/#primaryimage\"},\"thumbnailUrl\":\"http:\/\/fineshelf.com\/wp-content\/uploads\/2019\/12\/65-ars-presenter-kollage-min-1024x512.jpg\",\"datePublished\":\"2019-12-02T16:32:21+00:00\",\"dateModified\":\"2025-10-21T15:09:14+00:00\",\"description\":\"Hitta den perfekta 65 \u00e5rs presenten snabbt, enkelt och bekv\u00e4mt \u2713 V\u00e5r guide fr\u00e5n 2025 med utvalda produkter \u2713 Handplockade presenttips \u2713\",\"breadcrumb\":{\"@id\":\"https:\/\/fineshelf.com\/sv\/presenter\/65-ars-presenter\/#breadcrumb\"},\"inLanguage\":\"sv-SE\",\"potentialAction\":[{\"@type\":\"ReadAction\",\"target\":[\"https:\/\/fineshelf.com\/sv\/presenter\/65-ars-presenter\/\"]}]},{\"@type\":\"ImageObject\",\"inLanguage\":\"sv-SE\",\"@id\":\"https:\/\/fineshelf.com\/sv\/presenter\/65-ars-presenter\/#primaryimage\",\"url\":\"http:\/\/fineshelf.com\/wp-content\/uploads\/2019\/12\/65-ars-presenter-kollage-min-1024x512.jpg\",\"contentUrl\":\"http:\/\/fineshelf.com\/wp-content\/uploads\/2019\/12\/65-ars-presenter-kollage-min-1024x512.jpg\"},{\"@type\":\"BreadcrumbList\",\"@id\":\"https:\/\/fineshelf.com\/sv\/presenter\/65-ars-presenter\/#breadcrumb\",\"itemListElement\":[{\"@type\":\"ListItem\",\"position\":1,\"name\":\"Home\",\"item\":\"https:\/\/fineshelf.com\/sv\/\"},{\"@type\":\"ListItem\",\"position\":2,\"name\":\"Skicka presenter\",\"item\":\"https:\/\/fineshelf.com\/sv\/presenter\/\"},{\"@type\":\"ListItem\",\"position\":3,\"name\":\"65-\u00e5rs Jubileum: Presenter Som Firar Livets Erfarenheter\"}]},{\"@type\":\"WebSite\",\"@id\":\"https:\/\/fineshelf.com\/sv\/#website\",\"url\":\"https:\/\/fineshelf.com\/sv\/\",\"name\":\"Fineshelf.com\",\"description\":\"FS\",\"publisher\":{\"@id\":\"https:\/\/fineshelf.com\/sv\/#organization\"},\"potentialAction\":[{\"@type\":\"SearchAction\",\"target\":{\"@type\":\"EntryPoint\",\"urlTemplate\":\"https:\/\/fineshelf.com\/sv\/?s={search_term_string}\"},\"query-input\":{\"@type\":\"PropertyValueSpecification\",\"valueRequired\":true,\"valueName\":\"search_term_string\"}}],\"inLanguage\":\"sv-SE\"},{\"@type\":\"Organization\",\"@id\":\"https:\/\/fineshelf.com\/sv\/#organization\",\"name\":\"Fineshelf AB\",\"url\":\"https:\/\/fineshelf.com\/sv\/\",\"logo\":{\"@type\":\"ImageObject\",\"inLanguage\":\"sv-SE\",\"@id\":\"https:\/\/fineshelf.com\/sv\/#\/schema\/logo\/image\/\",\"url\":\"https:\/\/i0.wp.com\/fineshelf.com\/wp-content\/uploads\/2022\/06\/fineshelf-logo-black-background-simple.png?fit=500%2C128&ssl=1\",\"contentUrl\":\"https:\/\/i0.wp.com\/fineshelf.com\/wp-content\/uploads\/2022\/06\/fineshelf-logo-black-background-simple.png?fit=500%2C128&ssl=1\",\"width\":500,\"height\":128,\"caption\":\"Fineshelf AB\"},\"image\":{\"@id\":\"https:\/\/fineshelf.com\/sv\/#\/schema\/logo\/image\/\"}}]}<\/script>\n<!-- \/ Yoast SEO plugin. -->","yoast_head_json":{"title":"Omt\u00e4nksamma 65 \u00e5rs present av h\u00f6g kvalitet - Fineshelf.com","description":"Hitta den perfekta 65 \u00e5rs presenten snabbt, enkelt och bekv\u00e4mt \u2713 V\u00e5r guide fr\u00e5n 2025 med utvalda produkter \u2713 Handplockade presenttips \u2713","robots":{"index":"index","follow":"follow","max-snippet":"max-snippet:-1","max-image-preview":"max-image-preview:large","max-video-preview":"max-video-preview:-1"},"canonical":"https:\/\/fineshelf.com\/sv\/presenter\/65-ars-presenter\/","og_locale":"sv_SE","og_type":"article","og_title":"Omt\u00e4nksamma 65 \u00e5rs present av h\u00f6g kvalitet - Fineshelf.com","og_description":"Hitta den perfekta 65 \u00e5rs presenten snabbt, enkelt och bekv\u00e4mt \u2713 V\u00e5r guide fr\u00e5n 2025 med utvalda produkter \u2713 Handplockade presenttips \u2713","og_url":"https:\/\/fineshelf.com\/sv\/presenter\/65-ars-presenter\/","og_site_name":"Fineshelf.com","article_modified_time":"2025-10-21T15:09:14+00:00","og_image":[{"url":"http:\/\/fineshelf.com\/wp-content\/uploads\/2019\/12\/65-ars-presenter-kollage-min-1024x512.jpg","type":"","width":"","height":""}],"twitter_card":"summary_large_image","twitter_misc":{"Ber\u00e4knad l\u00e4stid":"3 minuter"},"schema":{"@context":"https:\/\/schema.org","@graph":[{"@type":"WebPage","@id":"https:\/\/fineshelf.com\/sv\/presenter\/65-ars-presenter\/","url":"https:\/\/fineshelf.com\/sv\/presenter\/65-ars-presenter\/","name":"Omt\u00e4nksamma 65 \u00e5rs present av h\u00f6g kvalitet - Fineshelf.com","isPartOf":{"@id":"https:\/\/fineshelf.com\/sv\/#website"},"primaryImageOfPage":{"@id":"https:\/\/fineshelf.com\/sv\/presenter\/65-ars-presenter\/#primaryimage"},"image":{"@id":"https:\/\/fineshelf.com\/sv\/presenter\/65-ars-presenter\/#primaryimage"},"thumbnailUrl":"http:\/\/fineshelf.com\/wp-content\/uploads\/2019\/12\/65-ars-presenter-kollage-min-1024x512.jpg","datePublished":"2019-12-02T16:32:21+00:00","dateModified":"2025-10-21T15:09:14+00:00","description":"Hitta den perfekta 65 \u00e5rs presenten snabbt, enkelt och bekv\u00e4mt \u2713 V\u00e5r guide fr\u00e5n 2025 med utvalda produkter \u2713 Handplockade presenttips \u2713","breadcrumb":{"@id":"https:\/\/fineshelf.com\/sv\/presenter\/65-ars-presenter\/#breadcrumb"},"inLanguage":"sv-SE","potentialAction":[{"@type":"ReadAction","target":["https:\/\/fineshelf.com\/sv\/presenter\/65-ars-presenter\/"]}]},{"@type":"ImageObject","inLanguage":"sv-SE","@id":"https:\/\/fineshelf.com\/sv\/presenter\/65-ars-presenter\/#primaryimage","url":"http:\/\/fineshelf.com\/wp-content\/uploads\/2019\/12\/65-ars-presenter-kollage-min-1024x512.jpg","contentUrl":"http:\/\/fineshelf.com\/wp-content\/uploads\/2019\/12\/65-ars-presenter-kollage-min-1024x512.jpg"},{"@type":"BreadcrumbList","@id":"https:\/\/fineshelf.com\/sv\/presenter\/65-ars-presenter\/#breadcrumb","itemListElement":[{"@type":"ListItem","position":1,"name":"Home","item":"https:\/\/fineshelf.com\/sv\/"},{"@type":"ListItem","position":2,"name":"Skicka presenter","item":"https:\/\/fineshelf.com\/sv\/presenter\/"},{"@type":"ListItem","position":3,"name":"65-\u00e5rs Jubileum: Presenter Som Firar Livets Erfarenheter"}]},{"@type":"WebSite","@id":"https:\/\/fineshelf.com\/sv\/#website","url":"https:\/\/fineshelf.com\/sv\/","name":"Fineshelf.com","description":"FS","publisher":{"@id":"https:\/\/fineshelf.com\/sv\/#organization"},"potentialAction":[{"@type":"SearchAction","target":{"@type":"EntryPoint","urlTemplate":"https:\/\/fineshelf.com\/sv\/?s={search_term_string}"},"query-input":{"@type":"PropertyValueSpecification","valueRequired":true,"valueName":"search_term_string"}}],"inLanguage":"sv-SE"},{"@type":"Organization","@id":"https:\/\/fineshelf.com\/sv\/#organization","name":"Fineshelf AB","url":"https:\/\/fineshelf.com\/sv\/","logo":{"@type":"ImageObject","inLanguage":"sv-SE","@id":"https:\/\/fineshelf.com\/sv\/#\/schema\/logo\/image\/","url":"https:\/\/i0.wp.com\/fineshelf.com\/wp-content\/uploads\/2022\/06\/fineshelf-logo-black-background-simple.png?fit=500%2C128&ssl=1","contentUrl":"https:\/\/i0.wp.com\/fineshelf.com\/wp-content\/uploads\/2022\/06\/fineshelf-logo-black-background-simple.png?fit=500%2C128&ssl=1","width":500,"height":128,"caption":"Fineshelf AB"},"image":{"@id":"https:\/\/fineshelf.com\/sv\/#\/schema\/logo\/image\/"}}]}},"featured_image_src":null,"featured_image_src_square":null,"_links":{"self":[{"href":"https:\/\/fineshelf.com\/sv\/wp-json\/wp\/v2\/pages\/5210","targetHints":{"allow":["GET"]}}],"collection":[{"href":"https:\/\/fineshelf.com\/sv\/wp-json\/wp\/v2\/pages"}],"about":[{"href":"https:\/\/fineshelf.com\/sv\/wp-json\/wp\/v2\/types\/page"}],"author":[{"embeddable":true,"href":"https:\/\/fineshelf.com\/sv\/wp-json\/wp\/v2\/users\/1"}],"replies":[{"embeddable":true,"href":"https:\/\/fineshelf.com\/sv\/wp-json\/wp\/v2\/comments?post=5210"}],"version-history":[{"count":7,"href":"https:\/\/fineshelf.com\/sv\/wp-json\/wp\/v2\/pages\/5210\/revisions"}],"predecessor-version":[{"id":15697,"href":"https:\/\/fineshelf.com\/sv\/wp-json\/wp\/v2\/pages\/5210\/revisions\/15697"}],"up":[{"embeddable":true,"href":"https:\/\/fineshelf.com\/sv\/wp-json\/wp\/v2\/pages\/2195"}],"wp:attachment":[{"href":"https:\/\/fineshelf.com\/sv\/wp-json\/wp\/v2\/media?parent=5210"}],"curies":[{"name":"wp","href":"https:\/\/api.w.org\/{rel}","templated":true}]}}