{"id":3879,"date":"2019-12-04T17:08:00","date_gmt":"2019-12-04T17:08:00","guid":{"rendered":"http:\/\/fineshelf.com\/?page_id=3879"},"modified":"2019-12-12T13:54:14","modified_gmt":"2019-12-12T13:54:14","slug":"fodelsedagspresenter","status":"publish","type":"page","link":"https:\/\/fineshelf.com\/sv\/presenter\/fodelsedagspresenter\/","title":{"rendered":"F\u00f6delsedagspresenter"},"content":{"rendered":"\n<h2 class=\"wp-block-heading\"><strong>F\u00f6delsedagspresenter till honom och henne \u2013 Vad ska du t\u00e4nka p\u00e5?<\/strong><\/h2>\n\n\n\n<p>En f\u00f6delsedagspresenter till henne kan se r\u00e4tt s\u00e5 annorlunda ut fr\u00e5n en f\u00f6delsedagspresent till honom. Men det beror inte s\u00e5 mycket p\u00e5 att han \u00e4r han och hon \u00e4r hon. N\u00e5got vi har insett efter alla dessa \u00e5r inom presentbranschen \u00e4r att det g\u00e4ller att fokusera p\u00e5 personlighet och smak. H\u00e4r \u00e4r n\u00e5gra betydelsefulla saker som du kan t\u00e4nka p\u00e5 d\u00e5 du v\u00e4ljer ut f\u00f6delsedagspresenten:<\/p>\n\n\n\n<ul class=\"wp-block-list\"><li><strong>Intressen<\/strong>&nbsp;\u2013 N\u00e4r du vet mer om intressen s\u00e5 blir det l\u00e4ttare att v\u00e4lja en f\u00f6delsedagspresent som passar perfekt. Men var inte r\u00e4dd f\u00f6r att skapa ett nytt intresse med en sp\u00e4nnande och exklusiv g\u00e5va.<\/li><li><strong>Smak<\/strong>&nbsp;\u2013 Det h\u00e4r ska du t\u00e4nka p\u00e5 d\u00e5 du v\u00e4ljer f\u00f6delsedags\u00f6verraskningar som vackra smycken, inredningsdetaljer och kl\u00e4der. Det \u00e4r viktigt att du v\u00e4ljer r\u00e4tt f\u00e4rgnyanser, \u00e4delmetall och form. Satsa p\u00e5 elegant s\u00e5 blir det r\u00e4tt!<\/li><li><strong>Behov<\/strong>&nbsp;\u2013 Kanske finns det s\u00e4rskilda behov just nu. Var lyh\u00f6rd och l\u00e4gg m\u00e4rke till kommentarer som avsl\u00f6jar dr\u00f6mmar och \u00f6nskningar.<\/li><li><strong>Livssituation<\/strong>&nbsp;\u2013 Den som just har flyttat till en ny bostad kommer att bli j\u00e4tteglad f\u00f6r f\u00f6delsedagsg\u00e5vor som ger en trevligare bomilj\u00f6. Den som ska \u00e5ka utomlands kan dra nytta av s\u00e5dant som g\u00e5r att ta med sig\u2026<\/li><\/ul>\n\n\n\n<h2 class=\"wp-block-heading\"><strong>F\u00f6delsedagspresenter till familjen (\u00f6verblick)<\/strong><\/h2>\n\n\n\n<p>Vi har sidor med utvalda presenter f\u00f6r varje familjemedlem. De mest popul\u00e4ra mottagarna finner du nedan i listform. Du kan klicka p\u00e5 l\u00e4nkarna f\u00f6r att g\u00e5 vidare till det anpassade sortimentet.<\/p>\n\n\n\n<ul class=\"wp-block-list\"><li>V\u00e5rt fr\u00e4msta tips n\u00e4r det g\u00e4ller\u00a0<a href=\"\/sv\/presenter\/pojkvan\/\">f\u00f6delsedagspresent till pojkv\u00e4n<\/a>\u00a0\u2013 T\u00e4nk tidl\u00f6st och klassiskt. V\u00e4lj n\u00e5got som f\u00f6rblir intressant och som han f\u00e5r anv\u00e4ndning f\u00f6r.<\/li><li>En elegant och g\u00e4rna lyxig\u00a0<a href=\"\/sv\/presenter\/flickvan\/\">f\u00f6delsedagspresent till flickv\u00e4n<\/a>. Med smak och stil med ledorden \u2013 lika vacker som din flickv\u00e4n.<\/li><li>Gl\u00f6m inte att inhandla en\u00a0<a href=\"\/sv\/presenter\/mamma\/\">f\u00f6delsedagspresent till mamma<\/a>. H\u00e4r \u00e4r temat en gest av k\u00e4rlek och omtanke. En mamma f\u00f6rtj\u00e4nar och uppskattar f\u00f6delsedags gratulationerna mer \u00e4n n\u00e5gon annan.<\/li><li>S\u00f6ker du en\u00a0<a href=\"\/sv\/presenter\/pappa\/\">f\u00f6delsedagspresent till pappa<\/a>? \u2013 T\u00e4nk bravur, en present \u00f6verraskning som han aldrig slutar prata om.<\/li><\/ul>\n\n\n\n<h2 class=\"wp-block-heading\"><strong>N\u00e4r du ska gratta en sl\u00e4kting<\/strong><\/h2>\n\n\n\n<p>Det \u00e4r s\u00e5 roligt att v\u00e4lja ut en f\u00f6delsedagspresent till pappa. Du vet ju vad han beh\u00f6ver och vad han tycker om. Detsamma kan man s\u00e4ga om en f\u00f6delsedagspresent till syster eller en f\u00f6delsedagspresent till bror. H\u00e4r finns det ju ocks\u00e5 gott om personer att r\u00e5dg\u00f6ra med.<\/p>\n\n\n\n<p>Ni kan ju till och med v\u00e4lja att g\u00e5 samman f\u00f6r att satsa p\u00e5 en riktigt exklusiv f\u00f6delsedagspresent som kommer att komma som en total \u00f6verraskning. Var bara noga med att h\u00e5lla det hela hemligt. Inom familjen s\u00e5 m\u00e5ste man vara f\u00f6rsiktig s\u00e5 att den som ska firas inte f\u00e5r veta f\u00f6r tidigt.<\/p>\n\n\n\n<h2 class=\"wp-block-heading\"><strong>Upplev n\u00e5got helt nytt tillsammans<\/strong><\/h2>\n\n\n\n<p>Sist men inte minst s\u00e5 m\u00e5ste vi p\u00e5peka att det finns goda anledningar till att upplevelser ofta v\u00e4ljs som f\u00f6delsedagspresenter. De ger s\u00e5 mycket sp\u00e4nning och gl\u00e4dje och \u00e4r ocks\u00e5 den typ av g\u00e5va som man kan dela p\u00e5. Beakta alltid m\u00f6jligheten att gratta p\u00e5 f\u00f6delsedagen med n\u00e5got som ni kommer att g\u00f6ra och uppleva tillsammans. \u00c4ven en enklare upplevelse kan skapa minnen som ni njuter av under resten av live<\/p>\n","protected":false},"excerpt":{"rendered":"<p>F\u00f6delsedagspresenter till honom och henne \u2013 Vad ska du t\u00e4nka p\u00e5? En f\u00f6delsedagspresenter till henne kan se r\u00e4tt s\u00e5 annorlunda ut fr\u00e5n en f\u00f6delsedagspresent till honom. Men det beror inte s\u00e5 mycket p\u00e5 att han \u00e4r han och hon \u00e4r hon. N\u00e5got vi har insett efter alla dessa \u00e5r inom presentbranschen \u00e4r att det g\u00e4ller [&hellip;]<\/p>\n","protected":false},"author":1,"featured_media":7646,"parent":2195,"menu_order":0,"comment_status":"closed","ping_status":"closed","template":"","meta":{"_genesis_hide_title":false,"_genesis_hide_breadcrumbs":false,"_genesis_hide_singular_image":false,"_genesis_hide_footer_widgets":false,"_genesis_custom_body_class":"","_genesis_custom_post_class":"","_genesis_layout":"","footnotes":""},"class_list":{"0":"post-3879","1":"page","2":"type-page","3":"status-publish","4":"has-post-thumbnail","6":"entry"},"yoast_head":"<!-- This site is optimized with the Yoast SEO plugin v27.5 - https:\/\/yoast.com\/product\/yoast-seo-wordpress\/ -->\n<title>Fodelsedagspresenter till alla personligheter och \u00e5ldrar fineshelf<\/title>\n<meta name=\"description\" content=\"F\u00f6delsedagspresent | 700 presenttips dagen i \u00e4ra (f\u00f6delsedag) | V\u00e4lj mottagare och \u00e5lder f\u00f6r att hitta den perfekta f\u00f6delsedagspresenten idag!\" \/>\n<meta name=\"robots\" content=\"index, follow, max-snippet:-1, max-image-preview:large, max-video-preview:-1\" \/>\n<link rel=\"canonical\" href=\"https:\/\/fineshelf.com\/sv\/presenter\/fodelsedagspresenter\/\" \/>\n<meta property=\"og:locale\" content=\"sv_SE\" \/>\n<meta property=\"og:type\" content=\"article\" \/>\n<meta property=\"og:title\" content=\"Fodelsedagspresenter till alla personligheter och \u00e5ldrar fineshelf\" \/>\n<meta property=\"og:description\" content=\"F\u00f6delsedagspresent | 700 presenttips dagen i \u00e4ra (f\u00f6delsedag) | V\u00e4lj mottagare och \u00e5lder f\u00f6r att hitta den perfekta f\u00f6delsedagspresenten idag!\" \/>\n<meta property=\"og:url\" content=\"https:\/\/fineshelf.com\/sv\/presenter\/fodelsedagspresenter\/\" \/>\n<meta property=\"og:site_name\" content=\"Fineshelf.com\" \/>\n<meta property=\"article:modified_time\" content=\"2019-12-12T13:54:14+00:00\" \/>\n<meta property=\"og:image\" content=\"https:\/\/i0.wp.com\/fineshelf.com\/wp-content\/uploads\/2019\/12\/Fodelsedagspresenter-tin.jpg?fit=1500%2C800&ssl=1\" \/>\n\t<meta property=\"og:image:width\" content=\"1500\" \/>\n\t<meta property=\"og:image:height\" content=\"800\" \/>\n\t<meta property=\"og:image:type\" content=\"image\/jpeg\" \/>\n<meta name=\"twitter:card\" content=\"summary_large_image\" \/>\n<meta name=\"twitter:label1\" content=\"Ber\u00e4knad l\u00e4stid\" \/>\n\t<meta name=\"twitter:data1\" content=\"3 minuter\" \/>\n<script type=\"application\/ld+json\" class=\"yoast-schema-graph\">{\"@context\":\"https:\\\/\\\/schema.org\",\"@graph\":[{\"@type\":\"WebPage\",\"@id\":\"https:\\\/\\\/fineshelf.com\\\/sv\\\/presenter\\\/fodelsedagspresenter\\\/\",\"url\":\"https:\\\/\\\/fineshelf.com\\\/sv\\\/presenter\\\/fodelsedagspresenter\\\/\",\"name\":\"Fodelsedagspresenter till alla personligheter och \u00e5ldrar fineshelf\",\"isPartOf\":{\"@id\":\"https:\\\/\\\/fineshelf.com\\\/sv\\\/#website\"},\"primaryImageOfPage\":{\"@id\":\"https:\\\/\\\/fineshelf.com\\\/sv\\\/presenter\\\/fodelsedagspresenter\\\/#primaryimage\"},\"image\":{\"@id\":\"https:\\\/\\\/fineshelf.com\\\/sv\\\/presenter\\\/fodelsedagspresenter\\\/#primaryimage\"},\"thumbnailUrl\":\"https:\\\/\\\/fineshelf.com\\\/wp-content\\\/uploads\\\/2019\\\/12\\\/Fodelsedagspresenter-tin.jpg\",\"datePublished\":\"2019-12-04T17:08:00+00:00\",\"dateModified\":\"2019-12-12T13:54:14+00:00\",\"description\":\"F\u00f6delsedagspresent | 700 presenttips dagen i \u00e4ra (f\u00f6delsedag) | V\u00e4lj mottagare och \u00e5lder f\u00f6r att hitta den perfekta f\u00f6delsedagspresenten idag!\",\"breadcrumb\":{\"@id\":\"https:\\\/\\\/fineshelf.com\\\/sv\\\/presenter\\\/fodelsedagspresenter\\\/#breadcrumb\"},\"inLanguage\":\"sv-SE\",\"potentialAction\":[{\"@type\":\"ReadAction\",\"target\":[\"https:\\\/\\\/fineshelf.com\\\/sv\\\/presenter\\\/fodelsedagspresenter\\\/\"]}]},{\"@type\":\"ImageObject\",\"inLanguage\":\"sv-SE\",\"@id\":\"https:\\\/\\\/fineshelf.com\\\/sv\\\/presenter\\\/fodelsedagspresenter\\\/#primaryimage\",\"url\":\"https:\\\/\\\/fineshelf.com\\\/wp-content\\\/uploads\\\/2019\\\/12\\\/Fodelsedagspresenter-tin.jpg\",\"contentUrl\":\"https:\\\/\\\/fineshelf.com\\\/wp-content\\\/uploads\\\/2019\\\/12\\\/Fodelsedagspresenter-tin.jpg\",\"width\":1500,\"height\":800,\"caption\":\"F\u00f6delsedagspresenter - tre exempel - v\u00e4lj mottagare\"},{\"@type\":\"BreadcrumbList\",\"@id\":\"https:\\\/\\\/fineshelf.com\\\/sv\\\/presenter\\\/fodelsedagspresenter\\\/#breadcrumb\",\"itemListElement\":[{\"@type\":\"ListItem\",\"position\":1,\"name\":\"Home\",\"item\":\"https:\\\/\\\/fineshelf.com\\\/sv\\\/\"},{\"@type\":\"ListItem\",\"position\":2,\"name\":\"Skicka presenter\",\"item\":\"https:\\\/\\\/fineshelf.com\\\/sv\\\/presenter\\\/\"},{\"@type\":\"ListItem\",\"position\":3,\"name\":\"F\u00f6delsedagspresenter\"}]},{\"@type\":\"WebSite\",\"@id\":\"https:\\\/\\\/fineshelf.com\\\/sv\\\/#website\",\"url\":\"https:\\\/\\\/fineshelf.com\\\/sv\\\/\",\"name\":\"Fineshelf.com\",\"description\":\"FS\",\"publisher\":{\"@id\":\"https:\\\/\\\/fineshelf.com\\\/sv\\\/#organization\"},\"potentialAction\":[{\"@type\":\"SearchAction\",\"target\":{\"@type\":\"EntryPoint\",\"urlTemplate\":\"https:\\\/\\\/fineshelf.com\\\/sv\\\/?s={search_term_string}\"},\"query-input\":{\"@type\":\"PropertyValueSpecification\",\"valueRequired\":true,\"valueName\":\"search_term_string\"}}],\"inLanguage\":\"sv-SE\"},{\"@type\":\"Organization\",\"@id\":\"https:\\\/\\\/fineshelf.com\\\/sv\\\/#organization\",\"name\":\"Fineshelf AB\",\"url\":\"https:\\\/\\\/fineshelf.com\\\/sv\\\/\",\"logo\":{\"@type\":\"ImageObject\",\"inLanguage\":\"sv-SE\",\"@id\":\"https:\\\/\\\/fineshelf.com\\\/sv\\\/#\\\/schema\\\/logo\\\/image\\\/\",\"url\":\"https:\\\/\\\/i0.wp.com\\\/fineshelf.com\\\/wp-content\\\/uploads\\\/2022\\\/06\\\/fineshelf-logo-black-background-simple.png?fit=500%2C128&ssl=1\",\"contentUrl\":\"https:\\\/\\\/i0.wp.com\\\/fineshelf.com\\\/wp-content\\\/uploads\\\/2022\\\/06\\\/fineshelf-logo-black-background-simple.png?fit=500%2C128&ssl=1\",\"width\":500,\"height\":128,\"caption\":\"Fineshelf AB\"},\"image\":{\"@id\":\"https:\\\/\\\/fineshelf.com\\\/sv\\\/#\\\/schema\\\/logo\\\/image\\\/\"}}]}<\/script>\n<!-- \/ Yoast SEO plugin. -->","yoast_head_json":{"title":"Fodelsedagspresenter till alla personligheter och \u00e5ldrar fineshelf","description":"F\u00f6delsedagspresent | 700 presenttips dagen i \u00e4ra (f\u00f6delsedag) | V\u00e4lj mottagare och \u00e5lder f\u00f6r att hitta den perfekta f\u00f6delsedagspresenten idag!","robots":{"index":"index","follow":"follow","max-snippet":"max-snippet:-1","max-image-preview":"max-image-preview:large","max-video-preview":"max-video-preview:-1"},"canonical":"https:\/\/fineshelf.com\/sv\/presenter\/fodelsedagspresenter\/","og_locale":"sv_SE","og_type":"article","og_title":"Fodelsedagspresenter till alla personligheter och \u00e5ldrar fineshelf","og_description":"F\u00f6delsedagspresent | 700 presenttips dagen i \u00e4ra (f\u00f6delsedag) | V\u00e4lj mottagare och \u00e5lder f\u00f6r att hitta den perfekta f\u00f6delsedagspresenten idag!","og_url":"https:\/\/fineshelf.com\/sv\/presenter\/fodelsedagspresenter\/","og_site_name":"Fineshelf.com","article_modified_time":"2019-12-12T13:54:14+00:00","og_image":[{"width":1500,"height":800,"url":"https:\/\/i0.wp.com\/fineshelf.com\/wp-content\/uploads\/2019\/12\/Fodelsedagspresenter-tin.jpg?fit=1500%2C800&ssl=1","type":"image\/jpeg"}],"twitter_card":"summary_large_image","twitter_misc":{"Ber\u00e4knad l\u00e4stid":"3 minuter"},"schema":{"@context":"https:\/\/schema.org","@graph":[{"@type":"WebPage","@id":"https:\/\/fineshelf.com\/sv\/presenter\/fodelsedagspresenter\/","url":"https:\/\/fineshelf.com\/sv\/presenter\/fodelsedagspresenter\/","name":"Fodelsedagspresenter till alla personligheter och \u00e5ldrar fineshelf","isPartOf":{"@id":"https:\/\/fineshelf.com\/sv\/#website"},"primaryImageOfPage":{"@id":"https:\/\/fineshelf.com\/sv\/presenter\/fodelsedagspresenter\/#primaryimage"},"image":{"@id":"https:\/\/fineshelf.com\/sv\/presenter\/fodelsedagspresenter\/#primaryimage"},"thumbnailUrl":"https:\/\/fineshelf.com\/wp-content\/uploads\/2019\/12\/Fodelsedagspresenter-tin.jpg","datePublished":"2019-12-04T17:08:00+00:00","dateModified":"2019-12-12T13:54:14+00:00","description":"F\u00f6delsedagspresent | 700 presenttips dagen i \u00e4ra (f\u00f6delsedag) | V\u00e4lj mottagare och \u00e5lder f\u00f6r att hitta den perfekta f\u00f6delsedagspresenten idag!","breadcrumb":{"@id":"https:\/\/fineshelf.com\/sv\/presenter\/fodelsedagspresenter\/#breadcrumb"},"inLanguage":"sv-SE","potentialAction":[{"@type":"ReadAction","target":["https:\/\/fineshelf.com\/sv\/presenter\/fodelsedagspresenter\/"]}]},{"@type":"ImageObject","inLanguage":"sv-SE","@id":"https:\/\/fineshelf.com\/sv\/presenter\/fodelsedagspresenter\/#primaryimage","url":"https:\/\/fineshelf.com\/wp-content\/uploads\/2019\/12\/Fodelsedagspresenter-tin.jpg","contentUrl":"https:\/\/fineshelf.com\/wp-content\/uploads\/2019\/12\/Fodelsedagspresenter-tin.jpg","width":1500,"height":800,"caption":"F\u00f6delsedagspresenter - tre exempel - v\u00e4lj mottagare"},{"@type":"BreadcrumbList","@id":"https:\/\/fineshelf.com\/sv\/presenter\/fodelsedagspresenter\/#breadcrumb","itemListElement":[{"@type":"ListItem","position":1,"name":"Home","item":"https:\/\/fineshelf.com\/sv\/"},{"@type":"ListItem","position":2,"name":"Skicka presenter","item":"https:\/\/fineshelf.com\/sv\/presenter\/"},{"@type":"ListItem","position":3,"name":"F\u00f6delsedagspresenter"}]},{"@type":"WebSite","@id":"https:\/\/fineshelf.com\/sv\/#website","url":"https:\/\/fineshelf.com\/sv\/","name":"Fineshelf.com","description":"FS","publisher":{"@id":"https:\/\/fineshelf.com\/sv\/#organization"},"potentialAction":[{"@type":"SearchAction","target":{"@type":"EntryPoint","urlTemplate":"https:\/\/fineshelf.com\/sv\/?s={search_term_string}"},"query-input":{"@type":"PropertyValueSpecification","valueRequired":true,"valueName":"search_term_string"}}],"inLanguage":"sv-SE"},{"@type":"Organization","@id":"https:\/\/fineshelf.com\/sv\/#organization","name":"Fineshelf AB","url":"https:\/\/fineshelf.com\/sv\/","logo":{"@type":"ImageObject","inLanguage":"sv-SE","@id":"https:\/\/fineshelf.com\/sv\/#\/schema\/logo\/image\/","url":"https:\/\/i0.wp.com\/fineshelf.com\/wp-content\/uploads\/2022\/06\/fineshelf-logo-black-background-simple.png?fit=500%2C128&ssl=1","contentUrl":"https:\/\/i0.wp.com\/fineshelf.com\/wp-content\/uploads\/2022\/06\/fineshelf-logo-black-background-simple.png?fit=500%2C128&ssl=1","width":500,"height":128,"caption":"Fineshelf AB"},"image":{"@id":"https:\/\/fineshelf.com\/sv\/#\/schema\/logo\/image\/"}}]}},"featured_image_src":"https:\/\/fineshelf.com\/wp-content\/uploads\/2019\/12\/Fodelsedagspresenter-tin.jpg","featured_image_src_square":"https:\/\/fineshelf.com\/wp-content\/uploads\/2019\/12\/Fodelsedagspresenter-tin.jpg","_links":{"self":[{"href":"https:\/\/fineshelf.com\/sv\/wp-json\/wp\/v2\/pages\/3879","targetHints":{"allow":["GET"]}}],"collection":[{"href":"https:\/\/fineshelf.com\/sv\/wp-json\/wp\/v2\/pages"}],"about":[{"href":"https:\/\/fineshelf.com\/sv\/wp-json\/wp\/v2\/types\/page"}],"author":[{"embeddable":true,"href":"https:\/\/fineshelf.com\/sv\/wp-json\/wp\/v2\/users\/1"}],"replies":[{"embeddable":true,"href":"https:\/\/fineshelf.com\/sv\/wp-json\/wp\/v2\/comments?post=3879"}],"version-history":[{"count":5,"href":"https:\/\/fineshelf.com\/sv\/wp-json\/wp\/v2\/pages\/3879\/revisions"}],"predecessor-version":[{"id":7744,"href":"https:\/\/fineshelf.com\/sv\/wp-json\/wp\/v2\/pages\/3879\/revisions\/7744"}],"up":[{"embeddable":true,"href":"https:\/\/fineshelf.com\/sv\/wp-json\/wp\/v2\/pages\/2195"}],"wp:featuredmedia":[{"embeddable":true,"href":"https:\/\/fineshelf.com\/sv\/wp-json\/wp\/v2\/media\/7646"}],"wp:attachment":[{"href":"https:\/\/fineshelf.com\/sv\/wp-json\/wp\/v2\/media?parent=3879"}],"curies":[{"name":"wp","href":"https:\/\/api.w.org\/{rel}","templated":true}]}}