{"id":3834,"date":"2019-11-26T17:11:37","date_gmt":"2019-11-26T17:11:37","guid":{"rendered":"http:\/\/fineshelf.com\/?page_id=3834"},"modified":"2022-04-15T21:57:06","modified_gmt":"2022-04-15T21:57:06","slug":"50-ars-mamma","status":"publish","type":"page","link":"https:\/\/fineshelf.com\/sv\/presenter\/50-ars-presenter\/50-ars-mamma\/","title":{"rendered":"50 \u00e5rs present till mamma"},"content":{"rendered":"\n<div class=\"wp-block-genesis-blocks-gb-columns gb-layout-service-2 gb-layout-columns-1 one-column gb-has-custom-background-color gb-columns-center alignfull\" style=\"padding-top:10%;padding-right:5%;padding-left:5%;\"><div class=\"gb-layout-column-wrap gb-block-layout-column-gap-2 gb-is-responsive-column\" style=\"max-width:1200px\">\n<div class=\"wp-block-genesis-blocks-gb-column gb-block-layout-column\"><div class=\"gb-block-layout-column-inner\">\n<div class=\"wp-block-genesis-blocks-gb-column gb-block-layout-column\"><div class=\"gb-block-layout-column-inner\">\n<div class=\"wp-block-genesis-blocks-gb-columns popular-block gb-layout-columns-5 gb-5-col-equal\" style=\"margin-bottom:3%\"><div class=\"gb-layout-column-wrap gb-block-layout-column-gap-1 gb-is-responsive-column\">\n<div class=\"wp-block-genesis-blocks-gb-column product-holder-mini gb-block-layout-column\"><div class=\"gb-block-layout-column-inner\"><div class=\"wp-block-image\">\n<figure class=\"aligncenter size-full\"><a href=\"https:\/\/fineshelf.com\/sv\/merchant\/giftbox-champagne\/\"><img loading=\"lazy\" decoding=\"async\" width=\"900\" height=\"900\" src=\"https:\/\/fineshelf.com\/wp-content\/uploads\/2022\/04\/skicka-champagne-fineshelf.webp\" alt=\"\" class=\"wp-image-13875\" srcset=\"https:\/\/fineshelf.com\/wp-content\/uploads\/2022\/04\/skicka-champagne-fineshelf.webp 900w, https:\/\/fineshelf.com\/wp-content\/uploads\/2022\/04\/skicka-champagne-fineshelf-300x300.webp 300w, https:\/\/fineshelf.com\/wp-content\/uploads\/2022\/04\/skicka-champagne-fineshelf-150x150.webp 150w, https:\/\/fineshelf.com\/wp-content\/uploads\/2022\/04\/skicka-champagne-fineshelf-768x768.webp 768w, https:\/\/fineshelf.com\/wp-content\/uploads\/2022\/04\/skicka-champagne-fineshelf-600x600.webp 600w\" sizes=\"auto, (max-width: 900px) 100vw, 900px\" \/><\/a><\/figure>\n<\/div>\n\n\n<h4 class=\"wp-block-heading has-text-align-center\">Champagne<\/h4>\n\n\n\n<div class=\"wp-block-button has-custom-width wp-block-button__width-25 knapp-1-standalone\"><a class=\"wp-block-button__link wp-element-button\" href=\"https:\/\/fineshelf.com\/sv\/merchant\/giftbox-champagne\/\">G\u00c5 TILL PRESENT<\/a><\/div>\n<\/div><\/div>\n\n\n\n<div class=\"wp-block-genesis-blocks-gb-column product-holder-mini gb-block-layout-column\"><div class=\"gb-block-layout-column-inner\"><div class=\"wp-block-image\">\n<figure class=\"aligncenter size-large\"><a href=\"https:\/\/fineshelf.com\/sv\/merchant\/giftbox-delikatesskorg\/\"><img loading=\"lazy\" decoding=\"async\" width=\"1024\" height=\"1024\" src=\"https:\/\/fineshelf.com\/wp-content\/uploads\/2022\/04\/presentkorg-fineshelf-1024x1024.webp\" alt=\"\" class=\"wp-image-13873\" srcset=\"https:\/\/fineshelf.com\/wp-content\/uploads\/2022\/04\/presentkorg-fineshelf-1024x1024.webp 1024w, https:\/\/fineshelf.com\/wp-content\/uploads\/2022\/04\/presentkorg-fineshelf-300x300.webp 300w, https:\/\/fineshelf.com\/wp-content\/uploads\/2022\/04\/presentkorg-fineshelf-150x150.webp 150w, https:\/\/fineshelf.com\/wp-content\/uploads\/2022\/04\/presentkorg-fineshelf-768x768.webp 768w, https:\/\/fineshelf.com\/wp-content\/uploads\/2022\/04\/presentkorg-fineshelf-600x600.webp 600w, https:\/\/fineshelf.com\/wp-content\/uploads\/2022\/04\/presentkorg-fineshelf.webp 1080w\" sizes=\"auto, (max-width: 1024px) 100vw, 1024px\" \/><\/a><\/figure>\n<\/div>\n\n\n<h4 class=\"wp-block-heading has-text-align-center\"><a href=\"\/presenter\/presentkorgar\/\">Presentkorg<\/a><\/h4>\n\n\n\n<div class=\"wp-block-button knapp-1-standalone\"><a class=\"wp-block-button__link wp-element-button\" href=\"https:\/\/fineshelf.com\/sv\/merchant\/giftbox-presentkorg\/\">G\u00c5 TILL PRESENT<\/a><\/div>\n<\/div><\/div>\n\n\n\n<div class=\"wp-block-genesis-blocks-gb-column product-holder-mini gb-block-layout-column\"><div class=\"gb-block-layout-column-inner\"><div class=\"wp-block-image\">\n<figure class=\"aligncenter size-full\"><a href=\"https:\/\/fineshelf.com\/sv\/merchant\/mp-dp\/\"><img loading=\"lazy\" decoding=\"async\" width=\"900\" height=\"900\" src=\"https:\/\/fineshelf.com\/wp-content\/uploads\/2025\/10\/dp-mp.jpg\" alt=\"\" class=\"wp-image-15805\" style=\"object-fit:cover\" srcset=\"https:\/\/fineshelf.com\/wp-content\/uploads\/2025\/10\/dp-mp.jpg 900w, https:\/\/fineshelf.com\/wp-content\/uploads\/2025\/10\/dp-mp-300x300.jpg 300w, https:\/\/fineshelf.com\/wp-content\/uploads\/2025\/10\/dp-mp-150x150.jpg 150w, https:\/\/fineshelf.com\/wp-content\/uploads\/2025\/10\/dp-mp-768x768.jpg 768w, https:\/\/fineshelf.com\/wp-content\/uploads\/2025\/10\/dp-mp-600x600.jpg 600w\" sizes=\"auto, (max-width: 900px) 100vw, 900px\" \/><\/a><\/figure>\n<\/div>\n\n\n<h4 class=\"wp-block-heading has-text-align-center\">Mobil present<\/h4>\n\n\n\n<div class=\"wp-block-button knapp-1-standalone\"><a class=\"wp-block-button__link wp-element-button\" href=\"https:\/\/fineshelf.com\/sv\/merchant\/mp-dp\/\">G\u00c5 TILL PRESENT<\/a><\/div>\n<\/div><\/div>\n\n\n\n<div class=\"wp-block-genesis-blocks-gb-column product-holder-mini gb-block-layout-column\"><div class=\"gb-block-layout-column-inner\"><div class=\"wp-block-image\">\n<figure class=\"aligncenter size-full\"><a href=\"https:\/\/fineshelf.com\/sv\/merchant\/giftbox-personlig-present\/\"><img loading=\"lazy\" decoding=\"async\" width=\"345\" height=\"345\" src=\"https:\/\/fineshelf.com\/wp-content\/uploads\/2022\/04\/personlig-present.webp\" alt=\"\" class=\"wp-image-13869\" srcset=\"https:\/\/fineshelf.com\/wp-content\/uploads\/2022\/04\/personlig-present.webp 345w, https:\/\/fineshelf.com\/wp-content\/uploads\/2022\/04\/personlig-present-300x300.webp 300w, https:\/\/fineshelf.com\/wp-content\/uploads\/2022\/04\/personlig-present-150x150.webp 150w\" sizes=\"auto, (max-width: 345px) 100vw, 345px\" \/><\/a><\/figure>\n<\/div>\n\n\n<h4 class=\"wp-block-heading has-text-align-center\"> Personlig present<\/h4>\n\n\n\n<div class=\"wp-block-buttons is-content-justification-center is-layout-flex wp-container-core-buttons-is-layout-16018d1d wp-block-buttons-is-layout-flex\">\n<div class=\"wp-block-button knapp-1-standalone\"><a class=\"wp-block-button__link wp-element-button\" href=\"https:\/\/fineshelf.com\/sv\/merchant\/giftbox-personlig-present\/\">G\u00c5 till present<\/a><\/div>\n<\/div>\n<\/div><\/div>\n\n\n\n<div class=\"wp-block-genesis-blocks-gb-column product-holder-mini gb-block-layout-column\"><div class=\"gb-block-layout-column-inner\"><div class=\"wp-block-image\">\n<figure class=\"aligncenter size-full\"><a href=\"https:\/\/fineshelf.com\/sv\/merchant\/giftbox-blombud\/\"><img loading=\"lazy\" decoding=\"async\" width=\"745\" height=\"745\" src=\"https:\/\/fineshelf.com\/wp-content\/uploads\/2022\/04\/blombud.webp\" alt=\"\" class=\"wp-image-13857\" srcset=\"https:\/\/fineshelf.com\/wp-content\/uploads\/2022\/04\/blombud.webp 745w, https:\/\/fineshelf.com\/wp-content\/uploads\/2022\/04\/blombud-300x300.webp 300w, https:\/\/fineshelf.com\/wp-content\/uploads\/2022\/04\/blombud-150x150.webp 150w, https:\/\/fineshelf.com\/wp-content\/uploads\/2022\/04\/blombud-600x600.webp 600w\" sizes=\"auto, (max-width: 745px) 100vw, 745px\" \/><\/a><\/figure>\n<\/div>\n\n\n<h4 class=\"wp-block-heading has-text-align-center\"> Blombud<\/h4>\n\n\n\n<div class=\"wp-block-buttons is-layout-flex wp-block-buttons-is-layout-flex\">\n<div class=\"wp-block-button aligncenter knapp-1-standalone\"><a class=\"wp-block-button__link wp-element-button\" href=\"https:\/\/fineshelf.com\/sv\/merchant\/giftbox-blombud\/\">G\u00c5 TILL PRESENT<\/a><\/div>\n<\/div>\n<\/div><\/div>\n<\/div><\/div>\n<\/div><\/div>\n\n\n\n<hr class=\"wp-block-separator has-css-opacity is-style-wide divider-giftblock\"\/>\n<\/div><\/div>\n<\/div><\/div>\n\n\n\n<h2 class=\"wp-block-heading\"><strong>Fantastiska 50 \u00e5rspresenter till fantastiska mamma<\/strong><\/h2>\n\n\n\n<p>Egentligen s\u00e5 g\u00e5r det inte att med en&nbsp;<a href=\"\/sv\/presenter\/mamma\/\">present till mamma<\/a>&nbsp;visa hur mycket hon betyder. Inga ord rymmer all den k\u00e4rlek och uppskattning som du k\u00e4nner. F\u00f6rs\u00f6k inte uppfinna hjulet eller att med presentens storlek visa hur du k\u00e4nner. Det \u00e4r om\u00f6jligt!<\/p>\n\n\n\n<p>Vi kan lova dig att din mamma kommer att bli s\u00e5 glad n\u00e4r du visar din k\u00e4rlek med en present som du har valt. Det \u00e4r just att du v\u00e4ljer som \u00e4r s\u00e5 viktigt. De beh\u00f6ver inte bli fulltr\u00e4ff, men det blir antagligen det d\u00e5 du ger mamma en 50 \u00e5rs present som du ocks\u00e5 tycker om.<\/p>\n\n\n\n<h2 class=\"wp-block-heading\"><strong>50 \u00e5rs present till mamma som har allt<\/strong><\/h2>\n\n\n\n<p>Det finns mammor som har allt, trots att de inte har s\u00e5 mycket. N\u00e4r du fr\u00e5gar vad hon \u00f6nskar dig s\u00e5 f\u00e5r du andliga svar om att din h\u00e4lsa och v\u00e4lg\u00e5ng \u00e4r viktigast f\u00f6r henne. Den h\u00e4r typen av mammor kan vara sv\u00e5ra att k\u00f6pa present till helt enkelt f\u00f6r att de inte direkt s\u00e4ger vad de skulle vilja ha.<\/p>\n\n\n\n<p>Men du kan vara listig som en r\u00e4v och \u00f6verraska med en 50 \u00e5rs present mamma aldrig hade r\u00e4knat med. N\u00e5got som hon faktiskt kommer att bli riktigt glad \u00f6ver. T\u00e4nk p\u00e5 f\u00f6ljande:<\/p>\n\n\n\n<ul class=\"wp-block-list\"><li><strong>Mamma beh\u00f6ver h\u00e4lsa<\/strong>&nbsp;\u2013 Precis som att hon \u00f6nskar dig v\u00e4l s\u00e5 vill du att hon ska vara frisk. En present med tanke ger henne gl\u00e4dje och d\u00e4rmed h\u00e4lsa. Men du kan ocks\u00e5 v\u00e4lja n\u00e5got som har med kost och tr\u00e4ning att g\u00f6ra. Kvinnor \u00f6ver 50 (enligt en studie p\u00e5 North American Menopause Society) f\u00e5r b\u00e4st effekt av tr\u00e4ning!<\/li><li><strong>Hon uppskattar god smak<\/strong>&nbsp;\u2013 V\u00e4lj ett smycke, vackra glas eller n\u00e5got annat med fin design. En helt vanlig sak blir n\u00e5got alldeles unikt n\u00e4r den \u00e4r framtagen med tanke p\u00e5 estetik.<\/li><li>&nbsp;Mamma<strong>&nbsp;vill ocks\u00e5 ha kul&nbsp;<\/strong>\u2013 En present kan vara en upplevelse. Girls just wanna have fun och hon \u00e4r fortfarande en t\u00f6s i hj\u00e4rtat trots att hon har fyllt 50. V\u00e4lj en sp\u00e4nnande aktivitet som du kan delta i.<\/li><li><strong>T\u00e4nk enkelt<\/strong>&nbsp;\u2013 Ibland s\u00e5 finns de&nbsp;<a href=\"\/sv\/presenter\/50-ars-presenter\/50-ars-kvinna\/\">b\u00e4sta presenterna till en kvinna som fyller 50 \u00e5r<\/a>&nbsp;i det enkla. Se p\u00e5 v\u00e5ra tips och bet\u00e4nk hur hon hade reagerat p\u00e5 det som vi f\u00f6resl\u00e5r. Du inser att \u00e4ven ett litet paket kan leda till ett stort leende oavsett vad hon har eller inte har.<\/li><\/ul>\n","protected":false},"excerpt":{"rendered":"<p>Fantastiska 50 \u00e5rspresenter till fantastiska mamma Egentligen s\u00e5 g\u00e5r det inte att med en&nbsp;present till mamma&nbsp;visa hur mycket hon betyder. Inga ord rymmer all den k\u00e4rlek och uppskattning som du k\u00e4nner. F\u00f6rs\u00f6k inte uppfinna hjulet eller att med presentens storlek visa hur du k\u00e4nner. Det \u00e4r om\u00f6jligt! Vi kan lova dig att din mamma kommer [&hellip;]<\/p>\n","protected":false},"author":1,"featured_media":0,"parent":2879,"menu_order":0,"comment_status":"closed","ping_status":"closed","template":"","meta":{"_genesis_hide_title":false,"_genesis_hide_breadcrumbs":false,"_genesis_hide_singular_image":false,"_genesis_hide_footer_widgets":false,"_genesis_custom_body_class":"","_genesis_custom_post_class":"","_genesis_layout":"full-width-content","footnotes":""},"class_list":{"0":"post-3834","1":"page","2":"type-page","3":"status-publish","5":"entry","6":"has-post-thumbnail"},"yoast_head":"<!-- This site is optimized with the Yoast SEO plugin v27.5 - https:\/\/yoast.com\/product\/yoast-seo-wordpress\/ -->\n<title>50 \u00e5rs present till mamma - Fineshelf.com<\/title>\n<meta name=\"robots\" content=\"index, follow, max-snippet:-1, max-image-preview:large, max-video-preview:-1\" \/>\n<link rel=\"canonical\" href=\"https:\/\/fineshelf.com\/sv\/presenter\/50-ars-presenter\/50-ars-mamma\/\" \/>\n<meta property=\"og:locale\" content=\"sv_SE\" \/>\n<meta property=\"og:type\" content=\"article\" \/>\n<meta property=\"og:title\" content=\"50 \u00e5rs present till mamma - Fineshelf.com\" \/>\n<meta property=\"og:description\" content=\"Fantastiska 50 \u00e5rspresenter till fantastiska mamma Egentligen s\u00e5 g\u00e5r det inte att med en&nbsp;present till mamma&nbsp;visa hur mycket hon betyder. Inga ord rymmer all den k\u00e4rlek och uppskattning som du k\u00e4nner. F\u00f6rs\u00f6k inte uppfinna hjulet eller att med presentens storlek visa hur du k\u00e4nner. Det \u00e4r om\u00f6jligt! Vi kan lova dig att din mamma kommer [&hellip;]\" \/>\n<meta property=\"og:url\" content=\"https:\/\/fineshelf.com\/sv\/presenter\/50-ars-presenter\/50-ars-mamma\/\" \/>\n<meta property=\"og:site_name\" content=\"Fineshelf.com\" \/>\n<meta property=\"article:modified_time\" content=\"2022-04-15T21:57:06+00:00\" \/>\n<meta name=\"twitter:card\" content=\"summary_large_image\" \/>\n<meta name=\"twitter:label1\" content=\"Ber\u00e4knad l\u00e4stid\" \/>\n\t<meta name=\"twitter:data1\" content=\"2 minuter\" \/>\n<script type=\"application\/ld+json\" class=\"yoast-schema-graph\">{\"@context\":\"https:\\\/\\\/schema.org\",\"@graph\":[{\"@type\":\"WebPage\",\"@id\":\"https:\\\/\\\/fineshelf.com\\\/sv\\\/presenter\\\/50-ars-presenter\\\/50-ars-mamma\\\/\",\"url\":\"https:\\\/\\\/fineshelf.com\\\/sv\\\/presenter\\\/50-ars-presenter\\\/50-ars-mamma\\\/\",\"name\":\"50 \u00e5rs present till mamma - Fineshelf.com\",\"isPartOf\":{\"@id\":\"https:\\\/\\\/fineshelf.com\\\/sv\\\/#website\"},\"datePublished\":\"2019-11-26T17:11:37+00:00\",\"dateModified\":\"2022-04-15T21:57:06+00:00\",\"breadcrumb\":{\"@id\":\"https:\\\/\\\/fineshelf.com\\\/sv\\\/presenter\\\/50-ars-presenter\\\/50-ars-mamma\\\/#breadcrumb\"},\"inLanguage\":\"sv-SE\",\"potentialAction\":[{\"@type\":\"ReadAction\",\"target\":[\"https:\\\/\\\/fineshelf.com\\\/sv\\\/presenter\\\/50-ars-presenter\\\/50-ars-mamma\\\/\"]}]},{\"@type\":\"BreadcrumbList\",\"@id\":\"https:\\\/\\\/fineshelf.com\\\/sv\\\/presenter\\\/50-ars-presenter\\\/50-ars-mamma\\\/#breadcrumb\",\"itemListElement\":[{\"@type\":\"ListItem\",\"position\":1,\"name\":\"Home\",\"item\":\"https:\\\/\\\/fineshelf.com\\\/sv\\\/\"},{\"@type\":\"ListItem\",\"position\":2,\"name\":\"Skicka presenter\",\"item\":\"https:\\\/\\\/fineshelf.com\\\/sv\\\/presenter\\\/\"},{\"@type\":\"ListItem\",\"position\":3,\"name\":\"50 \u00e5rs present\",\"item\":\"https:\\\/\\\/fineshelf.com\\\/sv\\\/presenter\\\/50-ars-presenter\\\/\"},{\"@type\":\"ListItem\",\"position\":4,\"name\":\"50 \u00e5rs present till mamma\"}]},{\"@type\":\"WebSite\",\"@id\":\"https:\\\/\\\/fineshelf.com\\\/sv\\\/#website\",\"url\":\"https:\\\/\\\/fineshelf.com\\\/sv\\\/\",\"name\":\"Fineshelf.com\",\"description\":\"FS\",\"publisher\":{\"@id\":\"https:\\\/\\\/fineshelf.com\\\/sv\\\/#organization\"},\"potentialAction\":[{\"@type\":\"SearchAction\",\"target\":{\"@type\":\"EntryPoint\",\"urlTemplate\":\"https:\\\/\\\/fineshelf.com\\\/sv\\\/?s={search_term_string}\"},\"query-input\":{\"@type\":\"PropertyValueSpecification\",\"valueRequired\":true,\"valueName\":\"search_term_string\"}}],\"inLanguage\":\"sv-SE\"},{\"@type\":\"Organization\",\"@id\":\"https:\\\/\\\/fineshelf.com\\\/sv\\\/#organization\",\"name\":\"Fineshelf AB\",\"url\":\"https:\\\/\\\/fineshelf.com\\\/sv\\\/\",\"logo\":{\"@type\":\"ImageObject\",\"inLanguage\":\"sv-SE\",\"@id\":\"https:\\\/\\\/fineshelf.com\\\/sv\\\/#\\\/schema\\\/logo\\\/image\\\/\",\"url\":\"https:\\\/\\\/i0.wp.com\\\/fineshelf.com\\\/wp-content\\\/uploads\\\/2022\\\/06\\\/fineshelf-logo-black-background-simple.png?fit=500%2C128&ssl=1\",\"contentUrl\":\"https:\\\/\\\/i0.wp.com\\\/fineshelf.com\\\/wp-content\\\/uploads\\\/2022\\\/06\\\/fineshelf-logo-black-background-simple.png?fit=500%2C128&ssl=1\",\"width\":500,\"height\":128,\"caption\":\"Fineshelf AB\"},\"image\":{\"@id\":\"https:\\\/\\\/fineshelf.com\\\/sv\\\/#\\\/schema\\\/logo\\\/image\\\/\"}}]}<\/script>\n<!-- \/ Yoast SEO plugin. -->","yoast_head_json":{"title":"50 \u00e5rs present till mamma - Fineshelf.com","robots":{"index":"index","follow":"follow","max-snippet":"max-snippet:-1","max-image-preview":"max-image-preview:large","max-video-preview":"max-video-preview:-1"},"canonical":"https:\/\/fineshelf.com\/sv\/presenter\/50-ars-presenter\/50-ars-mamma\/","og_locale":"sv_SE","og_type":"article","og_title":"50 \u00e5rs present till mamma - Fineshelf.com","og_description":"Fantastiska 50 \u00e5rspresenter till fantastiska mamma Egentligen s\u00e5 g\u00e5r det inte att med en&nbsp;present till mamma&nbsp;visa hur mycket hon betyder. Inga ord rymmer all den k\u00e4rlek och uppskattning som du k\u00e4nner. F\u00f6rs\u00f6k inte uppfinna hjulet eller att med presentens storlek visa hur du k\u00e4nner. Det \u00e4r om\u00f6jligt! Vi kan lova dig att din mamma kommer [&hellip;]","og_url":"https:\/\/fineshelf.com\/sv\/presenter\/50-ars-presenter\/50-ars-mamma\/","og_site_name":"Fineshelf.com","article_modified_time":"2022-04-15T21:57:06+00:00","twitter_card":"summary_large_image","twitter_misc":{"Ber\u00e4knad l\u00e4stid":"2 minuter"},"schema":{"@context":"https:\/\/schema.org","@graph":[{"@type":"WebPage","@id":"https:\/\/fineshelf.com\/sv\/presenter\/50-ars-presenter\/50-ars-mamma\/","url":"https:\/\/fineshelf.com\/sv\/presenter\/50-ars-presenter\/50-ars-mamma\/","name":"50 \u00e5rs present till mamma - Fineshelf.com","isPartOf":{"@id":"https:\/\/fineshelf.com\/sv\/#website"},"datePublished":"2019-11-26T17:11:37+00:00","dateModified":"2022-04-15T21:57:06+00:00","breadcrumb":{"@id":"https:\/\/fineshelf.com\/sv\/presenter\/50-ars-presenter\/50-ars-mamma\/#breadcrumb"},"inLanguage":"sv-SE","potentialAction":[{"@type":"ReadAction","target":["https:\/\/fineshelf.com\/sv\/presenter\/50-ars-presenter\/50-ars-mamma\/"]}]},{"@type":"BreadcrumbList","@id":"https:\/\/fineshelf.com\/sv\/presenter\/50-ars-presenter\/50-ars-mamma\/#breadcrumb","itemListElement":[{"@type":"ListItem","position":1,"name":"Home","item":"https:\/\/fineshelf.com\/sv\/"},{"@type":"ListItem","position":2,"name":"Skicka presenter","item":"https:\/\/fineshelf.com\/sv\/presenter\/"},{"@type":"ListItem","position":3,"name":"50 \u00e5rs present","item":"https:\/\/fineshelf.com\/sv\/presenter\/50-ars-presenter\/"},{"@type":"ListItem","position":4,"name":"50 \u00e5rs present till mamma"}]},{"@type":"WebSite","@id":"https:\/\/fineshelf.com\/sv\/#website","url":"https:\/\/fineshelf.com\/sv\/","name":"Fineshelf.com","description":"FS","publisher":{"@id":"https:\/\/fineshelf.com\/sv\/#organization"},"potentialAction":[{"@type":"SearchAction","target":{"@type":"EntryPoint","urlTemplate":"https:\/\/fineshelf.com\/sv\/?s={search_term_string}"},"query-input":{"@type":"PropertyValueSpecification","valueRequired":true,"valueName":"search_term_string"}}],"inLanguage":"sv-SE"},{"@type":"Organization","@id":"https:\/\/fineshelf.com\/sv\/#organization","name":"Fineshelf AB","url":"https:\/\/fineshelf.com\/sv\/","logo":{"@type":"ImageObject","inLanguage":"sv-SE","@id":"https:\/\/fineshelf.com\/sv\/#\/schema\/logo\/image\/","url":"https:\/\/i0.wp.com\/fineshelf.com\/wp-content\/uploads\/2022\/06\/fineshelf-logo-black-background-simple.png?fit=500%2C128&ssl=1","contentUrl":"https:\/\/i0.wp.com\/fineshelf.com\/wp-content\/uploads\/2022\/06\/fineshelf-logo-black-background-simple.png?fit=500%2C128&ssl=1","width":500,"height":128,"caption":"Fineshelf AB"},"image":{"@id":"https:\/\/fineshelf.com\/sv\/#\/schema\/logo\/image\/"}}]}},"featured_image_src":null,"featured_image_src_square":null,"_links":{"self":[{"href":"https:\/\/fineshelf.com\/sv\/wp-json\/wp\/v2\/pages\/3834","targetHints":{"allow":["GET"]}}],"collection":[{"href":"https:\/\/fineshelf.com\/sv\/wp-json\/wp\/v2\/pages"}],"about":[{"href":"https:\/\/fineshelf.com\/sv\/wp-json\/wp\/v2\/types\/page"}],"author":[{"embeddable":true,"href":"https:\/\/fineshelf.com\/sv\/wp-json\/wp\/v2\/users\/1"}],"replies":[{"embeddable":true,"href":"https:\/\/fineshelf.com\/sv\/wp-json\/wp\/v2\/comments?post=3834"}],"version-history":[{"count":5,"href":"https:\/\/fineshelf.com\/sv\/wp-json\/wp\/v2\/pages\/3834\/revisions"}],"predecessor-version":[{"id":14490,"href":"https:\/\/fineshelf.com\/sv\/wp-json\/wp\/v2\/pages\/3834\/revisions\/14490"}],"up":[{"embeddable":true,"href":"https:\/\/fineshelf.com\/sv\/wp-json\/wp\/v2\/pages\/2879"}],"wp:attachment":[{"href":"https:\/\/fineshelf.com\/sv\/wp-json\/wp\/v2\/media?parent=3834"}],"curies":[{"name":"wp","href":"https:\/\/api.w.org\/{rel}","templated":true}]}}