{"id":14969,"date":"2022-08-17T13:53:27","date_gmt":"2022-08-17T13:53:27","guid":{"rendered":"https:\/\/fineshelf.com\/?page_id=14969"},"modified":"2022-08-18T08:34:05","modified_gmt":"2022-08-18T08:34:05","slug":"tomma","status":"publish","type":"page","link":"https:\/\/fineshelf.com\/sv\/presenter\/presentkorgar\/tomma\/","title":{"rendered":"Tomma presentkorgar"},"content":{"rendered":"\n<p class=\"has-large-font-size\">Ska du s\u00e4tta ihop din egna presentkorg och letar efter sj\u00e4lva korgen att l\u00e4gga allting i ? Vi har valt ut fina tomma presentkorgar som \u00e4ven kan anv\u00e4ndas till annat efter\u00e5t. Levereras tomma och kan kompletteras av dig sj\u00e4lv med mat, godis eller andra roligt inneh\u00e5ll. Tanken \u00e4r att mottagaren (efter de t\u00f6mt presentkorgarna) sedan kan anv\u00e4nda dem som f\u00f6rvaringskorgar ist\u00e4llet. Smart va? Vi p\u00e5 fineshelf fycker det&#8230;<\/p>\n\n\n\n<div class=\"wp-block-genesis-blocks-gb-columns gb-layout-columns-2 gb-2-col-equal gb-columns-center alignfull\" style=\"margin-bottom:5%\"><div class=\"gb-layout-column-wrap gb-block-layout-column-gap-2 gb-is-responsive-column\" style=\"max-width:800px\">\n<div class=\"wp-block-genesis-blocks-gb-column product-holder gb-block-layout-column\"><div class=\"gb-block-layout-column-inner\"><div class=\"wp-block-image\">\n<figure class=\"aligncenter size-full\"><img loading=\"lazy\" decoding=\"async\" width=\"640\" height=\"640\" src=\"https:\/\/fineshelf.com\/wp-content\/uploads\/2022\/08\/1-tom-presentkorg.jpg\" alt=\"Fl\u00e4tad Camcamcopenhagen presentkorg med pom-pom bollar\" class=\"wp-image-14959\" srcset=\"https:\/\/fineshelf.com\/wp-content\/uploads\/2022\/08\/1-tom-presentkorg.jpg 640w, https:\/\/fineshelf.com\/wp-content\/uploads\/2022\/08\/1-tom-presentkorg-300x300.jpg 300w, https:\/\/fineshelf.com\/wp-content\/uploads\/2022\/08\/1-tom-presentkorg-150x150.jpg 150w, https:\/\/fineshelf.com\/wp-content\/uploads\/2022\/08\/1-tom-presentkorg-600x600.jpg 600w\" sizes=\"auto, (max-width: 640px) 100vw, 640px\" \/><\/figure>\n<\/div>\n\n\n<h4 class=\"has-text-align-center wp-block-heading\">Camcamcopenhagen korg<\/h4>\n\n\n\n<p class=\"product-paragraf\">En s\u00f6t och \u201clagom\u201d stor korg i fl\u00e4tad bast och med handtag som g\u00f6r den l\u00e4tt att b\u00e4ra. Korgen \u00e4r dekorerad med pom-pom bollar runtom som g\u00e5r att f\u00e5 i olika f\u00e4rger. Bra n\u00e4r man vill matcha med inneh\u00e5llet. Passar f\u00f6r t.ex. SPA-korg, godiskorg eller <a href=\"https:\/\/fineshelf.com\/sv\/presenter\/babyshower\/\">babyshower<\/a>.<\/p>\n\n\n\n<div id=\"pr-product-widget-b1d76750\" style=\"display: block; width: 100%\"><\/div>\n    <script type=\"text\/javascript\" src=\"https:\/\/api.pricerunner.com\/publisher-widgets\/se\/product.js?onlyInStock=true&amp;offerOrigin=NATIONAL&amp;offerLimit=1&amp;productId=3200330247&amp;partnerId=adrunner_se_fineshelf&amp;primaryBoxShadow=false&amp;priceBoxShadow=false&amp;primaryFont=false&amp;showRating=false&amp;showImages=false&amp;showLogos=false&amp;showProductName=false&amp;widgetId=pr-product-widget-b1d76750\" async=\"\"><\/script>\n<\/div><\/div>\n\n\n\n<div class=\"wp-block-genesis-blocks-gb-column product-holder gb-block-layout-column\"><div class=\"gb-block-layout-column-inner\"><div class=\"wp-block-image\">\n<figure class=\"aligncenter size-full\"><img loading=\"lazy\" decoding=\"async\" width=\"640\" height=\"640\" src=\"https:\/\/fineshelf.com\/wp-content\/uploads\/2022\/08\/2-tom-presentkorg.jpg\" alt=\"Beige Rice Raffia korg med r\u00f6da hj\u00e4rtan och rosa handtag\" class=\"wp-image-14961\" srcset=\"https:\/\/fineshelf.com\/wp-content\/uploads\/2022\/08\/2-tom-presentkorg.jpg 640w, https:\/\/fineshelf.com\/wp-content\/uploads\/2022\/08\/2-tom-presentkorg-300x300.jpg 300w, https:\/\/fineshelf.com\/wp-content\/uploads\/2022\/08\/2-tom-presentkorg-150x150.jpg 150w, https:\/\/fineshelf.com\/wp-content\/uploads\/2022\/08\/2-tom-presentkorg-600x600.jpg 600w\" sizes=\"auto, (max-width: 640px) 100vw, 640px\" \/><\/figure>\n<\/div>\n\n\n<h4 class=\"has-text-align-center wp-block-heading\">Rice Raffia korg med hj\u00e4rtan<\/h4>\n\n\n\n<p class=\"product-paragraf\">Korgen till din Sweetheart. Dena lilla gulliga korg \u00e4r dekorerad med sm\u00e5, sm\u00e5 hj\u00e4rtan. Skicka den full med godis som den perfekta <a href=\"https:\/\/fineshelf.com\/sv\/presenter\/alla-hjartans-dag-presenter\/\">alla hj\u00e4rtans dag-present<\/a> eller med en fin nalle till ditt barn p\u00e5 f\u00f6delsedagen. Fin som f\u00f6rvaring av sm\u00e5saker. <\/p>\n\n\n\n<div id=\"pr-product-widget-0da3c510\" style=\"display: block; width: 100%\"><\/div>\n    <script type=\"text\/javascript\" src=\"https:\/\/api.pricerunner.com\/publisher-widgets\/se\/product.js?onlyInStock=true&amp;offerOrigin=NATIONAL&amp;offerLimit=1&amp;productId=3200086877&amp;partnerId=adrunner_se_fineshelf&amp;primaryBoxShadow=false&amp;priceBoxShadow=false&amp;primaryFont=false&amp;showRating=false&amp;showImages=false&amp;showLogos=false&amp;showProductName=false&amp;widgetId=pr-product-widget-0da3c510\" async=\"\"><\/script>\n<\/div><\/div>\n<\/div><\/div>\n\n\n\n<div class=\"wp-block-genesis-blocks-gb-columns gb-layout-columns-3 gb-3-col-equal alignfull\" style=\"margin-bottom:5%\"><div class=\"gb-layout-column-wrap gb-block-layout-column-gap-2 gb-is-responsive-column\">\n<div class=\"wp-block-genesis-blocks-gb-column product-holder gb-block-layout-column\"><div class=\"gb-block-layout-column-inner\"><div class=\"wp-block-image\">\n<figure class=\"aligncenter size-full\"><img loading=\"lazy\" decoding=\"async\" width=\"640\" height=\"640\" src=\"https:\/\/fineshelf.com\/wp-content\/uploads\/2022\/08\/3-tom-presentkorg.png\" alt=\"R\u00f6d Liewood Weston F\u00f6rvaringskorg \/ presentkorg\" class=\"wp-image-14963\" srcset=\"https:\/\/fineshelf.com\/wp-content\/uploads\/2022\/08\/3-tom-presentkorg.png 640w, https:\/\/fineshelf.com\/wp-content\/uploads\/2022\/08\/3-tom-presentkorg-300x300.png 300w, https:\/\/fineshelf.com\/wp-content\/uploads\/2022\/08\/3-tom-presentkorg-150x150.png 150w, https:\/\/fineshelf.com\/wp-content\/uploads\/2022\/08\/3-tom-presentkorg-600x600.png 600w\" sizes=\"auto, (max-width: 640px) 100vw, 640px\" \/><\/figure>\n<\/div>\n\n\n<h4 class=\"has-text-align-center wp-block-heading\">Liewood Weston F\u00f6rvaringskorg \/ presentkorg<\/h4>\n\n\n\n<p class=\"product-paragraf\">En rustik och rej\u00e4l korg, f\u00f6r att inte s\u00e4ga l\u00e5da. F\u00f6r dig som hade t\u00e4nkt att satsa p\u00e5 stort. Denna korg har rej\u00e4la b\u00e4rhandtag p\u00e5 sidorna och t\u00e5l lite tyngd. Bra alternativ om du hade t\u00e4nkt ge bort n\u00e5got drickbart. N\u00e4r presenterna \u00e4r slut s\u00e5 blir l\u00e5dan en smart f\u00f6rvaring som kan f\u00e4llas ihop och stuvas undan. V\u00e4lj mellan r\u00f6d eller gr\u00e5.<\/p>\n\n\n\n<div id=\"pr-product-widget-e5e2f630\" style=\"display: block; width: 100%\"><\/div>\n    <script type=\"text\/javascript\" src=\"https:\/\/api.pricerunner.com\/publisher-widgets\/se\/product.js?onlyInStock=true&amp;offerOrigin=NATIONAL&amp;offerLimit=1&amp;productId=3201060770&amp;partnerId=adrunner_se_fineshelf&amp;primaryBoxShadow=false&amp;priceBoxShadow=false&amp;primaryFont=false&amp;showRating=false&amp;showImages=false&amp;showLogos=false&amp;showProductName=false&amp;widgetId=pr-product-widget-e5e2f630\" async=\"\"><\/script>\n<\/div><\/div>\n\n\n\n<div class=\"wp-block-genesis-blocks-gb-column product-holder gb-block-layout-column\"><div class=\"gb-block-layout-column-inner\"><div class=\"wp-block-image\">\n<figure class=\"aligncenter size-full\"><img loading=\"lazy\" decoding=\"async\" width=\"640\" height=\"640\" src=\"https:\/\/fineshelf.com\/wp-content\/uploads\/2022\/08\/4-tom-presentkorg.jpg\" alt=\"Rosa Rice Raffia presentkorg med l\u00e4derhandtag\" class=\"wp-image-14965\" srcset=\"https:\/\/fineshelf.com\/wp-content\/uploads\/2022\/08\/4-tom-presentkorg.jpg 640w, https:\/\/fineshelf.com\/wp-content\/uploads\/2022\/08\/4-tom-presentkorg-300x300.jpg 300w, https:\/\/fineshelf.com\/wp-content\/uploads\/2022\/08\/4-tom-presentkorg-150x150.jpg 150w, https:\/\/fineshelf.com\/wp-content\/uploads\/2022\/08\/4-tom-presentkorg-600x600.jpg 600w\" sizes=\"auto, (max-width: 640px) 100vw, 640px\" \/><\/figure>\n<\/div>\n\n\n<h4 class=\"has-text-align-center wp-block-heading\">Rice Raffia presentkorg med l\u00e4derhandtag<\/h4>\n\n\n\n<p class=\"product-paragraf\">Denna korg \u00e4r i neutralt utseende och anv\u00e4ndbar till det mesta. Fina l\u00e4derhandtag p\u00e5 sidorna bidrar till den rustika looken och underl\u00e4ttar b\u00e4randet. Fyll korgen med delikatesser, sk\u00f6nhetsprodukter, leksaker, godis eller annat. Finns i m\u00e5nga olika f\u00e4rger. V\u00e5r favorit \u00e4r trots den rosa i bild ovan.<\/p>\n\n\n\n<div id=\"pr-product-widget-6f274d20\" style=\"display: block; width: 100%\"><\/div>\n    <script type=\"text\/javascript\" src=\"https:\/\/api.pricerunner.com\/publisher-widgets\/se\/product.js?onlyInStock=true&amp;offerOrigin=NATIONAL&amp;offerLimit=1&amp;productId=3439586&amp;partnerId=adrunner_se_fineshelf&amp;primaryBoxShadow=false&amp;priceBoxShadow=false&amp;primaryFont=false&amp;showRating=false&amp;showImages=false&amp;showLogos=false&amp;showProductName=false&amp;widgetId=pr-product-widget-6f274d20\" async=\"\"><\/script>\n<\/div><\/div>\n\n\n\n<div class=\"wp-block-genesis-blocks-gb-column product-holder gb-block-layout-column\"><div class=\"gb-block-layout-column-inner\"><div class=\"wp-block-image\">\n<figure class=\"aligncenter size-full\"><img loading=\"lazy\" decoding=\"async\" width=\"640\" height=\"640\" src=\"https:\/\/fineshelf.com\/wp-content\/uploads\/2022\/08\/5-tom-presentkorg.jpg\" alt=\"Ljusbl\u00e5 Liewood Bloom presentkortg \/ Korgv\u00e4ska\" class=\"wp-image-14967\" srcset=\"https:\/\/fineshelf.com\/wp-content\/uploads\/2022\/08\/5-tom-presentkorg.jpg 640w, https:\/\/fineshelf.com\/wp-content\/uploads\/2022\/08\/5-tom-presentkorg-300x300.jpg 300w, https:\/\/fineshelf.com\/wp-content\/uploads\/2022\/08\/5-tom-presentkorg-150x150.jpg 150w, https:\/\/fineshelf.com\/wp-content\/uploads\/2022\/08\/5-tom-presentkorg-600x600.jpg 600w\" sizes=\"auto, (max-width: 640px) 100vw, 640px\" \/><\/figure>\n<\/div>\n\n\n<h4 class=\"has-text-align-center wp-block-heading\">Liewood Bloom presentkortg \/ Korgv\u00e4ska<\/h4>\n\n\n\n<p class=\"product-paragraf\">En annorlunda, \u00f6ppen korgv\u00e4ska d\u00e4r man verkligen ser inneh\u00e5llet. Fyll korgen med en flaska vin, ett pain riche och en burk oliver, ett SPA-kit med en fin handduk och en duschtv\u00e5l eller silkespapper och fullproppad med chokladkakor. Ett stort plus \u00e4r att denna fina korg \u00e4ven fungerar som till exempel shoppingv\u00e4ska n\u00e4r inneh\u00e5llet \u00e4r slut. <\/p>\n\n\n\n<div id=\"pr-product-widget-fba296b0\" style=\"display: block; width: 100%\"><\/div>\n    <script type=\"text\/javascript\" src=\"https:\/\/api.pricerunner.com\/publisher-widgets\/se\/product.js?onlyInStock=true&amp;offerOrigin=NATIONAL&amp;offerLimit=1&amp;productId=3201066266&amp;partnerId=adrunner_se_fineshelf&amp;primaryBoxShadow=false&amp;priceBoxShadow=false&amp;primaryFont=false&amp;showRating=false&amp;showImages=false&amp;showLogos=false&amp;showProductName=false&amp;widgetId=pr-product-widget-fba296b0\" async=\"\"><\/script>\n<\/div><\/div>\n<\/div><\/div>\n\n\n\n<p><strong>Relaterade artiklar:<\/strong><\/p>\n\n\n<section class=\"gb-block-post-grid featuredpage aligncenter\"><div class=\"gb-post-grid-items is-grid columns-2\"><article id=\"post-14764\" class=\"gb-post-grid-item post-14764 page type-page status-publish has-post-thumbnail entry\"><div class=\"gb-block-post-grid-image\"><a href=\"https:\/\/fineshelf.com\/sv\/presenter\/presentbox\/\" rel=\"bookmark\" aria-hidden=\"true\" tabindex=\"-1\"><img loading=\"lazy\" decoding=\"async\" width=\"1000\" height=\"1000\" src=\"https:\/\/fineshelf.com\/wp-content\/uploads\/2022\/05\/presentbox-franska-delikatesser.jpg\" class=\"attachment-full size-full\" alt=\"Presentbox med franska matdelikatesser\" srcset=\"https:\/\/fineshelf.com\/wp-content\/uploads\/2022\/05\/presentbox-franska-delikatesser.jpg 1000w, https:\/\/fineshelf.com\/wp-content\/uploads\/2022\/05\/presentbox-franska-delikatesser-300x300.jpg 300w, https:\/\/fineshelf.com\/wp-content\/uploads\/2022\/05\/presentbox-franska-delikatesser-150x150.jpg 150w, https:\/\/fineshelf.com\/wp-content\/uploads\/2022\/05\/presentbox-franska-delikatesser-768x768.jpg 768w, https:\/\/fineshelf.com\/wp-content\/uploads\/2022\/05\/presentbox-franska-delikatesser-600x600.jpg 600w\" sizes=\"auto, (max-width: 1000px) 100vw, 1000px\" \/><\/a><\/div><div class=\"gb-block-post-grid-text\"><header class=\"gb-block-post-grid-header\"><h3 class=\"gb-block-post-grid-title\"><a href=\"https:\/\/fineshelf.com\/sv\/presenter\/presentbox\/\" rel=\"bookmark\">30 fina Presentboxar &#038; presentl\u00e5dor till honom &#038; henne<\/a><\/h3><\/header><div class=\"gb-block-post-grid-excerpt\"><p>&hellip;<\/p>\n<p><a class=\"gb-block-post-grid-more-link gb-text-link\" href=\"https:\/\/fineshelf.com\/sv\/presenter\/presentbox\/\" rel=\"bookmark\">G\u00e5 till artikel <span class=\"screen-reader-text\">30 fina Presentboxar &#038; presentl\u00e5dor till honom &#038; henne<\/span><\/a><\/p><\/div><\/div><\/article>\n<article id=\"post-5947\" class=\"gb-post-grid-item post-5947 page type-page status-publish has-post-thumbnail entry\"><div class=\"gb-block-post-grid-image\"><a href=\"https:\/\/fineshelf.com\/sv\/presenter\/ga-bort-present\/\" rel=\"bookmark\" aria-hidden=\"true\" tabindex=\"-1\"><img loading=\"lazy\" decoding=\"async\" width=\"1500\" height=\"800\" src=\"https:\/\/fineshelf.com\/wp-content\/uploads\/2019\/12\/ga-bort-present-kollage.jpg\" class=\"attachment-full size-full\" alt=\"Kollage med g\u00e5 bort presenter: 3 exempel fr\u00e5n artikeln\" srcset=\"https:\/\/fineshelf.com\/wp-content\/uploads\/2019\/12\/ga-bort-present-kollage.jpg 1500w, https:\/\/fineshelf.com\/wp-content\/uploads\/2019\/12\/ga-bort-present-kollage-300x160.jpg 300w, https:\/\/fineshelf.com\/wp-content\/uploads\/2019\/12\/ga-bort-present-kollage-1024x546.jpg 1024w, https:\/\/fineshelf.com\/wp-content\/uploads\/2019\/12\/ga-bort-present-kollage-768x410.jpg 768w\" sizes=\"auto, (max-width: 1500px) 100vw, 1500px\" \/><\/a><\/div><div class=\"gb-block-post-grid-text\"><header class=\"gb-block-post-grid-header\"><h3 class=\"gb-block-post-grid-title\"><a href=\"https:\/\/fineshelf.com\/sv\/presenter\/ga-bort-present\/\" rel=\"bookmark\">G\u00e5 bort present<\/a><\/h3><\/header><div class=\"gb-block-post-grid-excerpt\"><p>&hellip;<\/p>\n<p><a class=\"gb-block-post-grid-more-link gb-text-link\" href=\"https:\/\/fineshelf.com\/sv\/presenter\/ga-bort-present\/\" rel=\"bookmark\">G\u00e5 till artikel <span class=\"screen-reader-text\">G\u00e5 bort present<\/span><\/a><\/p><\/div><\/div><\/article>\n<\/div><\/section>","protected":false},"excerpt":{"rendered":"<p>Ska du s\u00e4tta ihop din egna presentkorg och letar efter sj\u00e4lva korgen att l\u00e4gga allting i ? Vi har valt ut fina tomma presentkorgar som \u00e4ven kan anv\u00e4ndas till annat efter\u00e5t. Levereras tomma och kan kompletteras av dig sj\u00e4lv med mat, godis eller andra roligt inneh\u00e5ll. Tanken \u00e4r att mottagaren (efter de t\u00f6mt presentkorgarna) sedan [&hellip;]<\/p>\n","protected":false},"author":1,"featured_media":14961,"parent":5622,"menu_order":0,"comment_status":"closed","ping_status":"closed","template":"","meta":{"_genesis_hide_title":false,"_genesis_hide_breadcrumbs":false,"_genesis_hide_singular_image":false,"_genesis_hide_footer_widgets":false,"_genesis_custom_body_class":"","_genesis_custom_post_class":"","_genesis_layout":"full-width-content","footnotes":""},"class_list":{"0":"post-14969","1":"page","2":"type-page","3":"status-publish","4":"has-post-thumbnail","6":"entry"},"yoast_head":"<!-- This site is optimized with the Yoast SEO plugin v26.3 - https:\/\/yoast.com\/wordpress\/plugins\/seo\/ -->\n<title>Tomma presentkorgar - 5 olika fina designer | Fineshelf.com<\/title>\n<meta name=\"description\" content=\"Ska du s\u00e4tta ihop din egna presentkorg och s\u00f6ker tomma presentkorgar? Vi har samlat de finaste p\u00e5 n\u00e4tet just nu...\" \/>\n<meta name=\"robots\" content=\"index, follow, max-snippet:-1, max-image-preview:large, max-video-preview:-1\" \/>\n<link rel=\"canonical\" href=\"https:\/\/fineshelf.com\/sv\/presenter\/presentkorgar\/tomma\/\" \/>\n<meta property=\"og:locale\" content=\"sv_SE\" \/>\n<meta property=\"og:type\" content=\"article\" \/>\n<meta property=\"og:title\" content=\"Tomma presentkorgar - 5 olika fina designer | Fineshelf.com\" \/>\n<meta property=\"og:description\" content=\"Ska du s\u00e4tta ihop din egna presentkorg och s\u00f6ker tomma presentkorgar? Vi har samlat de finaste p\u00e5 n\u00e4tet just nu...\" \/>\n<meta property=\"og:url\" content=\"https:\/\/fineshelf.com\/sv\/presenter\/presentkorgar\/tomma\/\" \/>\n<meta property=\"og:site_name\" content=\"Fineshelf.com\" \/>\n<meta property=\"article:modified_time\" content=\"2022-08-18T08:34:05+00:00\" \/>\n<meta property=\"og:image\" content=\"https:\/\/fineshelf.com\/wp-content\/uploads\/2022\/08\/2-tom-presentkorg.jpg\" \/>\n\t<meta property=\"og:image:width\" content=\"640\" \/>\n\t<meta property=\"og:image:height\" content=\"640\" \/>\n\t<meta property=\"og:image:type\" content=\"image\/jpeg\" \/>\n<meta name=\"twitter:card\" content=\"summary_large_image\" \/>\n<meta name=\"twitter:label1\" content=\"Ber\u00e4knad l\u00e4stid\" \/>\n\t<meta name=\"twitter:data1\" content=\"3 minuter\" \/>\n<script type=\"application\/ld+json\" class=\"yoast-schema-graph\">{\"@context\":\"https:\/\/schema.org\",\"@graph\":[{\"@type\":\"WebPage\",\"@id\":\"https:\/\/fineshelf.com\/sv\/presenter\/presentkorgar\/tomma\/\",\"url\":\"https:\/\/fineshelf.com\/sv\/presenter\/presentkorgar\/tomma\/\",\"name\":\"Tomma presentkorgar - 5 olika fina designer | Fineshelf.com\",\"isPartOf\":{\"@id\":\"https:\/\/fineshelf.com\/sv\/#website\"},\"primaryImageOfPage\":{\"@id\":\"https:\/\/fineshelf.com\/sv\/presenter\/presentkorgar\/tomma\/#primaryimage\"},\"image\":{\"@id\":\"https:\/\/fineshelf.com\/sv\/presenter\/presentkorgar\/tomma\/#primaryimage\"},\"thumbnailUrl\":\"https:\/\/fineshelf.com\/wp-content\/uploads\/2022\/08\/2-tom-presentkorg.jpg\",\"datePublished\":\"2022-08-17T13:53:27+00:00\",\"dateModified\":\"2022-08-18T08:34:05+00:00\",\"description\":\"Ska du s\u00e4tta ihop din egna presentkorg och s\u00f6ker tomma presentkorgar? Vi har samlat de finaste p\u00e5 n\u00e4tet just nu...\",\"breadcrumb\":{\"@id\":\"https:\/\/fineshelf.com\/sv\/presenter\/presentkorgar\/tomma\/#breadcrumb\"},\"inLanguage\":\"sv-SE\",\"potentialAction\":[{\"@type\":\"ReadAction\",\"target\":[\"https:\/\/fineshelf.com\/sv\/presenter\/presentkorgar\/tomma\/\"]}]},{\"@type\":\"ImageObject\",\"inLanguage\":\"sv-SE\",\"@id\":\"https:\/\/fineshelf.com\/sv\/presenter\/presentkorgar\/tomma\/#primaryimage\",\"url\":\"https:\/\/fineshelf.com\/wp-content\/uploads\/2022\/08\/2-tom-presentkorg.jpg\",\"contentUrl\":\"https:\/\/fineshelf.com\/wp-content\/uploads\/2022\/08\/2-tom-presentkorg.jpg\",\"width\":640,\"height\":640},{\"@type\":\"BreadcrumbList\",\"@id\":\"https:\/\/fineshelf.com\/sv\/presenter\/presentkorgar\/tomma\/#breadcrumb\",\"itemListElement\":[{\"@type\":\"ListItem\",\"position\":1,\"name\":\"Home\",\"item\":\"https:\/\/fineshelf.com\/sv\/\"},{\"@type\":\"ListItem\",\"position\":2,\"name\":\"Skicka presenter\",\"item\":\"https:\/\/fineshelf.com\/sv\/presenter\/\"},{\"@type\":\"ListItem\",\"position\":3,\"name\":\"Presentkorgar Online \u2013 Enkla att best\u00e4lla, f\u00e4rdiga att ge\",\"item\":\"https:\/\/fineshelf.com\/sv\/presenter\/presentkorgar\/\"},{\"@type\":\"ListItem\",\"position\":4,\"name\":\"Tomma presentkorgar\"}]},{\"@type\":\"WebSite\",\"@id\":\"https:\/\/fineshelf.com\/sv\/#website\",\"url\":\"https:\/\/fineshelf.com\/sv\/\",\"name\":\"Fineshelf.com\",\"description\":\"FS\",\"publisher\":{\"@id\":\"https:\/\/fineshelf.com\/sv\/#organization\"},\"potentialAction\":[{\"@type\":\"SearchAction\",\"target\":{\"@type\":\"EntryPoint\",\"urlTemplate\":\"https:\/\/fineshelf.com\/sv\/?s={search_term_string}\"},\"query-input\":{\"@type\":\"PropertyValueSpecification\",\"valueRequired\":true,\"valueName\":\"search_term_string\"}}],\"inLanguage\":\"sv-SE\"},{\"@type\":\"Organization\",\"@id\":\"https:\/\/fineshelf.com\/sv\/#organization\",\"name\":\"Fineshelf AB\",\"url\":\"https:\/\/fineshelf.com\/sv\/\",\"logo\":{\"@type\":\"ImageObject\",\"inLanguage\":\"sv-SE\",\"@id\":\"https:\/\/fineshelf.com\/sv\/#\/schema\/logo\/image\/\",\"url\":\"https:\/\/i0.wp.com\/fineshelf.com\/wp-content\/uploads\/2022\/06\/fineshelf-logo-black-background-simple.png?fit=500%2C128&ssl=1\",\"contentUrl\":\"https:\/\/i0.wp.com\/fineshelf.com\/wp-content\/uploads\/2022\/06\/fineshelf-logo-black-background-simple.png?fit=500%2C128&ssl=1\",\"width\":500,\"height\":128,\"caption\":\"Fineshelf AB\"},\"image\":{\"@id\":\"https:\/\/fineshelf.com\/sv\/#\/schema\/logo\/image\/\"}}]}<\/script>\n<!-- \/ Yoast SEO plugin. -->","yoast_head_json":{"title":"Tomma presentkorgar - 5 olika fina designer | Fineshelf.com","description":"Ska du s\u00e4tta ihop din egna presentkorg och s\u00f6ker tomma presentkorgar? Vi har samlat de finaste p\u00e5 n\u00e4tet just nu...","robots":{"index":"index","follow":"follow","max-snippet":"max-snippet:-1","max-image-preview":"max-image-preview:large","max-video-preview":"max-video-preview:-1"},"canonical":"https:\/\/fineshelf.com\/sv\/presenter\/presentkorgar\/tomma\/","og_locale":"sv_SE","og_type":"article","og_title":"Tomma presentkorgar - 5 olika fina designer | Fineshelf.com","og_description":"Ska du s\u00e4tta ihop din egna presentkorg och s\u00f6ker tomma presentkorgar? Vi har samlat de finaste p\u00e5 n\u00e4tet just nu...","og_url":"https:\/\/fineshelf.com\/sv\/presenter\/presentkorgar\/tomma\/","og_site_name":"Fineshelf.com","article_modified_time":"2022-08-18T08:34:05+00:00","og_image":[{"width":640,"height":640,"url":"https:\/\/fineshelf.com\/wp-content\/uploads\/2022\/08\/2-tom-presentkorg.jpg","type":"image\/jpeg"}],"twitter_card":"summary_large_image","twitter_misc":{"Ber\u00e4knad l\u00e4stid":"3 minuter"},"schema":{"@context":"https:\/\/schema.org","@graph":[{"@type":"WebPage","@id":"https:\/\/fineshelf.com\/sv\/presenter\/presentkorgar\/tomma\/","url":"https:\/\/fineshelf.com\/sv\/presenter\/presentkorgar\/tomma\/","name":"Tomma presentkorgar - 5 olika fina designer | Fineshelf.com","isPartOf":{"@id":"https:\/\/fineshelf.com\/sv\/#website"},"primaryImageOfPage":{"@id":"https:\/\/fineshelf.com\/sv\/presenter\/presentkorgar\/tomma\/#primaryimage"},"image":{"@id":"https:\/\/fineshelf.com\/sv\/presenter\/presentkorgar\/tomma\/#primaryimage"},"thumbnailUrl":"https:\/\/fineshelf.com\/wp-content\/uploads\/2022\/08\/2-tom-presentkorg.jpg","datePublished":"2022-08-17T13:53:27+00:00","dateModified":"2022-08-18T08:34:05+00:00","description":"Ska du s\u00e4tta ihop din egna presentkorg och s\u00f6ker tomma presentkorgar? Vi har samlat de finaste p\u00e5 n\u00e4tet just nu...","breadcrumb":{"@id":"https:\/\/fineshelf.com\/sv\/presenter\/presentkorgar\/tomma\/#breadcrumb"},"inLanguage":"sv-SE","potentialAction":[{"@type":"ReadAction","target":["https:\/\/fineshelf.com\/sv\/presenter\/presentkorgar\/tomma\/"]}]},{"@type":"ImageObject","inLanguage":"sv-SE","@id":"https:\/\/fineshelf.com\/sv\/presenter\/presentkorgar\/tomma\/#primaryimage","url":"https:\/\/fineshelf.com\/wp-content\/uploads\/2022\/08\/2-tom-presentkorg.jpg","contentUrl":"https:\/\/fineshelf.com\/wp-content\/uploads\/2022\/08\/2-tom-presentkorg.jpg","width":640,"height":640},{"@type":"BreadcrumbList","@id":"https:\/\/fineshelf.com\/sv\/presenter\/presentkorgar\/tomma\/#breadcrumb","itemListElement":[{"@type":"ListItem","position":1,"name":"Home","item":"https:\/\/fineshelf.com\/sv\/"},{"@type":"ListItem","position":2,"name":"Skicka presenter","item":"https:\/\/fineshelf.com\/sv\/presenter\/"},{"@type":"ListItem","position":3,"name":"Presentkorgar Online \u2013 Enkla att best\u00e4lla, f\u00e4rdiga att ge","item":"https:\/\/fineshelf.com\/sv\/presenter\/presentkorgar\/"},{"@type":"ListItem","position":4,"name":"Tomma presentkorgar"}]},{"@type":"WebSite","@id":"https:\/\/fineshelf.com\/sv\/#website","url":"https:\/\/fineshelf.com\/sv\/","name":"Fineshelf.com","description":"FS","publisher":{"@id":"https:\/\/fineshelf.com\/sv\/#organization"},"potentialAction":[{"@type":"SearchAction","target":{"@type":"EntryPoint","urlTemplate":"https:\/\/fineshelf.com\/sv\/?s={search_term_string}"},"query-input":{"@type":"PropertyValueSpecification","valueRequired":true,"valueName":"search_term_string"}}],"inLanguage":"sv-SE"},{"@type":"Organization","@id":"https:\/\/fineshelf.com\/sv\/#organization","name":"Fineshelf AB","url":"https:\/\/fineshelf.com\/sv\/","logo":{"@type":"ImageObject","inLanguage":"sv-SE","@id":"https:\/\/fineshelf.com\/sv\/#\/schema\/logo\/image\/","url":"https:\/\/i0.wp.com\/fineshelf.com\/wp-content\/uploads\/2022\/06\/fineshelf-logo-black-background-simple.png?fit=500%2C128&ssl=1","contentUrl":"https:\/\/i0.wp.com\/fineshelf.com\/wp-content\/uploads\/2022\/06\/fineshelf-logo-black-background-simple.png?fit=500%2C128&ssl=1","width":500,"height":128,"caption":"Fineshelf AB"},"image":{"@id":"https:\/\/fineshelf.com\/sv\/#\/schema\/logo\/image\/"}}]}},"featured_image_src":"https:\/\/fineshelf.com\/wp-content\/uploads\/2022\/08\/2-tom-presentkorg-600x400.jpg","featured_image_src_square":"https:\/\/fineshelf.com\/wp-content\/uploads\/2022\/08\/2-tom-presentkorg-600x600.jpg","_links":{"self":[{"href":"https:\/\/fineshelf.com\/sv\/wp-json\/wp\/v2\/pages\/14969","targetHints":{"allow":["GET"]}}],"collection":[{"href":"https:\/\/fineshelf.com\/sv\/wp-json\/wp\/v2\/pages"}],"about":[{"href":"https:\/\/fineshelf.com\/sv\/wp-json\/wp\/v2\/types\/page"}],"author":[{"embeddable":true,"href":"https:\/\/fineshelf.com\/sv\/wp-json\/wp\/v2\/users\/1"}],"replies":[{"embeddable":true,"href":"https:\/\/fineshelf.com\/sv\/wp-json\/wp\/v2\/comments?post=14969"}],"version-history":[{"count":13,"href":"https:\/\/fineshelf.com\/sv\/wp-json\/wp\/v2\/pages\/14969\/revisions"}],"predecessor-version":[{"id":14995,"href":"https:\/\/fineshelf.com\/sv\/wp-json\/wp\/v2\/pages\/14969\/revisions\/14995"}],"up":[{"embeddable":true,"href":"https:\/\/fineshelf.com\/sv\/wp-json\/wp\/v2\/pages\/5622"}],"wp:featuredmedia":[{"embeddable":true,"href":"https:\/\/fineshelf.com\/sv\/wp-json\/wp\/v2\/media\/14961"}],"wp:attachment":[{"href":"https:\/\/fineshelf.com\/sv\/wp-json\/wp\/v2\/media?parent=14969"}],"curies":[{"name":"wp","href":"https:\/\/api.w.org\/{rel}","templated":true}]}}