{"id":13958,"date":"2022-04-15T14:12:16","date_gmt":"2022-04-15T14:12:16","guid":{"rendered":"https:\/\/fineshelf.com\/?page_id=13958"},"modified":"2022-04-16T11:58:40","modified_gmt":"2022-04-16T11:58:40","slug":"vett-och-etikett-pa-brollop","status":"publish","type":"page","link":"https:\/\/fineshelf.com\/sv\/artikel\/vett-och-etikett-pa-brollop\/","title":{"rendered":"Vett och Etikett p\u00e5 v\u00e5rens br\u00f6llop"},"content":{"rendered":"\n<p>Corona tiden satte stopp f\u00f6r m\u00e5nga inplanerade aktiviteter. Under tv\u00e5 \u00e5rs tid fick vi st\u00e4lla in och skjuta upp br\u00f6llop, 50-\u00e5rsfester, f\u00f6reningsfester och till och med begravningar. Med ett maxtak p\u00e5 8 personer p\u00e5 privata sammankomster s\u00e5 blev det inte s\u00e5 mycket till fest under 2020 och 2021.&nbsp;<\/p>\n\n\n\n<p>Tack och lov s\u00e5 b\u00f6rjar l\u00e4get att ljusna n\u00e4r det g\u00e4ller Covid -19 i v\u00e4rlden och restriktionerna h\u00e4vs mer och mer. Och med det b\u00f6rjar planer smidas p\u00e5 att sent omsider f\u00e5 till den d\u00e4r festen man l\u00e4ngtat efter eller att kanske \u00e4ntligen f\u00e5 gifta sig med den man \u00e4lskar.&nbsp;<\/p>\n\n\n\n<p>Faktum \u00e4r att experter v\u00e4ntar en br\u00f6llops boom under 2025 och m\u00e5nga lokaler och kyrkor \u00e4r redan uppbokade \u00e5ret ut.<\/p>\n\n\n\n<p>Nu dimper kanske en br\u00f6llopsinbjudan ned i brevl\u00e5dan och tar oss med \u00f6verraskning. Orakade och yrvakna kryper vi ut ur v\u00e5ra vinter iden och kisar upp mot v\u00e5rsolen. Fest? Tr\u00e4ffa folk? Det var s\u00e5 l\u00e4nge sedan s\u00e5 vi har n\u00e4stan gl\u00f6mt bort hur man gjorde. Hur var det nu; F\u00e5r man ha vit kl\u00e4nning som g\u00e4st p\u00e5 ett br\u00f6llop? M\u00e5ste man ha kostym? Och vad\u00e5 \u201ckavaj\u201d? Ska man ha bara en kavaj och vara helt Kalle Anka p\u00e5 underv\u00e5ningen?<\/p>\n\n\n\n<p>Vi reder ut n\u00e5gra av begreppen n\u00e4r det g\u00e4ller vett och etikett p\u00e5 br\u00f6llop 2025.<\/p>\n\n\n\n<h2 class=\"wp-block-heading\">OSA<\/h2>\n\n\n\n<p>OSA st\u00e5r f\u00f6r Om Svar Anh\u00e5lles och syftar p\u00e5 att tacka ja eller nej till en inbjudan. HUR detta ska ske b\u00f6r framg\u00e5 av inbjudningen. ofta sker det digitalt nuf\u00f6rtiden, via SMS, mail eller hemsida. Gl\u00f6m inte bort att OSA i god tid innan sista datum. Att OSA f\u00f6r sent anses oartigt.<\/p>\n\n\n\n<h2 class=\"wp-block-heading\">Kl\u00e4dsel<\/h2>\n\n\n\n<p><strong>Frack eller h\u00f6gtidsdr\u00e4kt<\/strong> &#8211; Svart frack och vit skjorta, sn\u00f6rskor eller lackskor. Golvl\u00e5ng kl\u00e4nning i festligt tyg med eller utan \u00e4rm. Urringningen kan vara friare \u00e4n vid m\u00f6rk kostym men ska fortfarande vara anst\u00e4ndig. Undvik svart eller vit. Festliga skor. \u00c4ven folkdr\u00e4kt f\u00f6r m\u00e4n och kvinnor fungerar h\u00e4r.<\/p>\n\n\n\n<p><strong>Smoking<\/strong> &#8211; En finare kl\u00e4dkod \u00e4n m\u00f6rk kostym och kavaj men inte lika uppkl\u00e4tt som frack. Svart, m\u00f6rkbl\u00e5 eller m\u00f6rkgr\u00e5 smoking, vit skjorta och svart fluga. Kl\u00e4nning, byxdress eller kjol med festlig top. L\u00e4ngden b\u00f6r vara kn\u00e4l\u00e5ng eller ankell\u00e5ng och undvik vitt och svart.<\/p>\n\n\n\n<p><strong>M\u00f6rk kostym<\/strong> &#8211; M\u00f6rk kostym, helt enkelt. Idag fungerar \u00e4ven svart kostym, som f\u00f6rut mer f\u00f6rknippades med begravning. F\u00f6r kvinnor betyder m\u00f6rk kostym kl\u00e4nning, kjol eller byxdress i lite finare tyg. Kl\u00e4nningen b\u00f6r sluta strax unde kn\u00e4t och ej ha f\u00f6r mycket urringning. Undvik vitt eller svart. D\u00e4remot g\u00e5r det idag bra med r\u00f6tt som f\u00f6rut ans\u00e5gs som vulg\u00e4rt.<\/p>\n\n\n\n<p><strong>Kavaj<\/strong> &#8211; Till br\u00f6llop syftar man alltid p\u00e5 kl\u00e4dkoden M\u00f6rk kostym n\u00e4r man skriver kavaj. Tar du din m\u00f6rka kostym till en finare fest \u00e4r du aldrig felkl\u00e4dd.&nbsp;<\/p>\n\n\n\n<h2 class=\"wp-block-heading\">Br\u00f6llopspresent<\/h2>\n\n\n\n<p>Finns det en \u00f6nskelista som meddelats tillsammans med inbjudningen? F\u00f6rs\u00f6k att h\u00e5lla dig till den av respekt f\u00f6r brudparet. Finns ingen lista \u00e4r det upp till din fantasi och ekonomi. Kan ni g\u00e5 ihop n\u00e5gra stycken och k\u00f6pa en lite dyrare present? F\u00f6rs\u00f6k att luska lite vad just detta brudpar skulle uppskatta i br\u00f6llopsg\u00e5va. Ibland vill brudparet ist\u00e4llet ha pengar som g\u00e5va, till exempel till en br\u00f6llopsresa. Detta b\u00f6r is\u00e5fall framg\u00e5 av inbjudningen. \u00c4ven en <a href=\"https:\/\/fineshelf.com\/sv\/presenter\/presentkorgar\/\" data-type=\"page\" data-id=\"5622\">presentkorg<\/a> kan vara ett passande alternativ. <\/p>\n\n\n\n<h2 class=\"wp-block-heading\">Mobilvett<\/h2>\n\n\n\n<p>Det borde vara en sj\u00e4lvklarhet nuf\u00f6rtiden, men det \u00e4r inte bara ungdomar som sitter klistrade vid sina smartphones och gl\u00f6mmer bort vid vilka tillf\u00e4llen det \u00e4r dags att l\u00e4gga undan telefonen. Br\u00f6llop \u00e4r ett s\u00e5dant. Flygplansl\u00e4ge eller tyst l\u00e4ge g\u00e4ller vid vigsel och sittande middag. Brudparets stora \u00f6gonblick framme vid altaret b\u00f6r inte f\u00f6rst\u00f6ras av ett envist pipande eller surrande av en mobilsignal. Inte heller talen ska beh\u00f6va bli avbrutna. L\u00e4gg ner telefonen i fickan och var n\u00e4rvarande i nuet ist\u00e4llet!&nbsp;<\/p>\n\n\n\n<h2 class=\"wp-block-heading\">Tal<\/h2>\n\n\n\n<p>De flesta br\u00f6llop, i alla fall av lite st\u00f6rre modell, har en toastmaster eller toastmadame. De \u00e4r till dom du ska anm\u00e4la att du vill h\u00e5lla ett tal, antingen innan festen om du vet vart du v\u00e4nder dig, eller strax innan middagen s\u00e5 att denne kan planera kv\u00e4llens tal. M\u00e5ste du h\u00e5lla tal? M\u00e5ste och m\u00e5ste, det beror p\u00e5 vad du har f\u00f6r relation till brudparet. Av tradition brukar brudparets f\u00f6r\u00e4ldrar, pr\u00e4sten (om denne \u00e4r med), brudparets syskon och v\u00e4nner h\u00e5lla tal. Ibland vill \u00e4ven brudparet sj\u00e4lva h\u00e5lla tal till alla f\u00f6rsamlade eller till varandra. T\u00e4nk p\u00e5 att syftet ska vara att lyck\u00f6nska brudparet. Talen b\u00f6r h\u00e5llas korta och k\u00e4rnfulla, g\u00e4rna inneh\u00e5lla b\u00e5de k\u00e4nsla och humor samt inte avsl\u00f6ja allt f\u00f6r pinsamma detaljer. Sj\u00e4lvklart l\u00e4gger du ner dina bestick och lyssnar n\u00e4r n\u00e5gon h\u00e5ller ett tal.<\/p>\n\n\n\n<h2 class=\"wp-block-heading\">Efter br\u00f6llopet<\/h2>\n\n\n\n<p>Skicka g\u00e4rna ett sms eller mail n\u00e5gon tid efter br\u00f6llopet och tacka och skicka fortsatta lyck\u00f6nskningar. Det beh\u00f6ver inte vara s\u00e5 formellt, ett kort meddelande r\u00e4cker.<\/p>\n","protected":false},"excerpt":{"rendered":"<p>Corona tiden satte stopp f\u00f6r m\u00e5nga inplanerade aktiviteter. Under tv\u00e5 \u00e5rs tid fick vi st\u00e4lla in och skjuta upp br\u00f6llop, 50-\u00e5rsfester, f\u00f6reningsfester och till och med begravningar. Med ett maxtak p\u00e5 8 personer p\u00e5 privata sammankomster s\u00e5 blev det inte s\u00e5 mycket till fest under 2020 och 2021.&nbsp; Tack och lov s\u00e5 b\u00f6rjar l\u00e4get att [&hellip;]<\/p>\n","protected":false},"author":1,"featured_media":13959,"parent":13665,"menu_order":0,"comment_status":"closed","ping_status":"closed","template":"","meta":{"_genesis_hide_title":false,"_genesis_hide_breadcrumbs":false,"_genesis_hide_singular_image":false,"_genesis_hide_footer_widgets":false,"_genesis_custom_body_class":"","_genesis_custom_post_class":"","_genesis_layout":"","footnotes":""},"class_list":{"0":"post-13958","1":"page","2":"type-page","3":"status-publish","4":"has-post-thumbnail","6":"entry"},"yoast_head":"<!-- This site is optimized with the Yoast SEO plugin v27.5 - https:\/\/yoast.com\/product\/yoast-seo-wordpress\/ -->\n<title>Vett och etikett p\u00e5 v\u00e5rens br\u00f6llop 2025 | Fineshelf.com<\/title>\n<meta name=\"description\" content=\"Hur OSA? \u2713 Kl\u00e4dsel till br\u00f6llopet \u2713 Br\u00f6llospresenter - vad passar? \u2713 Tal - toastmaster &amp; toastmadame. L\u00e4s om vett och etikett p\u00e5 br\u00f6llop 2025 h\u00e4r!\" \/>\n<meta name=\"robots\" content=\"index, follow, max-snippet:-1, max-image-preview:large, max-video-preview:-1\" \/>\n<link rel=\"canonical\" href=\"https:\/\/fineshelf.com\/sv\/artikel\/vett-och-etikett-pa-brollop\/\" \/>\n<meta property=\"og:locale\" content=\"sv_SE\" \/>\n<meta property=\"og:type\" content=\"article\" \/>\n<meta property=\"og:title\" content=\"Vett och etikett p\u00e5 v\u00e5rens br\u00f6llop 2025 | Fineshelf.com\" \/>\n<meta property=\"og:description\" content=\"Hur OSA? \u2713 Kl\u00e4dsel till br\u00f6llopet \u2713 Br\u00f6llospresenter - vad passar? \u2713 Tal - toastmaster &amp; toastmadame. L\u00e4s om vett och etikett p\u00e5 br\u00f6llop 2025 h\u00e4r!\" \/>\n<meta property=\"og:url\" content=\"https:\/\/fineshelf.com\/sv\/artikel\/vett-och-etikett-pa-brollop\/\" \/>\n<meta property=\"og:site_name\" content=\"Fineshelf.com\" \/>\n<meta property=\"article:modified_time\" content=\"2022-04-16T11:58:40+00:00\" \/>\n<meta property=\"og:image\" content=\"https:\/\/i0.wp.com\/fineshelf.com\/wp-content\/uploads\/2022\/04\/vett-etikett-brollop-fineshelf.jpg?fit=1600%2C800&ssl=1\" \/>\n\t<meta property=\"og:image:width\" content=\"1600\" \/>\n\t<meta property=\"og:image:height\" content=\"800\" \/>\n\t<meta property=\"og:image:type\" content=\"image\/jpeg\" \/>\n<meta name=\"twitter:card\" content=\"summary_large_image\" \/>\n<meta name=\"twitter:label1\" content=\"Ber\u00e4knad l\u00e4stid\" \/>\n\t<meta name=\"twitter:data1\" content=\"5 minuter\" \/>\n<script type=\"application\/ld+json\" class=\"yoast-schema-graph\">{\"@context\":\"https:\\\/\\\/schema.org\",\"@graph\":[{\"@type\":\"WebPage\",\"@id\":\"https:\\\/\\\/fineshelf.com\\\/sv\\\/artikel\\\/vett-och-etikett-pa-brollop\\\/\",\"url\":\"https:\\\/\\\/fineshelf.com\\\/sv\\\/artikel\\\/vett-och-etikett-pa-brollop\\\/\",\"name\":\"Vett och etikett p\u00e5 v\u00e5rens br\u00f6llop 2025 | Fineshelf.com\",\"isPartOf\":{\"@id\":\"https:\\\/\\\/fineshelf.com\\\/sv\\\/#website\"},\"primaryImageOfPage\":{\"@id\":\"https:\\\/\\\/fineshelf.com\\\/sv\\\/artikel\\\/vett-och-etikett-pa-brollop\\\/#primaryimage\"},\"image\":{\"@id\":\"https:\\\/\\\/fineshelf.com\\\/sv\\\/artikel\\\/vett-och-etikett-pa-brollop\\\/#primaryimage\"},\"thumbnailUrl\":\"https:\\\/\\\/fineshelf.com\\\/wp-content\\\/uploads\\\/2022\\\/04\\\/vett-etikett-brollop-fineshelf.jpg\",\"datePublished\":\"2022-04-15T14:12:16+00:00\",\"dateModified\":\"2022-04-16T11:58:40+00:00\",\"description\":\"Hur OSA? \u2713 Kl\u00e4dsel till br\u00f6llopet \u2713 Br\u00f6llospresenter - vad passar? \u2713 Tal - toastmaster & toastmadame. L\u00e4s om vett och etikett p\u00e5 br\u00f6llop 2025 h\u00e4r!\",\"breadcrumb\":{\"@id\":\"https:\\\/\\\/fineshelf.com\\\/sv\\\/artikel\\\/vett-och-etikett-pa-brollop\\\/#breadcrumb\"},\"inLanguage\":\"sv-SE\",\"potentialAction\":[{\"@type\":\"ReadAction\",\"target\":[\"https:\\\/\\\/fineshelf.com\\\/sv\\\/artikel\\\/vett-och-etikett-pa-brollop\\\/\"]}]},{\"@type\":\"ImageObject\",\"inLanguage\":\"sv-SE\",\"@id\":\"https:\\\/\\\/fineshelf.com\\\/sv\\\/artikel\\\/vett-och-etikett-pa-brollop\\\/#primaryimage\",\"url\":\"https:\\\/\\\/fineshelf.com\\\/wp-content\\\/uploads\\\/2022\\\/04\\\/vett-etikett-brollop-fineshelf.jpg\",\"contentUrl\":\"https:\\\/\\\/fineshelf.com\\\/wp-content\\\/uploads\\\/2022\\\/04\\\/vett-etikett-brollop-fineshelf.jpg\",\"width\":1600,\"height\":800,\"caption\":\"Vett & etikett br\u00f6llop\"},{\"@type\":\"BreadcrumbList\",\"@id\":\"https:\\\/\\\/fineshelf.com\\\/sv\\\/artikel\\\/vett-och-etikett-pa-brollop\\\/#breadcrumb\",\"itemListElement\":[{\"@type\":\"ListItem\",\"position\":1,\"name\":\"Home\",\"item\":\"https:\\\/\\\/fineshelf.com\\\/sv\\\/\"},{\"@type\":\"ListItem\",\"position\":2,\"name\":\"Senaste artiklar\",\"item\":\"https:\\\/\\\/fineshelf.com\\\/sv\\\/artikel\\\/\"},{\"@type\":\"ListItem\",\"position\":3,\"name\":\"Vett och Etikett p\u00e5 v\u00e5rens br\u00f6llop\"}]},{\"@type\":\"WebSite\",\"@id\":\"https:\\\/\\\/fineshelf.com\\\/sv\\\/#website\",\"url\":\"https:\\\/\\\/fineshelf.com\\\/sv\\\/\",\"name\":\"Fineshelf.com\",\"description\":\"FS\",\"publisher\":{\"@id\":\"https:\\\/\\\/fineshelf.com\\\/sv\\\/#organization\"},\"potentialAction\":[{\"@type\":\"SearchAction\",\"target\":{\"@type\":\"EntryPoint\",\"urlTemplate\":\"https:\\\/\\\/fineshelf.com\\\/sv\\\/?s={search_term_string}\"},\"query-input\":{\"@type\":\"PropertyValueSpecification\",\"valueRequired\":true,\"valueName\":\"search_term_string\"}}],\"inLanguage\":\"sv-SE\"},{\"@type\":\"Organization\",\"@id\":\"https:\\\/\\\/fineshelf.com\\\/sv\\\/#organization\",\"name\":\"Fineshelf AB\",\"url\":\"https:\\\/\\\/fineshelf.com\\\/sv\\\/\",\"logo\":{\"@type\":\"ImageObject\",\"inLanguage\":\"sv-SE\",\"@id\":\"https:\\\/\\\/fineshelf.com\\\/sv\\\/#\\\/schema\\\/logo\\\/image\\\/\",\"url\":\"https:\\\/\\\/i0.wp.com\\\/fineshelf.com\\\/wp-content\\\/uploads\\\/2022\\\/06\\\/fineshelf-logo-black-background-simple.png?fit=500%2C128&ssl=1\",\"contentUrl\":\"https:\\\/\\\/i0.wp.com\\\/fineshelf.com\\\/wp-content\\\/uploads\\\/2022\\\/06\\\/fineshelf-logo-black-background-simple.png?fit=500%2C128&ssl=1\",\"width\":500,\"height\":128,\"caption\":\"Fineshelf AB\"},\"image\":{\"@id\":\"https:\\\/\\\/fineshelf.com\\\/sv\\\/#\\\/schema\\\/logo\\\/image\\\/\"}}]}<\/script>\n<!-- \/ Yoast SEO plugin. -->","yoast_head_json":{"title":"Vett och etikett p\u00e5 v\u00e5rens br\u00f6llop 2025 | Fineshelf.com","description":"Hur OSA? \u2713 Kl\u00e4dsel till br\u00f6llopet \u2713 Br\u00f6llospresenter - vad passar? \u2713 Tal - toastmaster & toastmadame. L\u00e4s om vett och etikett p\u00e5 br\u00f6llop 2025 h\u00e4r!","robots":{"index":"index","follow":"follow","max-snippet":"max-snippet:-1","max-image-preview":"max-image-preview:large","max-video-preview":"max-video-preview:-1"},"canonical":"https:\/\/fineshelf.com\/sv\/artikel\/vett-och-etikett-pa-brollop\/","og_locale":"sv_SE","og_type":"article","og_title":"Vett och etikett p\u00e5 v\u00e5rens br\u00f6llop 2025 | Fineshelf.com","og_description":"Hur OSA? \u2713 Kl\u00e4dsel till br\u00f6llopet \u2713 Br\u00f6llospresenter - vad passar? \u2713 Tal - toastmaster & toastmadame. L\u00e4s om vett och etikett p\u00e5 br\u00f6llop 2025 h\u00e4r!","og_url":"https:\/\/fineshelf.com\/sv\/artikel\/vett-och-etikett-pa-brollop\/","og_site_name":"Fineshelf.com","article_modified_time":"2022-04-16T11:58:40+00:00","og_image":[{"width":1600,"height":800,"url":"https:\/\/i0.wp.com\/fineshelf.com\/wp-content\/uploads\/2022\/04\/vett-etikett-brollop-fineshelf.jpg?fit=1600%2C800&ssl=1","type":"image\/jpeg"}],"twitter_card":"summary_large_image","twitter_misc":{"Ber\u00e4knad l\u00e4stid":"5 minuter"},"schema":{"@context":"https:\/\/schema.org","@graph":[{"@type":"WebPage","@id":"https:\/\/fineshelf.com\/sv\/artikel\/vett-och-etikett-pa-brollop\/","url":"https:\/\/fineshelf.com\/sv\/artikel\/vett-och-etikett-pa-brollop\/","name":"Vett och etikett p\u00e5 v\u00e5rens br\u00f6llop 2025 | Fineshelf.com","isPartOf":{"@id":"https:\/\/fineshelf.com\/sv\/#website"},"primaryImageOfPage":{"@id":"https:\/\/fineshelf.com\/sv\/artikel\/vett-och-etikett-pa-brollop\/#primaryimage"},"image":{"@id":"https:\/\/fineshelf.com\/sv\/artikel\/vett-och-etikett-pa-brollop\/#primaryimage"},"thumbnailUrl":"https:\/\/fineshelf.com\/wp-content\/uploads\/2022\/04\/vett-etikett-brollop-fineshelf.jpg","datePublished":"2022-04-15T14:12:16+00:00","dateModified":"2022-04-16T11:58:40+00:00","description":"Hur OSA? \u2713 Kl\u00e4dsel till br\u00f6llopet \u2713 Br\u00f6llospresenter - vad passar? \u2713 Tal - toastmaster & toastmadame. L\u00e4s om vett och etikett p\u00e5 br\u00f6llop 2025 h\u00e4r!","breadcrumb":{"@id":"https:\/\/fineshelf.com\/sv\/artikel\/vett-och-etikett-pa-brollop\/#breadcrumb"},"inLanguage":"sv-SE","potentialAction":[{"@type":"ReadAction","target":["https:\/\/fineshelf.com\/sv\/artikel\/vett-och-etikett-pa-brollop\/"]}]},{"@type":"ImageObject","inLanguage":"sv-SE","@id":"https:\/\/fineshelf.com\/sv\/artikel\/vett-och-etikett-pa-brollop\/#primaryimage","url":"https:\/\/fineshelf.com\/wp-content\/uploads\/2022\/04\/vett-etikett-brollop-fineshelf.jpg","contentUrl":"https:\/\/fineshelf.com\/wp-content\/uploads\/2022\/04\/vett-etikett-brollop-fineshelf.jpg","width":1600,"height":800,"caption":"Vett & etikett br\u00f6llop"},{"@type":"BreadcrumbList","@id":"https:\/\/fineshelf.com\/sv\/artikel\/vett-och-etikett-pa-brollop\/#breadcrumb","itemListElement":[{"@type":"ListItem","position":1,"name":"Home","item":"https:\/\/fineshelf.com\/sv\/"},{"@type":"ListItem","position":2,"name":"Senaste artiklar","item":"https:\/\/fineshelf.com\/sv\/artikel\/"},{"@type":"ListItem","position":3,"name":"Vett och Etikett p\u00e5 v\u00e5rens br\u00f6llop"}]},{"@type":"WebSite","@id":"https:\/\/fineshelf.com\/sv\/#website","url":"https:\/\/fineshelf.com\/sv\/","name":"Fineshelf.com","description":"FS","publisher":{"@id":"https:\/\/fineshelf.com\/sv\/#organization"},"potentialAction":[{"@type":"SearchAction","target":{"@type":"EntryPoint","urlTemplate":"https:\/\/fineshelf.com\/sv\/?s={search_term_string}"},"query-input":{"@type":"PropertyValueSpecification","valueRequired":true,"valueName":"search_term_string"}}],"inLanguage":"sv-SE"},{"@type":"Organization","@id":"https:\/\/fineshelf.com\/sv\/#organization","name":"Fineshelf AB","url":"https:\/\/fineshelf.com\/sv\/","logo":{"@type":"ImageObject","inLanguage":"sv-SE","@id":"https:\/\/fineshelf.com\/sv\/#\/schema\/logo\/image\/","url":"https:\/\/i0.wp.com\/fineshelf.com\/wp-content\/uploads\/2022\/06\/fineshelf-logo-black-background-simple.png?fit=500%2C128&ssl=1","contentUrl":"https:\/\/i0.wp.com\/fineshelf.com\/wp-content\/uploads\/2022\/06\/fineshelf-logo-black-background-simple.png?fit=500%2C128&ssl=1","width":500,"height":128,"caption":"Fineshelf AB"},"image":{"@id":"https:\/\/fineshelf.com\/sv\/#\/schema\/logo\/image\/"}}]}},"featured_image_src":"https:\/\/fineshelf.com\/wp-content\/uploads\/2022\/04\/vett-etikett-brollop-fineshelf.jpg","featured_image_src_square":"https:\/\/fineshelf.com\/wp-content\/uploads\/2022\/04\/vett-etikett-brollop-fineshelf.jpg","_links":{"self":[{"href":"https:\/\/fineshelf.com\/sv\/wp-json\/wp\/v2\/pages\/13958","targetHints":{"allow":["GET"]}}],"collection":[{"href":"https:\/\/fineshelf.com\/sv\/wp-json\/wp\/v2\/pages"}],"about":[{"href":"https:\/\/fineshelf.com\/sv\/wp-json\/wp\/v2\/types\/page"}],"author":[{"embeddable":true,"href":"https:\/\/fineshelf.com\/sv\/wp-json\/wp\/v2\/users\/1"}],"replies":[{"embeddable":true,"href":"https:\/\/fineshelf.com\/sv\/wp-json\/wp\/v2\/comments?post=13958"}],"version-history":[{"count":2,"href":"https:\/\/fineshelf.com\/sv\/wp-json\/wp\/v2\/pages\/13958\/revisions"}],"predecessor-version":[{"id":14618,"href":"https:\/\/fineshelf.com\/sv\/wp-json\/wp\/v2\/pages\/13958\/revisions\/14618"}],"up":[{"embeddable":true,"href":"https:\/\/fineshelf.com\/sv\/wp-json\/wp\/v2\/pages\/13665"}],"wp:featuredmedia":[{"embeddable":true,"href":"https:\/\/fineshelf.com\/sv\/wp-json\/wp\/v2\/media\/13959"}],"wp:attachment":[{"href":"https:\/\/fineshelf.com\/sv\/wp-json\/wp\/v2\/media?parent=13958"}],"curies":[{"name":"wp","href":"https:\/\/api.w.org\/{rel}","templated":true}]}}