{"id":13742,"date":"2022-03-23T11:43:24","date_gmt":"2022-03-23T11:43:24","guid":{"rendered":"https:\/\/fineshelf.com\/?page_id=13742"},"modified":"2022-03-23T12:00:19","modified_gmt":"2022-03-23T12:00:19","slug":"5-tips-pa-nyttiga-matlador","status":"publish","type":"page","link":"https:\/\/fineshelf.com\/sv\/artikel\/5-tips-pa-nyttiga-matlador\/","title":{"rendered":"5 tips p\u00e5 nyttiga matl\u00e5dor"},"content":{"rendered":"\n<p class=\"has-large-font-size\">Lunch p\u00e5 kvarterskrogen i all \u00e4ra.<strong>\u00a0<\/strong>F\u00f6r  dig som \u00e4r noga med vad du stoppar i dig \u00e4r ett alternativ att ta med  dig din egen matl\u00e5da till jobbet. Att g\u00f6ra iordning och ta med egen  lunchl\u00e5da beh\u00f6ver varken vara jobbigt eller kr\u00e5ngligt. Dessutom sparar  du pengar.<\/p>\n\n\n\n<p>En genomsnittlig lunch p\u00e5 restaurang kostar 74 kronor. Det blir 370 kronor i veckan. Och  19 240 kronor om \u00e5ret. Det kan man g\u00f6ra mycket roligare saker f\u00f6r.<\/p>\n\n\n\n<figure class=\"wp-block-image size-large\"><img loading=\"lazy\" decoding=\"async\" width=\"1024\" height=\"512\" src=\"https:\/\/fineshelf.com\/wp-content\/uploads\/2022\/03\/nyttiga-matlador-teaser-1024x512.jpg\" alt=\"\" class=\"wp-image-13757\" srcset=\"https:\/\/fineshelf.com\/wp-content\/uploads\/2022\/03\/nyttiga-matlador-teaser-1024x512.jpg 1024w, https:\/\/fineshelf.com\/wp-content\/uploads\/2022\/03\/nyttiga-matlador-teaser-300x150.jpg 300w, https:\/\/fineshelf.com\/wp-content\/uploads\/2022\/03\/nyttiga-matlador-teaser-768x384.jpg 768w, https:\/\/fineshelf.com\/wp-content\/uploads\/2022\/03\/nyttiga-matlador-teaser-1536x768.jpg 1536w, https:\/\/fineshelf.com\/wp-content\/uploads\/2022\/03\/nyttiga-matlador-teaser-800x400.jpg 800w, https:\/\/fineshelf.com\/wp-content\/uploads\/2022\/03\/nyttiga-matlador-teaser.jpg 1600w\" sizes=\"auto, (max-width: 1024px) 100vw, 1024px\" \/><figcaption>Artikel : 5 tips p\u00e5 nyttiga matl\u00e5dor f\u00f6ljer nedan.<\/figcaption><\/figure>\n\n\n\n<p>Med enkla medel och minimalt med f\u00f6rberedelse kan du ta med nyttiga, varierade och billiga matl\u00e5dor till jobbet. Om inte varje dag s\u00e5 varf\u00f6r inte n\u00e5gra g\u00e5nger i veckan? S\u00e5 frig\u00f6r du ocks\u00e5 tid att ist\u00e4llet f\u00f6r att v\u00e4nta p\u00e5 din best\u00e4llning fr\u00e5n en restaurang kanske hinna med den d\u00e4r l\u00f6prundan eller promenaden p\u00e5 lunchen. <\/p>\n\n\n\n<h2 class=\"wp-block-heading\">1. Broccolisallad med Kyckling och Bacon<\/h2>\n\n\n\n<figure class=\"wp-block-image size-large\"><img loading=\"lazy\" decoding=\"async\" width=\"1024\" height=\"683\" src=\"https:\/\/fineshelf.com\/wp-content\/uploads\/2022\/03\/1-iform-broccolisallad-bacon.jpg\" alt=\"Brocollisallad med bacon som nyttig men fyllig matl\u00e5da\" class=\"wp-image-13747\" srcset=\"https:\/\/fineshelf.com\/wp-content\/uploads\/2022\/03\/1-iform-broccolisallad-bacon.jpg 1024w, https:\/\/fineshelf.com\/wp-content\/uploads\/2022\/03\/1-iform-broccolisallad-bacon-300x200.jpg 300w, https:\/\/fineshelf.com\/wp-content\/uploads\/2022\/03\/1-iform-broccolisallad-bacon-768x512.jpg 768w, https:\/\/fineshelf.com\/wp-content\/uploads\/2022\/03\/1-iform-broccolisallad-bacon-600x400.jpg 600w\" sizes=\"auto, (max-width: 1024px) 100vw, 1024px\" \/><\/figure>\n\n\n\n<h2 class=\"wp-block-heading\">2. Vietnamesisk Soppa med Glasnudlar<\/h2>\n\n\n\n<figure class=\"wp-block-image size-large\"><img loading=\"lazy\" decoding=\"async\" width=\"900\" height=\"676\" src=\"https:\/\/fineshelf.com\/wp-content\/uploads\/2022\/03\/2-femina-vietnamesisk-soppa-900x676-1.jpg\" alt=\"Nyttig matl\u00e5da vietnamesisk soppa\" class=\"wp-image-13749\" srcset=\"https:\/\/fineshelf.com\/wp-content\/uploads\/2022\/03\/2-femina-vietnamesisk-soppa-900x676-1.jpg 900w, https:\/\/fineshelf.com\/wp-content\/uploads\/2022\/03\/2-femina-vietnamesisk-soppa-900x676-1-300x225.jpg 300w, https:\/\/fineshelf.com\/wp-content\/uploads\/2022\/03\/2-femina-vietnamesisk-soppa-900x676-1-768x577.jpg 768w\" sizes=\"auto, (max-width: 900px) 100vw, 900px\" \/><\/figure>\n\n\n\n<h2 class=\"wp-block-heading\">3. Laxburgare med gr\u00f6nt mos och citronsm\u00f6r<\/h2>\n\n\n\n<figure class=\"wp-block-image size-large\"><img loading=\"lazy\" decoding=\"async\" width=\"900\" height=\"676\" src=\"https:\/\/fineshelf.com\/wp-content\/uploads\/2022\/03\/3-laxburgare-mos-citronsmor-900x676-1.jpg\" alt=\"Laxburgare i matl\u00e5da med citronsm\u00f6r\" class=\"wp-image-13751\" srcset=\"https:\/\/fineshelf.com\/wp-content\/uploads\/2022\/03\/3-laxburgare-mos-citronsmor-900x676-1.jpg 900w, https:\/\/fineshelf.com\/wp-content\/uploads\/2022\/03\/3-laxburgare-mos-citronsmor-900x676-1-300x225.jpg 300w, https:\/\/fineshelf.com\/wp-content\/uploads\/2022\/03\/3-laxburgare-mos-citronsmor-900x676-1-768x577.jpg 768w\" sizes=\"auto, (max-width: 900px) 100vw, 900px\" \/><\/figure>\n\n\n\n<h2 class=\"wp-block-heading\">4. Tonfisksallad med \u00e4gg och bulgur<\/h2>\n\n\n\n<figure class=\"wp-block-image size-large\"><img loading=\"lazy\" decoding=\"async\" width=\"900\" height=\"676\" src=\"https:\/\/fineshelf.com\/wp-content\/uploads\/2022\/03\/4-tonfisk-bulgur-a\u0308gg.jpg\" alt=\"Tonfisk med bulgar som nyttigt alterantiv\" class=\"wp-image-13753\" srcset=\"https:\/\/fineshelf.com\/wp-content\/uploads\/2022\/03\/4-tonfisk-bulgur-a\u0308gg.jpg 900w, https:\/\/fineshelf.com\/wp-content\/uploads\/2022\/03\/4-tonfisk-bulgur-a\u0308gg-300x225.jpg 300w, https:\/\/fineshelf.com\/wp-content\/uploads\/2022\/03\/4-tonfisk-bulgur-a\u0308gg-768x577.jpg 768w\" sizes=\"auto, (max-width: 900px) 100vw, 900px\" \/><\/figure>\n\n\n\n<h2 class=\"wp-block-heading\">5. Wraps med halloumi, hummus och gr\u00f6nt<\/h2>\n\n\n\n<figure class=\"wp-block-image size-large\"><img loading=\"lazy\" decoding=\"async\" width=\"900\" height=\"676\" src=\"https:\/\/fineshelf.com\/wp-content\/uploads\/2022\/03\/5-wraps-halloumi.jpg\" alt=\"Wraps med halloumi nyttig och enkel att packa i matl\u00e5da\" class=\"wp-image-13755\" srcset=\"https:\/\/fineshelf.com\/wp-content\/uploads\/2022\/03\/5-wraps-halloumi.jpg 900w, https:\/\/fineshelf.com\/wp-content\/uploads\/2022\/03\/5-wraps-halloumi-300x225.jpg 300w, https:\/\/fineshelf.com\/wp-content\/uploads\/2022\/03\/5-wraps-halloumi-768x577.jpg 768w\" sizes=\"auto, (max-width: 900px) 100vw, 900px\" \/><\/figure>\n\n\n\n<h2 class=\"wp-block-heading\">Tips f\u00f6r att skapa dina egna nyttiga matl\u00e5dor<\/h2>\n\n\n\n<p>K\u00f6p hem en god bas, s\u00e5som bulgur, quinoa eller svart ris. F\u00f6rbered stekt kyckling fil\u00e9 eller lax n\u00e5gon g\u00e5ng i veckan, ha alltid f\u00e4rska gr\u00f6nsaker och goda ostar hemma och r\u00f6r ihop en kall s\u00e5s eller k\u00f6p f\u00e4rdiga s\u00e5ser att ha med som tillbeh\u00f6r. Tonfisk p\u00e5 burk \u00e4r en god och nyttig proteink\u00e4lla och blir tillsammans med \u00e4gg och sallad en riktig hit.<\/p>\n","protected":false},"excerpt":{"rendered":"<p>Lunch p\u00e5 kvarterskrogen i all \u00e4ra.\u00a0F\u00f6r dig som \u00e4r noga med vad du stoppar i dig \u00e4r ett alternativ att ta med dig din egen matl\u00e5da till jobbet. Att g\u00f6ra iordning och ta med egen lunchl\u00e5da beh\u00f6ver varken vara jobbigt eller kr\u00e5ngligt. Dessutom sparar du pengar. En genomsnittlig lunch p\u00e5 restaurang kostar 74 kronor. Det [&hellip;]<\/p>\n","protected":false},"author":1,"featured_media":13757,"parent":13665,"menu_order":0,"comment_status":"closed","ping_status":"closed","template":"","meta":{"_genesis_hide_title":false,"_genesis_hide_breadcrumbs":false,"_genesis_hide_singular_image":false,"_genesis_hide_footer_widgets":false,"_genesis_custom_body_class":"","_genesis_custom_post_class":"","_genesis_layout":"","footnotes":""},"class_list":{"0":"post-13742","1":"page","2":"type-page","3":"status-publish","4":"has-post-thumbnail","6":"entry"},"yoast_head":"<!-- This site is optimized with the Yoast SEO plugin v27.5 - https:\/\/yoast.com\/product\/yoast-seo-wordpress\/ -->\n<title>5 tips p\u00e5 nyttiga matl\u00e5dor som \u00e4r enkla att tillaga | Fineshelf.com<\/title>\n<meta name=\"description\" content=\"Recept p\u00e5 5 goda och n\u00e4ringrika matl\u00e5dor som du enkelt kan f\u00f6rbereda hemma | Tips p\u00e5 basprodukter som du m\u00e5ste ha hemma och mycket mer.\" \/>\n<meta name=\"robots\" content=\"index, follow, max-snippet:-1, max-image-preview:large, max-video-preview:-1\" \/>\n<link rel=\"canonical\" href=\"https:\/\/fineshelf.com\/sv\/artikel\/5-tips-pa-nyttiga-matlador\/\" \/>\n<meta property=\"og:locale\" content=\"sv_SE\" \/>\n<meta property=\"og:type\" content=\"article\" \/>\n<meta property=\"og:title\" content=\"5 tips p\u00e5 nyttiga matl\u00e5dor som \u00e4r enkla att tillaga | Fineshelf.com\" \/>\n<meta property=\"og:description\" content=\"Recept p\u00e5 5 goda och n\u00e4ringrika matl\u00e5dor som du enkelt kan f\u00f6rbereda hemma | Tips p\u00e5 basprodukter som du m\u00e5ste ha hemma och mycket mer.\" \/>\n<meta property=\"og:url\" content=\"https:\/\/fineshelf.com\/sv\/artikel\/5-tips-pa-nyttiga-matlador\/\" \/>\n<meta property=\"og:site_name\" content=\"Fineshelf.com\" \/>\n<meta property=\"article:modified_time\" content=\"2022-03-23T12:00:19+00:00\" \/>\n<meta property=\"og:image\" content=\"https:\/\/i0.wp.com\/fineshelf.com\/wp-content\/uploads\/2022\/03\/nyttiga-matlador-teaser.jpg?fit=1600%2C800&ssl=1\" \/>\n\t<meta property=\"og:image:width\" content=\"1600\" \/>\n\t<meta property=\"og:image:height\" content=\"800\" \/>\n\t<meta property=\"og:image:type\" content=\"image\/jpeg\" \/>\n<meta name=\"twitter:card\" content=\"summary_large_image\" \/>\n<meta name=\"twitter:label1\" content=\"Ber\u00e4knad l\u00e4stid\" \/>\n\t<meta name=\"twitter:data1\" content=\"1 minut\" \/>\n<script type=\"application\/ld+json\" class=\"yoast-schema-graph\">{\"@context\":\"https:\\\/\\\/schema.org\",\"@graph\":[{\"@type\":\"WebPage\",\"@id\":\"https:\\\/\\\/fineshelf.com\\\/sv\\\/artikel\\\/5-tips-pa-nyttiga-matlador\\\/\",\"url\":\"https:\\\/\\\/fineshelf.com\\\/sv\\\/artikel\\\/5-tips-pa-nyttiga-matlador\\\/\",\"name\":\"5 tips p\u00e5 nyttiga matl\u00e5dor som \u00e4r enkla att tillaga | Fineshelf.com\",\"isPartOf\":{\"@id\":\"https:\\\/\\\/fineshelf.com\\\/sv\\\/#website\"},\"primaryImageOfPage\":{\"@id\":\"https:\\\/\\\/fineshelf.com\\\/sv\\\/artikel\\\/5-tips-pa-nyttiga-matlador\\\/#primaryimage\"},\"image\":{\"@id\":\"https:\\\/\\\/fineshelf.com\\\/sv\\\/artikel\\\/5-tips-pa-nyttiga-matlador\\\/#primaryimage\"},\"thumbnailUrl\":\"https:\\\/\\\/fineshelf.com\\\/wp-content\\\/uploads\\\/2022\\\/03\\\/nyttiga-matlador-teaser.jpg\",\"datePublished\":\"2022-03-23T11:43:24+00:00\",\"dateModified\":\"2022-03-23T12:00:19+00:00\",\"description\":\"Recept p\u00e5 5 goda och n\u00e4ringrika matl\u00e5dor som du enkelt kan f\u00f6rbereda hemma | Tips p\u00e5 basprodukter som du m\u00e5ste ha hemma och mycket mer.\",\"breadcrumb\":{\"@id\":\"https:\\\/\\\/fineshelf.com\\\/sv\\\/artikel\\\/5-tips-pa-nyttiga-matlador\\\/#breadcrumb\"},\"inLanguage\":\"sv-SE\",\"potentialAction\":[{\"@type\":\"ReadAction\",\"target\":[\"https:\\\/\\\/fineshelf.com\\\/sv\\\/artikel\\\/5-tips-pa-nyttiga-matlador\\\/\"]}]},{\"@type\":\"ImageObject\",\"inLanguage\":\"sv-SE\",\"@id\":\"https:\\\/\\\/fineshelf.com\\\/sv\\\/artikel\\\/5-tips-pa-nyttiga-matlador\\\/#primaryimage\",\"url\":\"https:\\\/\\\/fineshelf.com\\\/wp-content\\\/uploads\\\/2022\\\/03\\\/nyttiga-matlador-teaser.jpg\",\"contentUrl\":\"https:\\\/\\\/fineshelf.com\\\/wp-content\\\/uploads\\\/2022\\\/03\\\/nyttiga-matlador-teaser.jpg\",\"width\":1600,\"height\":800},{\"@type\":\"BreadcrumbList\",\"@id\":\"https:\\\/\\\/fineshelf.com\\\/sv\\\/artikel\\\/5-tips-pa-nyttiga-matlador\\\/#breadcrumb\",\"itemListElement\":[{\"@type\":\"ListItem\",\"position\":1,\"name\":\"Home\",\"item\":\"https:\\\/\\\/fineshelf.com\\\/sv\\\/\"},{\"@type\":\"ListItem\",\"position\":2,\"name\":\"Senaste artiklar\",\"item\":\"https:\\\/\\\/fineshelf.com\\\/sv\\\/artikel\\\/\"},{\"@type\":\"ListItem\",\"position\":3,\"name\":\"5 tips p\u00e5 nyttiga matl\u00e5dor\"}]},{\"@type\":\"WebSite\",\"@id\":\"https:\\\/\\\/fineshelf.com\\\/sv\\\/#website\",\"url\":\"https:\\\/\\\/fineshelf.com\\\/sv\\\/\",\"name\":\"Fineshelf.com\",\"description\":\"FS\",\"publisher\":{\"@id\":\"https:\\\/\\\/fineshelf.com\\\/sv\\\/#organization\"},\"potentialAction\":[{\"@type\":\"SearchAction\",\"target\":{\"@type\":\"EntryPoint\",\"urlTemplate\":\"https:\\\/\\\/fineshelf.com\\\/sv\\\/?s={search_term_string}\"},\"query-input\":{\"@type\":\"PropertyValueSpecification\",\"valueRequired\":true,\"valueName\":\"search_term_string\"}}],\"inLanguage\":\"sv-SE\"},{\"@type\":\"Organization\",\"@id\":\"https:\\\/\\\/fineshelf.com\\\/sv\\\/#organization\",\"name\":\"Fineshelf AB\",\"url\":\"https:\\\/\\\/fineshelf.com\\\/sv\\\/\",\"logo\":{\"@type\":\"ImageObject\",\"inLanguage\":\"sv-SE\",\"@id\":\"https:\\\/\\\/fineshelf.com\\\/sv\\\/#\\\/schema\\\/logo\\\/image\\\/\",\"url\":\"https:\\\/\\\/i0.wp.com\\\/fineshelf.com\\\/wp-content\\\/uploads\\\/2022\\\/06\\\/fineshelf-logo-black-background-simple.png?fit=500%2C128&ssl=1\",\"contentUrl\":\"https:\\\/\\\/i0.wp.com\\\/fineshelf.com\\\/wp-content\\\/uploads\\\/2022\\\/06\\\/fineshelf-logo-black-background-simple.png?fit=500%2C128&ssl=1\",\"width\":500,\"height\":128,\"caption\":\"Fineshelf AB\"},\"image\":{\"@id\":\"https:\\\/\\\/fineshelf.com\\\/sv\\\/#\\\/schema\\\/logo\\\/image\\\/\"}}]}<\/script>\n<!-- \/ Yoast SEO plugin. -->","yoast_head_json":{"title":"5 tips p\u00e5 nyttiga matl\u00e5dor som \u00e4r enkla att tillaga | Fineshelf.com","description":"Recept p\u00e5 5 goda och n\u00e4ringrika matl\u00e5dor som du enkelt kan f\u00f6rbereda hemma | Tips p\u00e5 basprodukter som du m\u00e5ste ha hemma och mycket mer.","robots":{"index":"index","follow":"follow","max-snippet":"max-snippet:-1","max-image-preview":"max-image-preview:large","max-video-preview":"max-video-preview:-1"},"canonical":"https:\/\/fineshelf.com\/sv\/artikel\/5-tips-pa-nyttiga-matlador\/","og_locale":"sv_SE","og_type":"article","og_title":"5 tips p\u00e5 nyttiga matl\u00e5dor som \u00e4r enkla att tillaga | Fineshelf.com","og_description":"Recept p\u00e5 5 goda och n\u00e4ringrika matl\u00e5dor som du enkelt kan f\u00f6rbereda hemma | Tips p\u00e5 basprodukter som du m\u00e5ste ha hemma och mycket mer.","og_url":"https:\/\/fineshelf.com\/sv\/artikel\/5-tips-pa-nyttiga-matlador\/","og_site_name":"Fineshelf.com","article_modified_time":"2022-03-23T12:00:19+00:00","og_image":[{"width":1600,"height":800,"url":"https:\/\/i0.wp.com\/fineshelf.com\/wp-content\/uploads\/2022\/03\/nyttiga-matlador-teaser.jpg?fit=1600%2C800&ssl=1","type":"image\/jpeg"}],"twitter_card":"summary_large_image","twitter_misc":{"Ber\u00e4knad l\u00e4stid":"1 minut"},"schema":{"@context":"https:\/\/schema.org","@graph":[{"@type":"WebPage","@id":"https:\/\/fineshelf.com\/sv\/artikel\/5-tips-pa-nyttiga-matlador\/","url":"https:\/\/fineshelf.com\/sv\/artikel\/5-tips-pa-nyttiga-matlador\/","name":"5 tips p\u00e5 nyttiga matl\u00e5dor som \u00e4r enkla att tillaga | Fineshelf.com","isPartOf":{"@id":"https:\/\/fineshelf.com\/sv\/#website"},"primaryImageOfPage":{"@id":"https:\/\/fineshelf.com\/sv\/artikel\/5-tips-pa-nyttiga-matlador\/#primaryimage"},"image":{"@id":"https:\/\/fineshelf.com\/sv\/artikel\/5-tips-pa-nyttiga-matlador\/#primaryimage"},"thumbnailUrl":"https:\/\/fineshelf.com\/wp-content\/uploads\/2022\/03\/nyttiga-matlador-teaser.jpg","datePublished":"2022-03-23T11:43:24+00:00","dateModified":"2022-03-23T12:00:19+00:00","description":"Recept p\u00e5 5 goda och n\u00e4ringrika matl\u00e5dor som du enkelt kan f\u00f6rbereda hemma | Tips p\u00e5 basprodukter som du m\u00e5ste ha hemma och mycket mer.","breadcrumb":{"@id":"https:\/\/fineshelf.com\/sv\/artikel\/5-tips-pa-nyttiga-matlador\/#breadcrumb"},"inLanguage":"sv-SE","potentialAction":[{"@type":"ReadAction","target":["https:\/\/fineshelf.com\/sv\/artikel\/5-tips-pa-nyttiga-matlador\/"]}]},{"@type":"ImageObject","inLanguage":"sv-SE","@id":"https:\/\/fineshelf.com\/sv\/artikel\/5-tips-pa-nyttiga-matlador\/#primaryimage","url":"https:\/\/fineshelf.com\/wp-content\/uploads\/2022\/03\/nyttiga-matlador-teaser.jpg","contentUrl":"https:\/\/fineshelf.com\/wp-content\/uploads\/2022\/03\/nyttiga-matlador-teaser.jpg","width":1600,"height":800},{"@type":"BreadcrumbList","@id":"https:\/\/fineshelf.com\/sv\/artikel\/5-tips-pa-nyttiga-matlador\/#breadcrumb","itemListElement":[{"@type":"ListItem","position":1,"name":"Home","item":"https:\/\/fineshelf.com\/sv\/"},{"@type":"ListItem","position":2,"name":"Senaste artiklar","item":"https:\/\/fineshelf.com\/sv\/artikel\/"},{"@type":"ListItem","position":3,"name":"5 tips p\u00e5 nyttiga matl\u00e5dor"}]},{"@type":"WebSite","@id":"https:\/\/fineshelf.com\/sv\/#website","url":"https:\/\/fineshelf.com\/sv\/","name":"Fineshelf.com","description":"FS","publisher":{"@id":"https:\/\/fineshelf.com\/sv\/#organization"},"potentialAction":[{"@type":"SearchAction","target":{"@type":"EntryPoint","urlTemplate":"https:\/\/fineshelf.com\/sv\/?s={search_term_string}"},"query-input":{"@type":"PropertyValueSpecification","valueRequired":true,"valueName":"search_term_string"}}],"inLanguage":"sv-SE"},{"@type":"Organization","@id":"https:\/\/fineshelf.com\/sv\/#organization","name":"Fineshelf AB","url":"https:\/\/fineshelf.com\/sv\/","logo":{"@type":"ImageObject","inLanguage":"sv-SE","@id":"https:\/\/fineshelf.com\/sv\/#\/schema\/logo\/image\/","url":"https:\/\/i0.wp.com\/fineshelf.com\/wp-content\/uploads\/2022\/06\/fineshelf-logo-black-background-simple.png?fit=500%2C128&ssl=1","contentUrl":"https:\/\/i0.wp.com\/fineshelf.com\/wp-content\/uploads\/2022\/06\/fineshelf-logo-black-background-simple.png?fit=500%2C128&ssl=1","width":500,"height":128,"caption":"Fineshelf AB"},"image":{"@id":"https:\/\/fineshelf.com\/sv\/#\/schema\/logo\/image\/"}}]}},"featured_image_src":"https:\/\/fineshelf.com\/wp-content\/uploads\/2022\/03\/nyttiga-matlador-teaser.jpg","featured_image_src_square":"https:\/\/fineshelf.com\/wp-content\/uploads\/2022\/03\/nyttiga-matlador-teaser.jpg","_links":{"self":[{"href":"https:\/\/fineshelf.com\/sv\/wp-json\/wp\/v2\/pages\/13742","targetHints":{"allow":["GET"]}}],"collection":[{"href":"https:\/\/fineshelf.com\/sv\/wp-json\/wp\/v2\/pages"}],"about":[{"href":"https:\/\/fineshelf.com\/sv\/wp-json\/wp\/v2\/types\/page"}],"author":[{"embeddable":true,"href":"https:\/\/fineshelf.com\/sv\/wp-json\/wp\/v2\/users\/1"}],"replies":[{"embeddable":true,"href":"https:\/\/fineshelf.com\/sv\/wp-json\/wp\/v2\/comments?post=13742"}],"version-history":[{"count":9,"href":"https:\/\/fineshelf.com\/sv\/wp-json\/wp\/v2\/pages\/13742\/revisions"}],"predecessor-version":[{"id":13765,"href":"https:\/\/fineshelf.com\/sv\/wp-json\/wp\/v2\/pages\/13742\/revisions\/13765"}],"up":[{"embeddable":true,"href":"https:\/\/fineshelf.com\/sv\/wp-json\/wp\/v2\/pages\/13665"}],"wp:featuredmedia":[{"embeddable":true,"href":"https:\/\/fineshelf.com\/sv\/wp-json\/wp\/v2\/media\/13757"}],"wp:attachment":[{"href":"https:\/\/fineshelf.com\/sv\/wp-json\/wp\/v2\/media?parent=13742"}],"curies":[{"name":"wp","href":"https:\/\/api.w.org\/{rel}","templated":true}]}}