{"id":12928,"date":"2018-09-06T16:54:00","date_gmt":"2018-09-06T16:54:00","guid":{"rendered":"https:\/\/fineshelf.com\/?page_id=12928"},"modified":"2025-03-28T15:28:51","modified_gmt":"2025-03-28T15:28:51","slug":"kaffe","status":"publish","type":"page","link":"https:\/\/fineshelf.com\/sv\/presenter\/kaffe\/","title":{"rendered":"8 H\u00e5rda och mjuka presenter till kaffe\u00e4lskaren 2025"},"content":{"rendered":"\n<p><em>Vi \u00e4r mitt inne i h\u00f6stm\u00f6rkret och julen b\u00f6rjar n\u00e4rma sig med stormsteg. F\u00f6rutom mysiga morgnar med en rykande kopp kaffe framf\u00f6r \u00e5rets julkalender s\u00e5 v\u00e4ntar ocks\u00e5 n\u00e5got som inte lika m\u00e5nga ser fram emot: att k\u00f6pa \u00e5rets julklappar. Vad ska du k\u00f6pa till tant Anette i \u00e5r? Och gillade verkligen pappa den d\u00e4r slipsen du k\u00f6pte f\u00f6rra \u00e5ret? Du kan vara lugn \u2013 vi hj\u00e4lper dig! Det enda kravet \u00e4r att personen du k\u00f6per till ska \u00e4lska kaffe! <\/em><\/p>\n\n\n\n<figure class=\"wp-block-image size-large\"><img loading=\"lazy\" decoding=\"async\" width=\"1000\" height=\"369\" src=\"https:\/\/fineshelf.com\/wp-content\/uploads\/2021\/10\/kaffepresenter-teaser.jpg\" alt=\"Kaffepresenter teaser\" class=\"wp-image-12946\" srcset=\"https:\/\/fineshelf.com\/wp-content\/uploads\/2021\/10\/kaffepresenter-teaser.jpg 1000w, https:\/\/fineshelf.com\/wp-content\/uploads\/2021\/10\/kaffepresenter-teaser-300x111.jpg 300w, https:\/\/fineshelf.com\/wp-content\/uploads\/2021\/10\/kaffepresenter-teaser-768x283.jpg 768w\" sizes=\"auto, (max-width: 1000px) 100vw, 1000px\" \/><\/figure>\n\n\n\n<h2 class=\"wp-block-heading\">H\u00e5rda kaffepresenter <\/h2>\n\n\n\n<p>Vi har tagit fram 4 stycken h\u00e5rda presenter inneh\u00e5llandes kaffe. Vad \u00e4r h\u00e5rda kaffepresenter? H\u00e5rda kaffepresenter \u00e4r f\u00f6rst och fr\u00e4mst kaffemaskiner, till exempel en Moccamaster, och kapselmaskiner fr\u00e5n det ledande m\u00e4rket Nespresso. Dessa presenttips l\u00e4mpar sig b\u00e4st f\u00f6r kaffe\u00e4lskaren som antingen inte har n\u00e5gon kaffemaskin hemma \u00e4n, eller beh\u00f6ver en uppgradering av den gamla. Kanske testade du och din partner p\u00e5 Nespressos kaffekapslar p\u00e5 semestern i somras och k\u00e4nner att det skulle sitta fint med en egen maskin hemma? <\/p>\n\n\n\n<h3 class=\"wp-block-heading\">1. Kaffebryggare fr\u00e5n Moccamaster <\/h3>\n\n\n\n<figure class=\"wp-block-image size-large\"><img loading=\"lazy\" decoding=\"async\" width=\"1024\" height=\"576\" src=\"https:\/\/fineshelf.com\/wp-content\/uploads\/2019\/11\/presenttips-30-ar-2-moccamaster-kaffebryggare-1024x576.jpg\" alt=\"30 \u00e5rs present: moccamaster\" class=\"wp-image-2735\" srcset=\"https:\/\/fineshelf.com\/wp-content\/uploads\/2019\/11\/presenttips-30-ar-2-moccamaster-kaffebryggare-1024x576.jpg 1024w, https:\/\/fineshelf.com\/wp-content\/uploads\/2019\/11\/presenttips-30-ar-2-moccamaster-kaffebryggare-300x169.jpg 300w, https:\/\/fineshelf.com\/wp-content\/uploads\/2019\/11\/presenttips-30-ar-2-moccamaster-kaffebryggare-768x432.jpg 768w, https:\/\/fineshelf.com\/wp-content\/uploads\/2019\/11\/presenttips-30-ar-2-moccamaster-kaffebryggare-690x388.jpg 690w, https:\/\/fineshelf.com\/wp-content\/uploads\/2019\/11\/presenttips-30-ar-2-moccamaster-kaffebryggare.jpg 1080w\" sizes=\"auto, (max-width: 1024px) 100vw, 1024px\" \/><\/figure>\n\n\n\n<p>\u00c4r du en \u00e4kta kaffe\u00e4lskare och vill njuta av en perfekt bryggd kopp kaffe varje g\u00e5ng s\u00e5 ska du kika extra noga p\u00e5 kaffebryggarna fr\u00e5n Moccamaster. Dessa kaffebryggare kommer i flera f\u00e4rgglada och stilrena modeller, och en full kanna brygger upp till 10 koppar kaffe p\u00e5 en g\u00e5ng. Bland Moccamasters bryggare finns det \u00e4ven de som kommer med en termoskanna. <\/p>\n\n\n\n<p> Moccamastern ger en optimal temperatur p\u00e5 kaffet, och brygger en hel kanna p\u00e5 endast sex minuter. Bryggaren v\u00e4rmer upp vattnet till en temperatur p\u00e5 92\u201396 grader och h\u00e5ller en optimal serveringstemperatur p\u00e5 det f\u00e4rdigbryggda kaffet. <\/p>\n\n\n\n<h3 class=\"wp-block-heading\">2. Minipresso NS Nespressomaskin<\/h3>\n\n\n\n<figure class=\"wp-block-image size-large\"><img loading=\"lazy\" decoding=\"async\" width=\"727\" height=\"713\" src=\"https:\/\/fineshelf.com\/wp-content\/uploads\/2021\/10\/155417678.jpeg\" alt=\"\" class=\"wp-image-12930\" srcset=\"https:\/\/fineshelf.com\/wp-content\/uploads\/2021\/10\/155417678.jpeg 727w, https:\/\/fineshelf.com\/wp-content\/uploads\/2021\/10\/155417678-300x294.jpeg 300w\" sizes=\"auto, (max-width: 727px) 100vw, 727px\" \/><\/figure>\n\n\n\n<p>Om personen du ska k\u00f6pa en present till \u00e4r en kaffe\u00e4lskare som alltid \u00e4r p\u00e5 spr\u00e5ng s\u00e5 \u00e4r en Minipresso NS perfekt att ge bort! Denna portabla kapselmaskin kan man alltid ha med sig i v\u00e4skan och p\u00e5 s\u00e5 s\u00e4tt g\u00f6ra sig en perfekt espresso vart du \u00e4n befinner dig. Skulle den tillt\u00e4nkta personen \u00e4ven vara en av de olyckliga som jobbar p\u00e5 ett kontor med en d\u00e5lig kaffeautomat, s\u00e5 kommer Minipresso vara extra uppskattad! <br>\nF\u00f6rutom sj\u00e4lva Minipresson s\u00e5 \u00e4r det enda du beh\u00f6ver en Nespressokapsel och tillg\u00e5ng till varmt vatten. Till den portabla kapselmaskinen tillkommer \u00e4ven en inbyggd kopp s\u00e5 man beh\u00f6ver aldrig komma ih\u00e5g att ta med sig en extra. L\u00e4s mer om Minipresson i detta test av kaffemaskiner.<\/p>\n\n\n\n<h3 class=\"wp-block-heading\">3. Graef Espressomaskin Pivalla + Nespresso<\/h3>\n\n\n\n<figure class=\"wp-block-image size-large\"><img loading=\"lazy\" decoding=\"async\" width=\"1024\" height=\"1024\" src=\"https:\/\/fineshelf.com\/wp-content\/uploads\/2021\/10\/graef-kaffemaskin-1024x1024.jpg\" alt=\"\" class=\"wp-image-12932\" srcset=\"https:\/\/fineshelf.com\/wp-content\/uploads\/2021\/10\/graef-kaffemaskin-1024x1024.jpg 1024w, https:\/\/fineshelf.com\/wp-content\/uploads\/2021\/10\/graef-kaffemaskin-300x300.jpg 300w, https:\/\/fineshelf.com\/wp-content\/uploads\/2021\/10\/graef-kaffemaskin-150x150.jpg 150w, https:\/\/fineshelf.com\/wp-content\/uploads\/2021\/10\/graef-kaffemaskin-768x768.jpg 768w, https:\/\/fineshelf.com\/wp-content\/uploads\/2021\/10\/graef-kaffemaskin-600x600.jpg 600w, https:\/\/fineshelf.com\/wp-content\/uploads\/2021\/10\/graef-kaffemaskin.jpg 1400w\" sizes=\"auto, (max-width: 1024px) 100vw, 1024px\" \/><\/figure>\n\n\n\n<p>Espressomaskinen Pivalla fr\u00e5n Graef passar som present f\u00f6r kaffe\u00e4lskaren som vill ta sitt kaffebryggande till en annan niv\u00e5! Den h\u00e4r espressomaskinen fungerar n\u00e4mligen b\u00e5de som en vanlig espressomaskin och med kaffekapslar fr\u00e5n Nespresso. Hur fungerar d\u00e5 detta? Graef Espressomaskin har en speciell insats som man enkelt kan byta till, och p\u00e5 det s\u00e4ttet brygga sig en god kopp espresso med en nespresso-kompatibel kaffekapsel \u2013 smart! <\/p>\n\n\n\n<p>Med Graef Espressomaskin Pivalla kan man v\u00e4lja mellan att brygga sig en enkel eller dubbel espresso, latte, cappuccino eller skumma mj\u00f6lk till en varm choklad. Espressomaskinen \u00e4r en sj\u00e4lvklar uppgradering av hemmakaffebryggandet och ger k\u00f6ket en \u00e4kta caf\u00e9k\u00e4nsla! <\/p>\n\n\n\n<h3 class=\"wp-block-heading\">4. Nespresso Citiz&amp;Milk <\/h3>\n\n\n\n<figure class=\"wp-block-image size-large\"><img loading=\"lazy\" decoding=\"async\" width=\"1024\" height=\"644\" src=\"https:\/\/fineshelf.com\/wp-content\/uploads\/2021\/10\/Nespresso-CitizMilk-1024x644.jpg\" alt=\"Nespresso Citiz&amp;Milk i vit f\u00e4rg\" class=\"wp-image-12937\" srcset=\"https:\/\/fineshelf.com\/wp-content\/uploads\/2021\/10\/Nespresso-CitizMilk-1024x644.jpg 1024w, https:\/\/fineshelf.com\/wp-content\/uploads\/2021\/10\/Nespresso-CitizMilk-300x189.jpg 300w, https:\/\/fineshelf.com\/wp-content\/uploads\/2021\/10\/Nespresso-CitizMilk-768x483.jpg 768w, https:\/\/fineshelf.com\/wp-content\/uploads\/2021\/10\/Nespresso-CitizMilk.jpg 1238w\" sizes=\"auto, (max-width: 1024px) 100vw, 1024px\" \/><\/figure>\n\n\n\n<p>Nespresso Citiz&amp;Milk \u00e4r perfekt som present till kaffe\u00e4lskaren som inte bara \u00e4lskar kaffe utan \u00e4ven \u00e4r intresserad av design och inredning. Denna kaffemaskin har en stilren design och elegant touch, och \u00e4r en sj\u00e4lvklar detalj i den stilmedvetna kaffe\u00e4lskarens k\u00f6k! Dessutom finns Citiz&amp;Milk i flera olika f\u00e4rger vilket g\u00f6r det l\u00e4ttare att passa in i flera k\u00f6k.  Citiz&amp;Milk har en inbyggd mj\u00f6lkskummare, Aeroccino3, vilket ger morgonkaffet en lyxig caf\u00e9k\u00e4nsla! <\/p>\n\n\n\n<h2 class=\"wp-block-heading\">Mjuka kaffepresenter <\/h2>\n\n\n\n<p>Ut\u00f6ver de h\u00e5rda kaffepresenterna s\u00e5 har vi ocks\u00e5 tagit fram 4 stycken mjuka presenter p\u00e5 temat kaffe. Vad \u00e4r mjuka kaffepresenter? Mjuka kaffepresenter \u00e4r givetvis s\u00e5dant som \u00e4r \u201dmjukt\u201d, s\u00e5 som kaffekapslar och andra kaffetillbeh\u00f6r, men ocks\u00e5 presenter som inte riktigt g\u00e5r att varken placera in som \u201dmjukt\u201d eller \u201dh\u00e5rt\u201d s\u00e5 som kaffeprovningar eller kurser. <\/p>\n\n\n\n<h3 class=\"wp-block-heading\">5. Kaffekapslar till din kapselmaskin<\/h3>\n\n\n\n<figure class=\"wp-block-image size-large\"><img loading=\"lazy\" decoding=\"async\" width=\"792\" height=\"434\" src=\"https:\/\/fineshelf.com\/wp-content\/uploads\/2021\/10\/kaffekapslar-bild.jpg\" alt=\"kaffekapslar\" class=\"wp-image-12935\" srcset=\"https:\/\/fineshelf.com\/wp-content\/uploads\/2021\/10\/kaffekapslar-bild.jpg 792w, https:\/\/fineshelf.com\/wp-content\/uploads\/2021\/10\/kaffekapslar-bild-300x164.jpg 300w, https:\/\/fineshelf.com\/wp-content\/uploads\/2021\/10\/kaffekapslar-bild-768x421.jpg 768w\" sizes=\"auto, (max-width: 792px) 100vw, 792px\" \/><\/figure>\n\n\n\n<p>Minns du hur det var n\u00e4r du var liten? Du fick en ny leksak, men mamma och pappa hade gl\u00f6mt bort att k\u00f6pa batterier? Ska du k\u00f6pa n\u00e5gon av maskinerna till en kaffe\u00e4lskare i present s\u00e5 m\u00e5ste du givetvis inkludera n\u00e5gra kaffekapslar ocks\u00e5! De st\u00f6rsta producenterna av kaffekapslar idag \u00e4r Nespresso som tillverkar och s\u00e4ljer ungef\u00e4r 14 miljarder kapslar per \u00e5r. Ut\u00f6ver dessa finns ett enormt utbud och en uppsj\u00f6 av olika smaker fr\u00e5n m\u00e4rken som Lavazza, Starbucks och Gevalia. Det finns kaffekapslar som passar f\u00f6r alla smaker! <\/p>\n\n\n\n<p> \u00c4r du nyfiken p\u00e5 mer om utbudet \u00f6ver Nespresso-kompatibla kaffekapslar, kan du kika in p\u00e5 <a href=\"https:\/\/kaffekapslar.se\">kaffekapslar.se<\/a> f\u00f6r att f\u00e5 veta mer. <\/p>\n\n\n\n<h3 class=\"wp-block-heading\">6. Kaffeprovning f\u00f6r tv\u00e5<\/h3>\n\n\n\n<figure class=\"wp-block-image size-large\"><img loading=\"lazy\" decoding=\"async\" width=\"920\" height=\"370\" src=\"https:\/\/fineshelf.com\/wp-content\/uploads\/2021\/10\/kaffeprovning.jpg\" alt=\"Kaffeprovning exempelbild\" class=\"wp-image-12939\" srcset=\"https:\/\/fineshelf.com\/wp-content\/uploads\/2021\/10\/kaffeprovning.jpg 920w, https:\/\/fineshelf.com\/wp-content\/uploads\/2021\/10\/kaffeprovning-300x121.jpg 300w, https:\/\/fineshelf.com\/wp-content\/uploads\/2021\/10\/kaffeprovning-768x309.jpg 768w\" sizes=\"auto, (max-width: 920px) 100vw, 920px\" \/><\/figure>\n\n\n\n<p>Ge bort en upplevelse b\u00e5de till dig och en annan kaffe\u00e4lskare! Precis som med viner, ost, \u00f6l, och mycket annat, s\u00e5 finns det ocks\u00e5 provningar f\u00f6r att testa p\u00e5 olika kaffesorter. Som rubriken antyder s\u00e5 \u00e4r det en tillst\u00e4llning d\u00e4r ni f\u00e5r lov att testa p\u00e5 och njuta av olika sorters kaffe, och \u00e4ven l\u00e4ra er n\u00e5got nytt under tiden. Visste du till exempel att precis som vindruvan s\u00e5 p\u00e5verkas kaffeb\u00f6nan av en m\u00e4ngd faktorer, och att det finns smaker i kaffet som forts\u00e4tter att utvecklas hela tiden? <\/p>\n\n\n\n<h3 class=\"wp-block-heading\">7. Kaffel\u00e5dan &#8211; Delikatessl\u00e5da till kaffedrickaren<\/h3>\n\n\n\n<figure class=\"wp-block-image size-large\"><img loading=\"lazy\" decoding=\"async\" width=\"920\" height=\"920\" src=\"https:\/\/fineshelf.com\/wp-content\/uploads\/2021\/10\/kaffela\u030ada_.jpg\" alt=\"Kaffel\u00e5da\" class=\"wp-image-12941\" srcset=\"https:\/\/fineshelf.com\/wp-content\/uploads\/2021\/10\/kaffela\u030ada_.jpg 920w, https:\/\/fineshelf.com\/wp-content\/uploads\/2021\/10\/kaffela\u030ada_-300x300.jpg 300w, https:\/\/fineshelf.com\/wp-content\/uploads\/2021\/10\/kaffela\u030ada_-150x150.jpg 150w, https:\/\/fineshelf.com\/wp-content\/uploads\/2021\/10\/kaffela\u030ada_-768x768.jpg 768w, https:\/\/fineshelf.com\/wp-content\/uploads\/2021\/10\/kaffela\u030ada_-600x600.jpg 600w\" sizes=\"auto, (max-width: 920px) 100vw, 920px\" \/><\/figure>\n\n\n\n<p>\u00c4r du os\u00e4ker p\u00e5 vad du vill ge bort till din kaffe\u00e4lskare s\u00e5 \u00e4r den h\u00e4r kaffel\u00e5dan ett s\u00e4kert kort! Kaffel\u00e5dan \u00e4r helt enkelt en delikatessl\u00e5da speciellt utformad f\u00f6r kaffe\u00e4lskare, fylld med fint kaffe och noggrant utvalda godsaker som passar ihop till kaffet. I denna kaffel\u00e5da hittar du en pl\u00e5tburk med malet kaffe, biscotti med choklad, handgjord fudge i olika smaker, en chokladkaka, chokladdoppade kaffeb\u00f6nor, och chokladdoppade marshmallows med kaffekr\u00e4m. Allting kommer i en svart, elegant presentask! Det finns 2 set att v\u00e4lja mellan. P\u00e5 hemsidan hittar du mer detaljer kring kaffet och de olika delikatesserna. <\/p>\n\n\n\n<h3 class=\"wp-block-heading\">8.Ge bort en Baristakurs <\/h3>\n\n\n\n<figure class=\"wp-block-image size-large\"><img loading=\"lazy\" decoding=\"async\" width=\"850\" height=\"425\" src=\"https:\/\/fineshelf.com\/wp-content\/uploads\/2021\/10\/baristakurs.jpg\" alt=\"baristakurs upplevelsecentralen\" class=\"wp-image-12943\" srcset=\"https:\/\/fineshelf.com\/wp-content\/uploads\/2021\/10\/baristakurs.jpg 850w, https:\/\/fineshelf.com\/wp-content\/uploads\/2021\/10\/baristakurs-300x150.jpg 300w, https:\/\/fineshelf.com\/wp-content\/uploads\/2021\/10\/baristakurs-768x384.jpg 768w, https:\/\/fineshelf.com\/wp-content\/uploads\/2021\/10\/baristakurs-800x400.jpg 800w\" sizes=\"auto, (max-width: 850px) 100vw, 850px\" \/><figcaption class=\"wp-element-caption\">upplevelsecentralen.se<\/figcaption><\/figure>\n\n\n\n<p>Ge bort en kurs i present till kaffe\u00e4lskaren! Vore det inte riktigt kul att kunna servera kaffe till sina g\u00e4ster likt en \u00e4kta barista? Om du har en kaffe\u00e4lskare i ditt liv som k\u00e4nner s\u00e5 h\u00e4r s\u00e5 \u00e4r det h\u00e4r den perfekta presenten att ge bort! En barista \u00e4r kaffets motsvarighet till vinets sommelier, och p\u00e5 den h\u00e4r kursen kommer du att l\u00e4ra dig b\u00e5de teoretiska och praktiska kunskaper. H\u00e4r f\u00e5r du l\u00e4ra dig kaffets historia och hemligheterna bakom hur man g\u00f6r ett riktigt gott kaffe. <\/p>\n\n\n\n<h2 class=\"wp-block-heading\">Avslutningsvis <\/h2>\n\n\n\n<p>Detta var v\u00e5ra 8 h\u00e5rda och mjuka presenttips till kaffe\u00e4lskaren. Vi hoppas att detta har gett dig inspiration till vad du kan ge bort i julklapp i \u00e5r till din kaffe\u00e4lskare, eller kanske hittat n\u00e5got att ge bort till dig sj\u00e4lv! Naturligtvis passar alla dessa presenttips f\u00f6r alla tillf\u00e4llen och inte enbart som julklappar. Vi menar, vem skulle inte bli glad av att f\u00e5 en Citiz&amp;Milk i f\u00f6delsedagspresent eller studentpresent? Det vet vi att vi skulle bli! <\/p>\n","protected":false},"excerpt":{"rendered":"<p>Vi \u00e4r mitt inne i h\u00f6stm\u00f6rkret och julen b\u00f6rjar n\u00e4rma sig med stormsteg. F\u00f6rutom mysiga morgnar med en rykande kopp kaffe framf\u00f6r \u00e5rets julkalender s\u00e5 v\u00e4ntar ocks\u00e5 n\u00e5got som inte lika m\u00e5nga ser fram emot: att k\u00f6pa \u00e5rets julklappar. Vad ska du k\u00f6pa till tant Anette i \u00e5r? Och gillade verkligen pappa den d\u00e4r slipsen [&hellip;]<\/p>\n","protected":false},"author":1,"featured_media":13677,"parent":2195,"menu_order":0,"comment_status":"closed","ping_status":"closed","template":"","meta":{"_genesis_hide_title":false,"_genesis_hide_breadcrumbs":false,"_genesis_hide_singular_image":false,"_genesis_hide_footer_widgets":false,"_genesis_custom_body_class":"","_genesis_custom_post_class":"","_genesis_layout":"full-width-content","footnotes":""},"class_list":{"0":"post-12928","1":"page","2":"type-page","3":"status-publish","4":"has-post-thumbnail","6":"entry"},"yoast_head":"<!-- This site is optimized with the Yoast SEO plugin v26.3 - https:\/\/yoast.com\/wordpress\/plugins\/seo\/ -->\n<title>8 H\u00e5rda och mjuka presenter till kaffe\u00e4lskaren 2025 - Fineshelf.com<\/title>\n<meta name=\"description\" content=\"Vi \u00e4r mitt inne i h\u00f6stm\u00f6rkret och julen b\u00f6rjar n\u00e4rma sig med stormsteg. F\u00f6rutom mysiga morgnar med en rykande kopp kaffe.\" \/>\n<meta name=\"robots\" content=\"index, follow, max-snippet:-1, max-image-preview:large, max-video-preview:-1\" \/>\n<link rel=\"canonical\" href=\"https:\/\/fineshelf.com\/sv\/presenter\/kaffe\/\" \/>\n<meta property=\"og:locale\" content=\"sv_SE\" \/>\n<meta property=\"og:type\" content=\"article\" \/>\n<meta property=\"og:title\" content=\"8 H\u00e5rda och mjuka presenter till kaffe\u00e4lskaren 2025 - Fineshelf.com\" \/>\n<meta property=\"og:description\" content=\"Vi \u00e4r mitt inne i h\u00f6stm\u00f6rkret och julen b\u00f6rjar n\u00e4rma sig med stormsteg. F\u00f6rutom mysiga morgnar med en rykande kopp kaffe.\" \/>\n<meta property=\"og:url\" content=\"https:\/\/fineshelf.com\/sv\/presenter\/kaffe\/\" \/>\n<meta property=\"og:site_name\" content=\"Fineshelf.com\" \/>\n<meta property=\"article:modified_time\" content=\"2025-03-28T15:28:51+00:00\" \/>\n<meta property=\"og:image\" content=\"https:\/\/fineshelf.com\/wp-content\/uploads\/2022\/02\/kaffepresenter.jpg\" \/>\n\t<meta property=\"og:image:width\" content=\"1080\" \/>\n\t<meta property=\"og:image:height\" content=\"608\" \/>\n\t<meta property=\"og:image:type\" content=\"image\/jpeg\" \/>\n<meta name=\"twitter:card\" content=\"summary_large_image\" \/>\n<meta name=\"twitter:label1\" content=\"Ber\u00e4knad l\u00e4stid\" \/>\n\t<meta name=\"twitter:data1\" content=\"8 minuter\" \/>\n<script type=\"application\/ld+json\" class=\"yoast-schema-graph\">{\"@context\":\"https:\/\/schema.org\",\"@graph\":[{\"@type\":\"WebPage\",\"@id\":\"https:\/\/fineshelf.com\/sv\/presenter\/kaffe\/\",\"url\":\"https:\/\/fineshelf.com\/sv\/presenter\/kaffe\/\",\"name\":\"8 H\u00e5rda och mjuka presenter till kaffe\u00e4lskaren 2025 - Fineshelf.com\",\"isPartOf\":{\"@id\":\"https:\/\/fineshelf.com\/sv\/#website\"},\"primaryImageOfPage\":{\"@id\":\"https:\/\/fineshelf.com\/sv\/presenter\/kaffe\/#primaryimage\"},\"image\":{\"@id\":\"https:\/\/fineshelf.com\/sv\/presenter\/kaffe\/#primaryimage\"},\"thumbnailUrl\":\"https:\/\/fineshelf.com\/wp-content\/uploads\/2022\/02\/kaffepresenter.jpg\",\"datePublished\":\"2018-09-06T16:54:00+00:00\",\"dateModified\":\"2025-03-28T15:28:51+00:00\",\"description\":\"Vi \u00e4r mitt inne i h\u00f6stm\u00f6rkret och julen b\u00f6rjar n\u00e4rma sig med stormsteg. F\u00f6rutom mysiga morgnar med en rykande kopp kaffe.\",\"breadcrumb\":{\"@id\":\"https:\/\/fineshelf.com\/sv\/presenter\/kaffe\/#breadcrumb\"},\"inLanguage\":\"sv-SE\",\"potentialAction\":[{\"@type\":\"ReadAction\",\"target\":[\"https:\/\/fineshelf.com\/sv\/presenter\/kaffe\/\"]}]},{\"@type\":\"ImageObject\",\"inLanguage\":\"sv-SE\",\"@id\":\"https:\/\/fineshelf.com\/sv\/presenter\/kaffe\/#primaryimage\",\"url\":\"https:\/\/fineshelf.com\/wp-content\/uploads\/2022\/02\/kaffepresenter.jpg\",\"contentUrl\":\"https:\/\/fineshelf.com\/wp-content\/uploads\/2022\/02\/kaffepresenter.jpg\",\"width\":1080,\"height\":608,\"caption\":\"Teaser kaffepresenter\"},{\"@type\":\"BreadcrumbList\",\"@id\":\"https:\/\/fineshelf.com\/sv\/presenter\/kaffe\/#breadcrumb\",\"itemListElement\":[{\"@type\":\"ListItem\",\"position\":1,\"name\":\"Home\",\"item\":\"https:\/\/fineshelf.com\/sv\/\"},{\"@type\":\"ListItem\",\"position\":2,\"name\":\"Skicka presenter\",\"item\":\"https:\/\/fineshelf.com\/sv\/presenter\/\"},{\"@type\":\"ListItem\",\"position\":3,\"name\":\"8 H\u00e5rda och mjuka presenter till kaffe\u00e4lskaren 2025\"}]},{\"@type\":\"WebSite\",\"@id\":\"https:\/\/fineshelf.com\/sv\/#website\",\"url\":\"https:\/\/fineshelf.com\/sv\/\",\"name\":\"Fineshelf.com\",\"description\":\"FS\",\"publisher\":{\"@id\":\"https:\/\/fineshelf.com\/sv\/#organization\"},\"potentialAction\":[{\"@type\":\"SearchAction\",\"target\":{\"@type\":\"EntryPoint\",\"urlTemplate\":\"https:\/\/fineshelf.com\/sv\/?s={search_term_string}\"},\"query-input\":{\"@type\":\"PropertyValueSpecification\",\"valueRequired\":true,\"valueName\":\"search_term_string\"}}],\"inLanguage\":\"sv-SE\"},{\"@type\":\"Organization\",\"@id\":\"https:\/\/fineshelf.com\/sv\/#organization\",\"name\":\"Fineshelf AB\",\"url\":\"https:\/\/fineshelf.com\/sv\/\",\"logo\":{\"@type\":\"ImageObject\",\"inLanguage\":\"sv-SE\",\"@id\":\"https:\/\/fineshelf.com\/sv\/#\/schema\/logo\/image\/\",\"url\":\"https:\/\/i0.wp.com\/fineshelf.com\/wp-content\/uploads\/2022\/06\/fineshelf-logo-black-background-simple.png?fit=500%2C128&ssl=1\",\"contentUrl\":\"https:\/\/i0.wp.com\/fineshelf.com\/wp-content\/uploads\/2022\/06\/fineshelf-logo-black-background-simple.png?fit=500%2C128&ssl=1\",\"width\":500,\"height\":128,\"caption\":\"Fineshelf AB\"},\"image\":{\"@id\":\"https:\/\/fineshelf.com\/sv\/#\/schema\/logo\/image\/\"}}]}<\/script>\n<!-- \/ Yoast SEO plugin. -->","yoast_head_json":{"title":"8 H\u00e5rda och mjuka presenter till kaffe\u00e4lskaren 2025 - Fineshelf.com","description":"Vi \u00e4r mitt inne i h\u00f6stm\u00f6rkret och julen b\u00f6rjar n\u00e4rma sig med stormsteg. F\u00f6rutom mysiga morgnar med en rykande kopp kaffe.","robots":{"index":"index","follow":"follow","max-snippet":"max-snippet:-1","max-image-preview":"max-image-preview:large","max-video-preview":"max-video-preview:-1"},"canonical":"https:\/\/fineshelf.com\/sv\/presenter\/kaffe\/","og_locale":"sv_SE","og_type":"article","og_title":"8 H\u00e5rda och mjuka presenter till kaffe\u00e4lskaren 2025 - Fineshelf.com","og_description":"Vi \u00e4r mitt inne i h\u00f6stm\u00f6rkret och julen b\u00f6rjar n\u00e4rma sig med stormsteg. F\u00f6rutom mysiga morgnar med en rykande kopp kaffe.","og_url":"https:\/\/fineshelf.com\/sv\/presenter\/kaffe\/","og_site_name":"Fineshelf.com","article_modified_time":"2025-03-28T15:28:51+00:00","og_image":[{"width":1080,"height":608,"url":"https:\/\/fineshelf.com\/wp-content\/uploads\/2022\/02\/kaffepresenter.jpg","type":"image\/jpeg"}],"twitter_card":"summary_large_image","twitter_misc":{"Ber\u00e4knad l\u00e4stid":"8 minuter"},"schema":{"@context":"https:\/\/schema.org","@graph":[{"@type":"WebPage","@id":"https:\/\/fineshelf.com\/sv\/presenter\/kaffe\/","url":"https:\/\/fineshelf.com\/sv\/presenter\/kaffe\/","name":"8 H\u00e5rda och mjuka presenter till kaffe\u00e4lskaren 2025 - Fineshelf.com","isPartOf":{"@id":"https:\/\/fineshelf.com\/sv\/#website"},"primaryImageOfPage":{"@id":"https:\/\/fineshelf.com\/sv\/presenter\/kaffe\/#primaryimage"},"image":{"@id":"https:\/\/fineshelf.com\/sv\/presenter\/kaffe\/#primaryimage"},"thumbnailUrl":"https:\/\/fineshelf.com\/wp-content\/uploads\/2022\/02\/kaffepresenter.jpg","datePublished":"2018-09-06T16:54:00+00:00","dateModified":"2025-03-28T15:28:51+00:00","description":"Vi \u00e4r mitt inne i h\u00f6stm\u00f6rkret och julen b\u00f6rjar n\u00e4rma sig med stormsteg. F\u00f6rutom mysiga morgnar med en rykande kopp kaffe.","breadcrumb":{"@id":"https:\/\/fineshelf.com\/sv\/presenter\/kaffe\/#breadcrumb"},"inLanguage":"sv-SE","potentialAction":[{"@type":"ReadAction","target":["https:\/\/fineshelf.com\/sv\/presenter\/kaffe\/"]}]},{"@type":"ImageObject","inLanguage":"sv-SE","@id":"https:\/\/fineshelf.com\/sv\/presenter\/kaffe\/#primaryimage","url":"https:\/\/fineshelf.com\/wp-content\/uploads\/2022\/02\/kaffepresenter.jpg","contentUrl":"https:\/\/fineshelf.com\/wp-content\/uploads\/2022\/02\/kaffepresenter.jpg","width":1080,"height":608,"caption":"Teaser kaffepresenter"},{"@type":"BreadcrumbList","@id":"https:\/\/fineshelf.com\/sv\/presenter\/kaffe\/#breadcrumb","itemListElement":[{"@type":"ListItem","position":1,"name":"Home","item":"https:\/\/fineshelf.com\/sv\/"},{"@type":"ListItem","position":2,"name":"Skicka presenter","item":"https:\/\/fineshelf.com\/sv\/presenter\/"},{"@type":"ListItem","position":3,"name":"8 H\u00e5rda och mjuka presenter till kaffe\u00e4lskaren 2025"}]},{"@type":"WebSite","@id":"https:\/\/fineshelf.com\/sv\/#website","url":"https:\/\/fineshelf.com\/sv\/","name":"Fineshelf.com","description":"FS","publisher":{"@id":"https:\/\/fineshelf.com\/sv\/#organization"},"potentialAction":[{"@type":"SearchAction","target":{"@type":"EntryPoint","urlTemplate":"https:\/\/fineshelf.com\/sv\/?s={search_term_string}"},"query-input":{"@type":"PropertyValueSpecification","valueRequired":true,"valueName":"search_term_string"}}],"inLanguage":"sv-SE"},{"@type":"Organization","@id":"https:\/\/fineshelf.com\/sv\/#organization","name":"Fineshelf AB","url":"https:\/\/fineshelf.com\/sv\/","logo":{"@type":"ImageObject","inLanguage":"sv-SE","@id":"https:\/\/fineshelf.com\/sv\/#\/schema\/logo\/image\/","url":"https:\/\/i0.wp.com\/fineshelf.com\/wp-content\/uploads\/2022\/06\/fineshelf-logo-black-background-simple.png?fit=500%2C128&ssl=1","contentUrl":"https:\/\/i0.wp.com\/fineshelf.com\/wp-content\/uploads\/2022\/06\/fineshelf-logo-black-background-simple.png?fit=500%2C128&ssl=1","width":500,"height":128,"caption":"Fineshelf AB"},"image":{"@id":"https:\/\/fineshelf.com\/sv\/#\/schema\/logo\/image\/"}}]}},"featured_image_src":"https:\/\/fineshelf.com\/wp-content\/uploads\/2022\/02\/kaffepresenter.jpg","featured_image_src_square":"https:\/\/fineshelf.com\/wp-content\/uploads\/2022\/02\/kaffepresenter.jpg","_links":{"self":[{"href":"https:\/\/fineshelf.com\/sv\/wp-json\/wp\/v2\/pages\/12928","targetHints":{"allow":["GET"]}}],"collection":[{"href":"https:\/\/fineshelf.com\/sv\/wp-json\/wp\/v2\/pages"}],"about":[{"href":"https:\/\/fineshelf.com\/sv\/wp-json\/wp\/v2\/types\/page"}],"author":[{"embeddable":true,"href":"https:\/\/fineshelf.com\/sv\/wp-json\/wp\/v2\/users\/1"}],"replies":[{"embeddable":true,"href":"https:\/\/fineshelf.com\/sv\/wp-json\/wp\/v2\/comments?post=12928"}],"version-history":[{"count":8,"href":"https:\/\/fineshelf.com\/sv\/wp-json\/wp\/v2\/pages\/12928\/revisions"}],"predecessor-version":[{"id":15775,"href":"https:\/\/fineshelf.com\/sv\/wp-json\/wp\/v2\/pages\/12928\/revisions\/15775"}],"up":[{"embeddable":true,"href":"https:\/\/fineshelf.com\/sv\/wp-json\/wp\/v2\/pages\/2195"}],"wp:featuredmedia":[{"embeddable":true,"href":"https:\/\/fineshelf.com\/sv\/wp-json\/wp\/v2\/media\/13677"}],"wp:attachment":[{"href":"https:\/\/fineshelf.com\/sv\/wp-json\/wp\/v2\/media?parent=12928"}],"curies":[{"name":"wp","href":"https:\/\/api.w.org\/{rel}","templated":true}]}}